{"id":99453,"date":"2022-10-03T13:24:48","date_gmt":"2022-10-03T11:24:48","guid":{"rendered":"https:\/\/www.green-solutions.info\/dados-do-projeto\/dados-do-projeto-para-o-projeto-de-ciclismo-de-arberland-2\/"},"modified":"2025-02-15T14:50:39","modified_gmt":"2025-02-15T13:50:39","slug":"dados-do-projeto-para-o-projeto-de-ciclismo-de-arberland-2","status":"publish","type":"page","link":"https:\/\/www.green-solutions.info\/pt-br\/sobre-nos\/dados-do-projeto\/dados-do-projeto-para-o-projeto-de-ciclismo-de-arberland-2\/","title":{"rendered":"Dados do projeto para o projeto de ciclismo de Arberland"},"content":{"rendered":"<div class=\"wpb-content-wrapper\"><p>[vc_row full_width=&#8221;stretch_row_content_no_spaces&#8221; equal_height=&#8221;yes&#8221; css=&#8221;.vc_custom_1736512494754{margin-bottom: 0px !important;padding-bottom: 0px !important;}&#8221; row_title=&#8221;Header 2025 Projekte&#8221;][vc_column disable_custom_paddings_mobile=&#8221;true&#8221; css=&#8221;.vc_custom_1739308969365{padding-right: 190px !important;padding-left: 70px !important;background: #323236 url(https:\/\/www.green-solutions.info\/wp-content\/uploads\/2025\/01\/Ourgs.png?id=81156) !important;background-position: center !important;background-repeat: no-repeat !important;background-size: contain !important;}&#8221; offset=&#8221;vc_col-md-6 vc_col-sm-offset-0&#8243; el_class=&#8221;verticalPageTitle&#8221;]<div class=\"clearboth\"><\/div><style>#thegem-divider-69f43a7bf1c49 {margin-top: 85px !important;}<\/style><div id=\"thegem-divider-69f43a7bf1c49\" class=\"gem-divider  \" style=\"\" ><\/div><div class=\"clearboth\"><\/div><style>#thegem-divider-69f43a7bf1ce5 {margin-top: 270px !important;}<\/style><div id=\"thegem-divider-69f43a7bf1ce5\" class=\"gem-divider  divider-hidden\" style=\"\" ><\/div>[vc_column_text css=&#8221;&#8221; css_animation=&#8221;bottom-to-top&#8221;]<\/p>\n<div class=\"title-xlarge\"><span style=\"color: #83bc1a;\">digital externo<\/span><br \/><span style=\"color: #ffdf48;\"><span style=\"color: #ffffff;\">Dados do projeto<br \/><\/span><\/span><\/div>\n<p>[\/vc_column_text]<div class=\"clearboth\"><\/div><style>#thegem-divider-69f43a7bf1d24 {margin-top: 40px !important;}<\/style><div id=\"thegem-divider-69f43a7bf1d24\" class=\"gem-divider  \" style=\"\" ><\/div>[vc_column_text css=&#8221;&#8221; css_animation=&#8221;bottom-to-top&#8221;]<\/p>\n<div class=\"styled-subtitle\"><span style=\"color: #ffffff;\">Aqui voc\u00ea tem acesso aos dados do seu projeto.<\/span><\/div>\n<p>[\/vc_column_text]<div class=\"clearboth\"><\/div><style>#thegem-divider-69f43a7bf1d5a {margin-top: 90px !important;}<\/style><div id=\"thegem-divider-69f43a7bf1d5a\" class=\"gem-divider  \" style=\"\" ><\/div>[\/vc_column][vc_column css=&#8221;.vc_custom_1736506672358{background-image: url(https:\/\/www.green-solutions.info\/wp-content\/uploads\/2025\/01\/projekt-header.jpg?id=81124) !important;background-position: center !important;background-repeat: no-repeat !important;background-size: cover !important;}&#8221; offset=&#8221;vc_col-md-6&#8243;]<div class=\"clearboth\"><\/div><style>#thegem-divider-69f43a7bf1d8d {margin-top: 500px !important;}<\/style><div id=\"thegem-divider-69f43a7bf1d8d\" class=\"gem-divider  \" style=\"\" ><\/div>[\/vc_column][\/vc_row][vc_row][vc_column]<div class=\"clearboth\"><\/div><style>#thegem-divider-69f43a7bf1dbe {margin-top: 50px !important;}<\/style><div id=\"thegem-divider-69f43a7bf1dbe\" class=\"gem-divider  divider-hidden\" style=\"\" ><\/div>[vc_text_separator title=&#8221;Projetos em andamento&#8221;][\/vc_column][\/vc_row][vc_row][vc_column width=&#8221;1\/4&#8243;][vc_single_image image=&#8221;39295&#8243;][\/vc_column][vc_column width=&#8221;3\/4&#8243;][vc_custom_heading text=&#8221;Projeto de ciclismo em Arberland&#8221; font_container=&#8221;tag:h1|text_align:left&#8221; google_fonts=&#8221;font_family:Montserrat%20UltraLight%3Aregular|font_style:400%20regular%3A400%3Anormal&#8221;][vc_column_text]Aqui voc\u00ea encontrar\u00e1 os documentos atuais de status do projeto. Se voc\u00ea tiver alguma d\u00favida ou problema, entre em contato conosco. <\/p>\n<p>E-mail do projeto: <strong>rad-arberland@green-solutions.info<\/strong>[\/vc_column_text][vc_separator][\/vc_column][\/vc_row][vc_row][vc_column width=&#8221;1\/4&#8243;][vc_column_text css=&#8221;&#8221;]<\/p>\n<h2 class=\"title-h2\"><strong>Agosto de 2024<\/strong><\/h2>\n<p>Arquivos PDF de localiza\u00e7\u00e3o para aprova\u00e7\u00e3o de sinaliza\u00e7\u00e3o[\/vc_column_text][\/vc_column][vc_column width=&#8221;3\/4&#8243;][vc_custom_heading text=&#8221;Arquivos PDF de localiza\u00e7\u00e3o para aprova\u00e7\u00e3o de sinaliza\u00e7\u00e3o&#8221; google_fonts=&#8221;font_family:Montserrat%20UltraLight%3Aregular|font_style:400%20regular%3A400%3Anormal&#8221; css=&#8221;&#8221;]<div class=\"gem-button-container gem-button-position-inline thegem-button-69f43a7bf1eb07396    \"  ><a class=\"gem-button gem-button-size-small gem-button-style-flat gem-button-text-weight-normal gem-button-no-uppercase\" data-ll-effect=\"drop-right-without-wrap\" style=\"border-radius: 3px;\" onmouseleave=\"\" onmouseenter=\"\" href=\"https:\/\/www.green-solutions.info\/kontakt\/projektdaten\/projektdaten-radprojekt-arberland-beschilderungsfreigabe\/\" target=\"_self\">Localiza\u00e7\u00e3o dos arquivos PDF 2024<\/a><\/div> [\/vc_column][\/vc_row][vc_row][vc_column][vc_separator][\/vc_column][\/vc_row][vc_row][vc_column width=&#8221;1\/4&#8243;][vc_column_text]<\/p>\n<h2 class=\"title-h2\"><strong>Autoridades especializadas<\/strong><\/h2>\n<p>Lotes para as autoridades especializadas aprovarem o acesso[\/vc_column_text][\/vc_column][vc_column width=&#8221;3\/4&#8243;][vc_custom_heading text=&#8221;Lotes de autoridades especializadas para aprova\u00e7\u00e3o de acesso&#8221; google_fonts=&#8221;font_family:Montserrat%20UltraLight%3Aregular|font_style:400%20regular%3A400%3Anormal&#8221;]<div class=\"gem-button-container gem-button-position-inline thegem-button-69f43a7bf1f726066    \"  ><a class=\"gem-button gem-button-size-small gem-button-style-flat gem-button-text-weight-normal gem-button-no-uppercase\" data-ll-effect=\"drop-right-without-wrap\" style=\"border-radius: 3px;\" onmouseleave=\"\" onmouseenter=\"\" href=\"https:\/\/www.green-solutions.info\/kontakt\/projektdaten\/projektdaten-radprojekt-arberland-fachbehoerden\/\" target=\"_self\">Lotes de autoridades especializadas em 2024<\/a><\/div> [\/vc_column][\/vc_row][vc_row][vc_column][vc_separator][\/vc_column][\/vc_row][vc_row][vc_column width=&#8221;1\/4&#8243;][vc_column_text]<\/p>\n<h2 class=\"title-h2\"><strong>Mar\u00e7o de 2023<\/strong><\/h2>\n<p>Lotes municipais para aprova\u00e7\u00e3o de acesso[\/vc_column_text][\/vc_column][vc_column width=&#8221;3\/4&#8243;][vc_custom_heading text=&#8221;Lotes municipais para aprova\u00e7\u00e3o de acesso&#8221; google_fonts=&#8221;font_family:Montserrat%20UltraLight%3Aregular|font_style:400%20regular%3A400%3Anormal&#8221;]<div class=\"gem-button-container gem-button-position-inline thegem-button-69f43a7bf20051893    \"  ><a class=\"gem-button gem-button-size-small gem-button-style-flat gem-button-text-weight-normal gem-button-no-uppercase\" data-ll-effect=\"drop-right-without-wrap\" style=\"border-radius: 3px;\" onmouseleave=\"\" onmouseenter=\"\" href=\"https:\/\/www.green-solutions.info\/kontakt\/projektdaten\/projektdaten-radprojekt-arberland-befahrungsfreigabe\/\" target=\"_self\">Lotes comunit\u00e1rios Mar\u00e7o de 2023<\/a><\/div> [\/vc_column][\/vc_row][vc_row][vc_column][vc_separator][\/vc_column][\/vc_row][vc_row][vc_column width=&#8221;1\/4&#8243;][vc_column_text]<\/p>\n<h2><strong>Dezembro de 2022<\/strong><\/h2>\n<p>An\u00e1lise de invent\u00e1rio \/ prepara\u00e7\u00e3o de workshops comunit\u00e1rios[\/vc_column_text][\/vc_column][vc_column width=&#8221;3\/4&#8243;][vc_custom_heading text=&#8221;An\u00e1lise de invent\u00e1rio \/ prepara\u00e7\u00e3o de workshops comunit\u00e1rios&#8221; google_fonts=&#8221;font_family:Montserrat%20UltraLight%3Aregular|font_style:400%20regular%3A400%3Anormal&#8221;][vc_column_text]Aqui voc\u00ea encontrar\u00e1 os documentos sobre o status do projeto para dezembro de 2022. Os dados s\u00e3o destinados \u00e0 prepara\u00e7\u00e3o dos workshops da comunidade. Fa\u00e7a o download e passe as informa\u00e7\u00f5es e os dados para seus especialistas em ciclismo para os workshops.[\/vc_column_text]<div class=\"gem-button-container gem-button-position-inline thegem-button-69f43a7bf20885750    \"  ><a class=\"gem-button gem-button-size-small gem-button-style-flat gem-button-text-weight-normal gem-button-no-uppercase\" data-ll-effect=\"drop-right-without-wrap\" style=\"border-radius: 3px;\" onmouseleave=\"\" onmouseenter=\"\" href=\"https:\/\/www.green-solutions.info\/kontakt\/projektdaten\/projektdaten-radprojekt-arberland-bestandsanalyse\/\" target=\"_self\">at\u00e9 as parcelas de dezembro de 2022<\/a><\/div> [\/vc_column][\/vc_row]<\/p>\n<\/div>","protected":false},"excerpt":{"rendered":"<p>[vc_row full_width=&#8221;stretch_row_content_no_spaces&#8221; equal_height=&#8221;yes&#8221; css=&#8221;.vc_custom_1736512494754{margin-bottom: 0px !important;padding-bottom: 0px !important;}&#8221; row_title=&#8221;Header 2025 Projekte&#8221;][vc_column disable_custom_paddings_mobile=&#8221;true&#8221; css=&#8221;.vc_custom_1739308969365{padding-right: 190px !important;padding-left: 70px !important;background: #323236 url(https:\/\/www.green-solutions.info\/wp-content\/uploads\/2025\/01\/Ourgs.png?id=81156) !important;background-position:&#8230;<\/p>\n","protected":false},"author":1,"featured_media":0,"parent":98050,"menu_order":41,"comment_status":"closed","ping_status":"closed","template":"","meta":{"om_disable_all_campaigns":false,"_monsterinsights_skip_tracking":false,"_monsterinsights_sitenote_active":false,"_monsterinsights_sitenote_note":"","_monsterinsights_sitenote_category":0,"footnotes":""},"categories":[1279,1273,1274],"tags":[],"class_list":{"0":"post-99453","1":"page","2":"type-page","3":"status-publish","5":"category-projeto-2025","6":"category-projeto-2025-incompleto","7":"category-solucoes-ecologicas"},"aioseo_notices":[],"_links":{"self":[{"href":"https:\/\/www.green-solutions.info\/pt-br\/wp-json\/wp\/v2\/pages\/99453","targetHints":{"allow":["GET"]}}],"collection":[{"href":"https:\/\/www.green-solutions.info\/pt-br\/wp-json\/wp\/v2\/pages"}],"about":[{"href":"https:\/\/www.green-solutions.info\/pt-br\/wp-json\/wp\/v2\/types\/page"}],"author":[{"embeddable":true,"href":"https:\/\/www.green-solutions.info\/pt-br\/wp-json\/wp\/v2\/users\/1"}],"replies":[{"embeddable":true,"href":"https:\/\/www.green-solutions.info\/pt-br\/wp-json\/wp\/v2\/comments?post=99453"}],"version-history":[{"count":0,"href":"https:\/\/www.green-solutions.info\/pt-br\/wp-json\/wp\/v2\/pages\/99453\/revisions"}],"up":[{"embeddable":true,"href":"https:\/\/www.green-solutions.info\/pt-br\/wp-json\/wp\/v2\/pages\/98050"}],"wp:attachment":[{"href":"https:\/\/www.green-solutions.info\/pt-br\/wp-json\/wp\/v2\/media?parent=99453"}],"wp:term":[{"taxonomy":"category","embeddable":true,"href":"https:\/\/www.green-solutions.info\/pt-br\/wp-json\/wp\/v2\/categories?post=99453"},{"taxonomy":"post_tag","embeddable":true,"href":"https:\/\/www.green-solutions.info\/pt-br\/wp-json\/wp\/v2\/tags?post=99453"}],"curies":[{"name":"wp","href":"https:\/\/api.w.org\/{rel}","templated":true}]}}