{"id":98619,"date":"2019-06-03T22:06:31","date_gmt":"2019-06-03T20:06:31","guid":{"rendered":"https:\/\/www.green-solutions.info\/dados-do-projeto\/dados-do-projeto-para-o-projeto-de-ciclismo-straubing-bogen\/"},"modified":"2025-02-15T14:47:18","modified_gmt":"2025-02-15T13:47:18","slug":"dados-do-projeto-para-o-projeto-de-ciclismo-straubing-bogen","status":"publish","type":"page","link":"https:\/\/www.green-solutions.info\/pt-br\/sobre-nos\/dados-do-projeto\/dados-do-projeto-para-o-projeto-de-ciclismo-straubing-bogen\/","title":{"rendered":"Dados do projeto para o projeto de ciclismo Straubing-Bogen"},"content":{"rendered":"<div class=\"wpb-content-wrapper\"><p>[vc_row][vc_column width=&#8221;1\/4&#8243;][vc_single_image image=&#8221;31084&#8243;][\/vc_column][vc_column width=&#8221;3\/4&#8243;][vc_custom_heading text=&#8221;Dados do projeto&#8221; google_fonts=&#8221;font_family:Droid%20Sans%3Aregular%2C700|font_style:700%20bold%20regular%3A700%3Anormal&#8221;][vc_column_text]Aqui voc\u00ea encontrar\u00e1 os documentos atuais sobre o status do projeto.[\/vc_column_text][vc_separator][\/vc_column][\/vc_row][vc_row][vc_column width=&#8221;1\/4&#8243;][vc_custom_heading text=&#8221;<br \/>\nStatus do projeto: B\u00e1sico&#8221; font_container=&#8221;tag:h3|text_align:left&#8221; google_fonts=&#8221;font_family:Droid%20Sans%3Aregular%2C700|font_style:700%20bold%20regular%3A700%3Anormal&#8221;][\/vc_column][vc_column width=&#8221;3\/4&#8243;][vc_column_text]Os mapas cont\u00eam todos os dados atualmente dispon\u00edveis sobre ciclovias no distrito de Straubing-Bogen. Algumas das ciclovias mostradas n\u00e3o corresponder\u00e3o \u00e0 situa\u00e7\u00e3o atual no local. As plotagens servem para corrigir e complementar a base de dados e como prepara\u00e7\u00e3o para as reuni\u00f5es no local planejadas para julho.[\/vc_column_text][vc_column_text]<div class='w3eden wpdm_packages_shortcode'>\n    <div class=''>\n\n        \n        <div id=\"content_wpdm_package_1\">\n            <div class='row'><div class='col-lg-12 col-md-6 col-6'><!-- WPDM Link Template: Call to Action 3 -->\n\n<div class=\"well c2a3\">\n    <div class=\"media\">\n        <div class=\"mr-3\" align=\"left\">\n            <img class=\"wpdm_icon\" alt=\"\u00edcone\"   src=\"https:\/\/www.green-solutions.info\/wp-content\/plugins\/download-manager\/assets\/file-type-icons\/pdf.svg\" \/>\n        <\/div>\n        <div class=\"media-body\">\n            <h3 class=\"media-heading\" style=\"padding-top: 0px;border:0px;margin: 0 0 5px 0;font-size:12pt;\">\n                <a style=\"font-weight: 700\" href=\"https:\/\/www.green-solutions.info\/pt-br\/download\/straubing-bogen-thementouren-nord-mai-2020\/\">Straubing-Bogen Thementouren Nord Mai 2020<\/a>\n                <span style=\"font-size:8pt;font-weight:300\" class=\"text-muted ml-4\">\n                    <i class=\"fas fa-hdd mr-1\"><\/i> 77.08 MB\n                    <i class=\"ml-3 far fa-arrow-alt-circle-down mr-1\"><\/i> 15 downloads\n                <\/span>\n            <\/h3>\n            ...\n        <\/div>\n        <div class=\"ml-3\" align=\"right\">\n            <a class='wpdm-download-link download-on-click btn btn-primary btn-sm'  rel='nofollow' href='#' data-downloadurl=\"https:\/\/www.green-solutions.info\/pt-br\/download\/straubing-bogen-thementouren-nord-mai-2020\/?wpdmdl=35126&refresh=69f3ccb19cc921777585329\">Download<\/a>\n        <\/div>\n    <\/div>\n\n<\/div>\n<style>\n    .well.c2a3 .btn {\n        padding: 11px 30px;\n        font-size: 11pt;\n    }\n\n    .well.c2a3 .media-body {\n        font-size: 11pt;\n    }\n\n    .well.c2a3 .wpdm_icon {\n        height: 42px;\n        width: auto;\n    }<\/style>\n<\/div><div class='col-lg-12 col-md-6 col-6'><!-- WPDM Link Template: Call to Action 3 -->\n\n<div class=\"well c2a3\">\n    <div class=\"media\">\n        <div class=\"mr-3\" align=\"left\">\n            <img class=\"wpdm_icon\" alt=\"\u00edcone\"   src=\"https:\/\/www.green-solutions.info\/wp-content\/plugins\/download-manager\/assets\/file-type-icons\/pdf.svg\" \/>\n        <\/div>\n        <div class=\"media-body\">\n            <h3 class=\"media-heading\" style=\"padding-top: 0px;border:0px;margin: 0 0 5px 0;font-size:12pt;\">\n                <a style=\"font-weight: 700\" href=\"https:\/\/www.green-solutions.info\/pt-br\/download\/straubing-bogen-thementouren-sued-mai-2020\/\">Straubing-Bogen Thementouren S\u00fcd Mai 2020<\/a>\n                <span style=\"font-size:8pt;font-weight:300\" class=\"text-muted ml-4\">\n                    <i class=\"fas fa-hdd mr-1\"><\/i> 68.95 MB\n                    <i class=\"ml-3 far fa-arrow-alt-circle-down mr-1\"><\/i> 10 downloads\n                <\/span>\n            <\/h3>\n            ...\n        <\/div>\n        <div class=\"ml-3\" align=\"right\">\n            <a class='wpdm-download-link download-on-click btn btn-primary btn-sm'  rel='nofollow' href='#' data-downloadurl=\"https:\/\/www.green-solutions.info\/pt-br\/download\/straubing-bogen-thementouren-sued-mai-2020\/?wpdmdl=35124&refresh=69f3ccb19ef941777585329\">Download<\/a>\n        <\/div>\n    <\/div>\n\n<\/div>\n<style>\n    .well.c2a3 .btn {\n        padding: 11px 30px;\n        font-size: 11pt;\n    }\n\n    .well.c2a3 .media-body {\n        font-size: 11pt;\n    }\n\n    .well.c2a3 .wpdm_icon {\n        height: 42px;\n        width: auto;\n    }<\/style>\n<\/div><div class='col-lg-12 col-md-6 col-6'><!-- WPDM Link Template: Call to Action 3 -->\n\n<div class=\"well c2a3\">\n    <div class=\"media\">\n        <div class=\"mr-3\" align=\"left\">\n            <img class=\"wpdm_icon\" alt=\"\u00edcone\"   src=\"https:\/\/www.green-solutions.info\/wp-content\/plugins\/download-manager\/assets\/file-type-icons\/pdf.svg\" \/>\n        <\/div>\n        <div class=\"media-body\">\n            <h3 class=\"media-heading\" style=\"padding-top: 0px;border:0px;margin: 0 0 5px 0;font-size:12pt;\">\n                <a style=\"font-weight: 700\" href=\"https:\/\/www.green-solutions.info\/pt-br\/download\/stadt-straubing-10032020\/\">Stadt Straubing 10032020<\/a>\n                <span style=\"font-size:8pt;font-weight:300\" class=\"text-muted ml-4\">\n                    <i class=\"fas fa-hdd mr-1\"><\/i> 31.24 MB\n                    <i class=\"ml-3 far fa-arrow-alt-circle-down mr-1\"><\/i> 11 downloads\n                <\/span>\n            <\/h3>\n            ...\n        <\/div>\n        <div class=\"ml-3\" align=\"right\">\n            <a class='wpdm-download-link download-on-click btn btn-primary btn-sm'  rel='nofollow' href='#' data-downloadurl=\"https:\/\/www.green-solutions.info\/pt-br\/download\/stadt-straubing-10032020\/?wpdmdl=34653&refresh=69f3ccb1a0dd81777585329\">Download<\/a>\n        <\/div>\n    <\/div>\n\n<\/div>\n<style>\n    .well.c2a3 .btn {\n        padding: 11px 30px;\n        font-size: 11pt;\n    }\n\n    .well.c2a3 .media-body {\n        font-size: 11pt;\n    }\n\n    .well.c2a3 .wpdm_icon {\n        height: 42px;\n        width: auto;\n    }<\/style>\n<\/div><div class='col-lg-12 col-md-6 col-6'><!-- WPDM Link Template: Call to Action 3 -->\n\n<div class=\"well c2a3\">\n    <div class=\"media\">\n        <div class=\"mr-3\" align=\"left\">\n            <img class=\"wpdm_icon\" alt=\"\u00edcone\"   src=\"https:\/\/www.green-solutions.info\/wp-content\/plugins\/download-manager\/assets\/file-type-icons\/pdf.svg\" \/>\n        <\/div>\n        <div class=\"media-body\">\n            <h3 class=\"media-heading\" style=\"padding-top: 0px;border:0px;margin: 0 0 5px 0;font-size:12pt;\">\n                <a style=\"font-weight: 700\" href=\"https:\/\/www.green-solutions.info\/pt-br\/download\/gemeinde-strasskirchen-sued\/\">Gemeinde Stra\u00dfkirchen - S\u00fcd<\/a>\n                <span style=\"font-size:8pt;font-weight:300\" class=\"text-muted ml-4\">\n                    <i class=\"fas fa-hdd mr-1\"><\/i> 17.34 MB\n                    <i class=\"ml-3 far fa-arrow-alt-circle-down mr-1\"><\/i> 7 downloads\n                <\/span>\n            <\/h3>\n            ...\n        <\/div>\n        <div class=\"ml-3\" align=\"right\">\n            <a class='wpdm-download-link download-on-click btn btn-primary btn-sm'  rel='nofollow' href='#' data-downloadurl=\"https:\/\/www.green-solutions.info\/pt-br\/download\/gemeinde-strasskirchen-sued\/?wpdmdl=31683&refresh=69f3ccb1a2f4a1777585329\">Download<\/a>\n        <\/div>\n    <\/div>\n\n<\/div>\n<style>\n    .well.c2a3 .btn {\n        padding: 11px 30px;\n        font-size: 11pt;\n    }\n\n    .well.c2a3 .media-body {\n        font-size: 11pt;\n    }\n\n    .well.c2a3 .wpdm_icon {\n        height: 42px;\n        width: auto;\n    }<\/style>\n<\/div><div class='col-lg-12 col-md-6 col-6'><!-- WPDM Link Template: Call to Action 3 -->\n\n<div class=\"well c2a3\">\n    <div class=\"media\">\n        <div class=\"mr-3\" align=\"left\">\n            <img class=\"wpdm_icon\" alt=\"\u00edcone\"   src=\"https:\/\/www.green-solutions.info\/wp-content\/plugins\/download-manager\/assets\/file-type-icons\/pdf.svg\" \/>\n        <\/div>\n        <div class=\"media-body\">\n            <h3 class=\"media-heading\" style=\"padding-top: 0px;border:0px;margin: 0 0 5px 0;font-size:12pt;\">\n                <a style=\"font-weight: 700\" href=\"https:\/\/www.green-solutions.info\/pt-br\/download\/stadt-straubing-20112019\/\">Stadt Straubing 20112019<\/a>\n                <span style=\"font-size:8pt;font-weight:300\" class=\"text-muted ml-4\">\n                    <i class=\"fas fa-hdd mr-1\"><\/i> 32.42 MB\n                    <i class=\"ml-3 far fa-arrow-alt-circle-down mr-1\"><\/i> 11 downloads\n                <\/span>\n            <\/h3>\n            ...\n        <\/div>\n        <div class=\"ml-3\" align=\"right\">\n            <a class='wpdm-download-link download-on-click btn btn-primary btn-sm'  rel='nofollow' href='#' data-downloadurl=\"https:\/\/www.green-solutions.info\/pt-br\/download\/stadt-straubing-20112019\/?wpdmdl=31681&refresh=69f3ccb1a56a81777585329\">Download<\/a>\n        <\/div>\n    <\/div>\n\n<\/div>\n<style>\n    .well.c2a3 .btn {\n        padding: 11px 30px;\n        font-size: 11pt;\n    }\n\n    .well.c2a3 .media-body {\n        font-size: 11pt;\n    }\n\n    .well.c2a3 .wpdm_icon {\n        height: 42px;\n        width: auto;\n    }<\/style>\n<\/div><div class='col-lg-12 col-md-6 col-6'><!-- WPDM Link Template: Call to Action 3 -->\n\n<div class=\"well c2a3\">\n    <div class=\"media\">\n        <div class=\"mr-3\" align=\"left\">\n            <img class=\"wpdm_icon\" alt=\"\u00edcone\"   src=\"https:\/\/www.green-solutions.info\/wp-content\/plugins\/download-manager\/assets\/file-type-icons\/pdf.svg\" \/>\n        <\/div>\n        <div class=\"media-body\">\n            <h3 class=\"media-heading\" style=\"padding-top: 0px;border:0px;margin: 0 0 5px 0;font-size:12pt;\">\n                <a style=\"font-weight: 700\" href=\"https:\/\/www.green-solutions.info\/pt-br\/download\/gemeinde-parkstetten-abschnitte-wasserwirtschaftsamt\/\">Gemeinde Parkstetten - Abschnitte Wasserwirtschaftsamt<\/a>\n                <span style=\"font-size:8pt;font-weight:300\" class=\"text-muted ml-4\">\n                    <i class=\"fas fa-hdd mr-1\"><\/i> 25.28 MB\n                    <i class=\"ml-3 far fa-arrow-alt-circle-down mr-1\"><\/i> 10 downloads\n                <\/span>\n            <\/h3>\n            ...\n        <\/div>\n        <div class=\"ml-3\" align=\"right\">\n            <a class='wpdm-download-link download-on-click btn btn-primary btn-sm'  rel='nofollow' href='#' data-downloadurl=\"https:\/\/www.green-solutions.info\/pt-br\/download\/gemeinde-parkstetten-abschnitte-wasserwirtschaftsamt\/?wpdmdl=31679&refresh=69f3ccb1a7c7c1777585329\">Download<\/a>\n        <\/div>\n    <\/div>\n\n<\/div>\n<style>\n    .well.c2a3 .btn {\n        padding: 11px 30px;\n        font-size: 11pt;\n    }\n\n    .well.c2a3 .media-body {\n        font-size: 11pt;\n    }\n\n    .well.c2a3 .wpdm_icon {\n        height: 42px;\n        width: auto;\n    }<\/style>\n<\/div><div class='col-lg-12 col-md-6 col-6'><!-- WPDM Link Template: Call to Action 3 -->\n\n<div class=\"well c2a3\">\n    <div class=\"media\">\n        <div class=\"mr-3\" align=\"left\">\n            <img class=\"wpdm_icon\" alt=\"\u00edcone\"   src=\"https:\/\/www.green-solutions.info\/wp-content\/plugins\/download-manager\/assets\/file-type-icons\/pdf.svg\" \/>\n        <\/div>\n        <div class=\"media-body\">\n            <h3 class=\"media-heading\" style=\"padding-top: 0px;border:0px;margin: 0 0 5px 0;font-size:12pt;\">\n                <a style=\"font-weight: 700\" href=\"https:\/\/www.green-solutions.info\/pt-br\/download\/gemeinden-mariaposching-niederwinkling-abschnitte-wasserwirtschaftsamt\/\">Gemeinden Mariaposching Niederwinkling - Abschnitte Wasserwirtschaftsamt<\/a>\n                <span style=\"font-size:8pt;font-weight:300\" class=\"text-muted ml-4\">\n                    <i class=\"fas fa-hdd mr-1\"><\/i> 21.12 MB\n                    <i class=\"ml-3 far fa-arrow-alt-circle-down mr-1\"><\/i> 7 downloads\n                <\/span>\n            <\/h3>\n            ...\n        <\/div>\n        <div class=\"ml-3\" align=\"right\">\n            <a class='wpdm-download-link download-on-click btn btn-primary btn-sm'  rel='nofollow' href='#' data-downloadurl=\"https:\/\/www.green-solutions.info\/pt-br\/download\/gemeinden-mariaposching-niederwinkling-abschnitte-wasserwirtschaftsamt\/?wpdmdl=31677&refresh=69f3ccb1aa1db1777585329\">Download<\/a>\n        <\/div>\n    <\/div>\n\n<\/div>\n<style>\n    .well.c2a3 .btn {\n        padding: 11px 30px;\n        font-size: 11pt;\n    }\n\n    .well.c2a3 .media-body {\n        font-size: 11pt;\n    }\n\n    .well.c2a3 .wpdm_icon {\n        height: 42px;\n        width: auto;\n    }<\/style>\n<\/div><div class='col-lg-12 col-md-6 col-6'><!-- WPDM Link Template: Call to Action 3 -->\n\n<div class=\"well c2a3\">\n    <div class=\"media\">\n        <div class=\"mr-3\" align=\"left\">\n            <img class=\"wpdm_icon\" alt=\"\u00edcone\"   src=\"https:\/\/www.green-solutions.info\/wp-content\/plugins\/download-manager\/assets\/file-type-icons\/pdf.svg\" \/>\n        <\/div>\n        <div class=\"media-body\">\n            <h3 class=\"media-heading\" style=\"padding-top: 0px;border:0px;margin: 0 0 5px 0;font-size:12pt;\">\n                <a style=\"font-weight: 700\" href=\"https:\/\/www.green-solutions.info\/pt-br\/download\/gemeinde-kirchroth-abschnitte-wasserwirtschaftsamt\/\">Gemeinde Kirchroth - Abschnitte Wasserwirtschaftsamt<\/a>\n                <span style=\"font-size:8pt;font-weight:300\" class=\"text-muted ml-4\">\n                    <i class=\"fas fa-hdd mr-1\"><\/i> 23.16 MB\n                    <i class=\"ml-3 far fa-arrow-alt-circle-down mr-1\"><\/i> 7 downloads\n                <\/span>\n            <\/h3>\n            ...\n        <\/div>\n        <div class=\"ml-3\" align=\"right\">\n            <a class='wpdm-download-link download-on-click btn btn-primary btn-sm'  rel='nofollow' href='#' data-downloadurl=\"https:\/\/www.green-solutions.info\/pt-br\/download\/gemeinde-kirchroth-abschnitte-wasserwirtschaftsamt\/?wpdmdl=31675&refresh=69f3ccb1ac5941777585329\">Download<\/a>\n        <\/div>\n    <\/div>\n\n<\/div>\n<style>\n    .well.c2a3 .btn {\n        padding: 11px 30px;\n        font-size: 11pt;\n    }\n\n    .well.c2a3 .media-body {\n        font-size: 11pt;\n    }\n\n    .well.c2a3 .wpdm_icon {\n        height: 42px;\n        width: auto;\n    }<\/style>\n<\/div><div class='col-lg-12 col-md-6 col-6'><!-- WPDM Link Template: Call to Action 3 -->\n\n<div class=\"well c2a3\">\n    <div class=\"media\">\n        <div class=\"mr-3\" align=\"left\">\n            <img class=\"wpdm_icon\" alt=\"\u00edcone\"   src=\"https:\/\/www.green-solutions.info\/wp-content\/plugins\/download-manager\/assets\/file-type-icons\/pdf.svg\" \/>\n        <\/div>\n        <div class=\"media-body\">\n            <h3 class=\"media-heading\" style=\"padding-top: 0px;border:0px;margin: 0 0 5px 0;font-size:12pt;\">\n                <a style=\"font-weight: 700\" href=\"https:\/\/www.green-solutions.info\/pt-br\/download\/gemeinde-irlbach-abschnitte-wasserwirtschaftsamt\/\">Gemeinde Irlbach - Abschnitte Wasserwirtschaftsamt<\/a>\n                <span style=\"font-size:8pt;font-weight:300\" class=\"text-muted ml-4\">\n                    <i class=\"fas fa-hdd mr-1\"><\/i> 20.61 MB\n                    <i class=\"ml-3 far fa-arrow-alt-circle-down mr-1\"><\/i> 6 downloads\n                <\/span>\n            <\/h3>\n            ...\n        <\/div>\n        <div class=\"ml-3\" align=\"right\">\n            <a class='wpdm-download-link download-on-click btn btn-primary btn-sm'  rel='nofollow' href='#' data-downloadurl=\"https:\/\/www.green-solutions.info\/pt-br\/download\/gemeinde-irlbach-abschnitte-wasserwirtschaftsamt\/?wpdmdl=31673&refresh=69f3ccb1ae98e1777585329\">Download<\/a>\n        <\/div>\n    <\/div>\n\n<\/div>\n<style>\n    .well.c2a3 .btn {\n        padding: 11px 30px;\n        font-size: 11pt;\n    }\n\n    .well.c2a3 .media-body {\n        font-size: 11pt;\n    }\n\n    .well.c2a3 .wpdm_icon {\n        height: 42px;\n        width: auto;\n    }<\/style>\n<\/div><div class='col-lg-12 col-md-6 col-6'><!-- WPDM Link Template: Call to Action 3 -->\n\n<div class=\"well c2a3\">\n    <div class=\"media\">\n        <div class=\"mr-3\" align=\"left\">\n            <img class=\"wpdm_icon\" alt=\"\u00edcone\"   src=\"https:\/\/www.green-solutions.info\/wp-content\/plugins\/download-manager\/assets\/file-type-icons\/pdf.svg\" \/>\n        <\/div>\n        <div class=\"media-body\">\n            <h3 class=\"media-heading\" style=\"padding-top: 0px;border:0px;margin: 0 0 5px 0;font-size:12pt;\">\n                <a style=\"font-weight: 700\" href=\"https:\/\/www.green-solutions.info\/pt-br\/download\/gemeinde-bogen-abschnitte-wasserwirtschaftsamt\/\">Gemeinde Bogen - Abschnitte Wasserwirtschaftsamt<\/a>\n                <span style=\"font-size:8pt;font-weight:300\" class=\"text-muted ml-4\">\n                    <i class=\"fas fa-hdd mr-1\"><\/i> 29.14 MB\n                    <i class=\"ml-3 far fa-arrow-alt-circle-down mr-1\"><\/i> 21 downloads\n                <\/span>\n            <\/h3>\n            ...\n        <\/div>\n        <div class=\"ml-3\" align=\"right\">\n            <a class='wpdm-download-link download-on-click btn btn-primary btn-sm'  rel='nofollow' href='#' data-downloadurl=\"https:\/\/www.green-solutions.info\/pt-br\/download\/gemeinde-bogen-abschnitte-wasserwirtschaftsamt\/?wpdmdl=31671&refresh=69f3ccb1b0e181777585329\">Download<\/a>\n        <\/div>\n    <\/div>\n\n<\/div>\n<style>\n    .well.c2a3 .btn {\n        padding: 11px 30px;\n        font-size: 11pt;\n    }\n\n    .well.c2a3 .media-body {\n        font-size: 11pt;\n    }\n\n    .well.c2a3 .wpdm_icon {\n        height: 42px;\n        width: auto;\n    }<\/style>\n<\/div><\/div>            <div style='clear:both'><\/div><div class='text-center'><ul class='pagination wpdm-pagination pagination-centered text-center'><li><span aria-current=\"page\" class=\"page-numbers current\">1<\/span><\/li><li><a  data-container='#content_wpdm_package_1' class=\"page-numbers\" href=\"https:\/\/www.green-solutions.info\/pt-br\/wp-json\/wp\/v2\/pages\/98619\/?cp=2\">2<\/a><\/li><li><a  data-container='#content_wpdm_package_1' class=\"page-numbers\" href=\"https:\/\/www.green-solutions.info\/pt-br\/wp-json\/wp\/v2\/pages\/98619\/?cp=3\">3<\/a><\/li><li><span class=\"page-numbers dots\">&hellip;<\/span><\/li><li><a  data-container='#content_wpdm_package_1' class=\"page-numbers\" href=\"https:\/\/www.green-solutions.info\/pt-br\/wp-json\/wp\/v2\/pages\/98619\/?cp=5\">5<\/a><\/li><li><a  data-container='#content_wpdm_package_1' class=\"page-numbers\" href=\"https:\/\/www.green-solutions.info\/pt-br\/wp-json\/wp\/v2\/pages\/98619\/?cp=6\">6<\/a><\/li><li><a  data-container='#content_wpdm_package_1' class=\"next page-numbers\" href=\"https:\/\/www.green-solutions.info\/pt-br\/wp-json\/wp\/v2\/pages\/98619\/?cp=2\"> <i style=\"display: inline-block;width: 8px;height: 8px;border-right: 2px solid;border-top: 2px solid;transform: rotate(45deg);margin-left: -2px;margin-top: -2px;\"><\/i> <\/a><\/li><\/ul><\/div><div style='clear:both'><\/div>        <\/div>\n\n        <div style='clear:both'><\/div>\n    <\/div>\n<\/div>\n[\/vc_column_text][vc_separator][\/vc_column][\/vc_row]<\/p>\n<\/div>","protected":false},"excerpt":{"rendered":"<p>[vc_row][vc_column width=&#8221;1\/4&#8243;][vc_single_image image=&#8221;31084&#8243;][\/vc_column][vc_column width=&#8221;3\/4&#8243;][vc_custom_heading text=&#8221;Dados do projeto&#8221; google_fonts=&#8221;font_family:Droid%20Sans%3Aregular%2C700|font_style:700%20bold%20regular%3A700%3Anormal&#8221;][vc_column_text]Aqui voc\u00ea encontrar\u00e1 os documentos atuais sobre o status do projeto.[\/vc_column_text][vc_separator][\/vc_column][\/vc_row][vc_row][vc_column width=&#8221;1\/4&#8243;][vc_custom_heading text=&#8221;&#8230;<\/p>\n","protected":false},"author":1,"featured_media":0,"parent":98050,"menu_order":52,"comment_status":"closed","ping_status":"closed","template":"","meta":{"om_disable_all_campaigns":false,"_monsterinsights_skip_tracking":false,"_monsterinsights_sitenote_active":false,"_monsterinsights_sitenote_note":"","_monsterinsights_sitenote_category":0,"footnotes":""},"categories":[1279,1273,1274],"tags":[],"class_list":{"0":"post-98619","1":"page","2":"type-page","3":"status-publish","5":"category-projeto-2025","6":"category-projeto-2025-incompleto","7":"category-solucoes-ecologicas"},"aioseo_notices":[],"_links":{"self":[{"href":"https:\/\/www.green-solutions.info\/pt-br\/wp-json\/wp\/v2\/pages\/98619","targetHints":{"allow":["GET"]}}],"collection":[{"href":"https:\/\/www.green-solutions.info\/pt-br\/wp-json\/wp\/v2\/pages"}],"about":[{"href":"https:\/\/www.green-solutions.info\/pt-br\/wp-json\/wp\/v2\/types\/page"}],"author":[{"embeddable":true,"href":"https:\/\/www.green-solutions.info\/pt-br\/wp-json\/wp\/v2\/users\/1"}],"replies":[{"embeddable":true,"href":"https:\/\/www.green-solutions.info\/pt-br\/wp-json\/wp\/v2\/comments?post=98619"}],"version-history":[{"count":0,"href":"https:\/\/www.green-solutions.info\/pt-br\/wp-json\/wp\/v2\/pages\/98619\/revisions"}],"up":[{"embeddable":true,"href":"https:\/\/www.green-solutions.info\/pt-br\/wp-json\/wp\/v2\/pages\/98050"}],"wp:attachment":[{"href":"https:\/\/www.green-solutions.info\/pt-br\/wp-json\/wp\/v2\/media?parent=98619"}],"wp:term":[{"taxonomy":"category","embeddable":true,"href":"https:\/\/www.green-solutions.info\/pt-br\/wp-json\/wp\/v2\/categories?post=98619"},{"taxonomy":"post_tag","embeddable":true,"href":"https:\/\/www.green-solutions.info\/pt-br\/wp-json\/wp\/v2\/tags?post=98619"}],"curies":[{"name":"wp","href":"https:\/\/api.w.org\/{rel}","templated":true}]}}