{"id":98145,"date":"2017-11-06T14:06:44","date_gmt":"2017-11-06T13:06:44","guid":{"rendered":"https:\/\/www.green-solutions.info\/dados-do-projeto\/dados-do-projeto-trans-bayerwald\/"},"modified":"2025-02-15T14:45:51","modified_gmt":"2025-02-15T13:45:51","slug":"dados-do-projeto-trans-bayerwald","status":"publish","type":"page","link":"https:\/\/www.green-solutions.info\/pt-br\/sobre-nos\/dados-do-projeto\/dados-do-projeto-trans-bayerwald\/","title":{"rendered":"Dados do projeto Trans Bayerwald"},"content":{"rendered":"<div class=\"wpb-content-wrapper\"><p>[vc_row][vc_column width=&#8221;1\/4&#8243;][vc_single_image image=&#8221;29312&#8243;][\/vc_column][vc_column width=&#8221;3\/4&#8243;][vc_custom_heading text=&#8221;Dados do projeto&#8221; google_fonts=&#8221;font_family:Droid%20Sans%3Aregular%2C700|font_style:700%20bold%20regular%3A700%3Anormal&#8221;][vc_column_text]Aqui voc\u00ea encontrar\u00e1 os documentos atuais sobre o status do projeto. O download \u00e9 protegido por senha. Voc\u00ea pode solicitar a senha pelo e-mail office@green-solutions.info.[\/vc_column_text][vc_separator][\/vc_column][\/vc_row][vc_row][vc_column width=&#8221;1\/4&#8243;][vc_custom_heading text=&#8221;Status atual do planejamento&#8221; font_container=&#8221;tag:h3|text_align:left&#8221; google_fonts=&#8221;font_family:Droid%20Sans%3Aregular%2C700|font_style:700%20bold%20regular%3A700%3Anormal&#8221;][\/vc_column][vc_column width=&#8221;3\/4&#8243;][vc_column_text]O status do planejamento \u00e9 disponibilizado para download em intervalos regulares.[\/vc_column_text][vc_column_text]<div class='w3eden wpdm_packages_shortcode'>\n    <div class=''>\n\n        \n        <div id=\"content_wpdm_package_1\">\n            <div class='row'><div class='col-lg-12 col-md-6 col-6'><!-- WPDM Link Template: Call to Action 3 -->\n\n<div class=\"well c2a3\">\n    <div class=\"media\">\n        <div class=\"mr-3\" align=\"left\">\n            <img class=\"wpdm_icon\" alt=\"\u00edcone\"   src=\"https:\/\/www.green-solutions.info\/\/wp-content\/plugins\/download-manager\/assets\/file-type-icons\/pdf.png\" \/>\n        <\/div>\n        <div class=\"media-body\">\n            <h3 class=\"media-heading\" style=\"padding-top: 0px;border:0px;margin: 0 0 5px 0;font-size:12pt;\">\n                <a style=\"font-weight: 700\" href=\"https:\/\/www.green-solutions.info\/pt-br\/download\/trans-bayerwald-staatsforst_teil-iii-juni-2018\/\">Trans-Bayerwald Staatsforst_Teil III Juni 2018<\/a>\n                <span style=\"font-size:8pt;font-weight:300\" class=\"text-muted ml-4\">\n                    <i class=\"fas fa-hdd mr-1\"><\/i> 236.64 MB\n                    <i class=\"ml-3 far fa-arrow-alt-circle-down mr-1\"><\/i> 11 downloads\n                <\/span>\n            <\/h3>\n            &nbsp;\n&nbsp;\n&nbsp;\n...\n        <\/div>\n        <div class=\"ml-3\" align=\"right\">\n            <a href='#unlock' class='wpdm-download-link wpdm-download-locked btn btn-primary btn-sm' data-package='30322'>Download<\/a>\n        <\/div>\n    <\/div>\n\n<\/div>\n<style>\n    .well.c2a3 .btn {\n        padding: 11px 30px;\n        font-size: 11pt;\n    }\n\n    .well.c2a3 .media-body {\n        font-size: 11pt;\n    }\n\n    .well.c2a3 .wpdm_icon {\n        height: 42px;\n        width: auto;\n    }<\/style>\n<\/div><div class='col-lg-12 col-md-6 col-6'><!-- WPDM Link Template: Call to Action 3 -->\n\n<div class=\"well c2a3\">\n    <div class=\"media\">\n        <div class=\"mr-3\" align=\"left\">\n            <img class=\"wpdm_icon\" alt=\"\u00edcone\"   src=\"https:\/\/www.green-solutions.info\/\/wp-content\/plugins\/download-manager\/assets\/file-type-icons\/pdf.png\" \/>\n        <\/div>\n        <div class=\"media-body\">\n            <h3 class=\"media-heading\" style=\"padding-top: 0px;border:0px;margin: 0 0 5px 0;font-size:12pt;\">\n                <a style=\"font-weight: 700\" href=\"https:\/\/www.green-solutions.info\/pt-br\/download\/trans-bayerwald-staatsforst_teil-ii-6-11-2017-copy\/\">Trans-Bayerwald Staatsforst_Teil II Juni 2018<\/a>\n                <span style=\"font-size:8pt;font-weight:300\" class=\"text-muted ml-4\">\n                    <i class=\"fas fa-hdd mr-1\"><\/i> 236.64 MB\n                    <i class=\"ml-3 far fa-arrow-alt-circle-down mr-1\"><\/i> 4 downloads\n                <\/span>\n            <\/h3>\n            &nbsp;\n&nbsp;\n&nbsp;\n...\n        <\/div>\n        <div class=\"ml-3\" align=\"right\">\n            <a href='#unlock' class='wpdm-download-link wpdm-download-locked btn btn-primary btn-sm' data-package='30321'>Download<\/a>\n        <\/div>\n    <\/div>\n\n<\/div>\n<style>\n    .well.c2a3 .btn {\n        padding: 11px 30px;\n        font-size: 11pt;\n    }\n\n    .well.c2a3 .media-body {\n        font-size: 11pt;\n    }\n\n    .well.c2a3 .wpdm_icon {\n        height: 42px;\n        width: auto;\n    }<\/style>\n<\/div><div class='col-lg-12 col-md-6 col-6'><!-- WPDM Link Template: Call to Action 3 -->\n\n<div class=\"well c2a3\">\n    <div class=\"media\">\n        <div class=\"mr-3\" align=\"left\">\n            <img class=\"wpdm_icon\" alt=\"\u00edcone\"   src=\"https:\/\/www.green-solutions.info\/\/wp-content\/plugins\/download-manager\/assets\/file-type-icons\/pdf.png\" \/>\n        <\/div>\n        <div class=\"media-body\">\n            <h3 class=\"media-heading\" style=\"padding-top: 0px;border:0px;margin: 0 0 5px 0;font-size:12pt;\">\n                <a style=\"font-weight: 700\" href=\"https:\/\/www.green-solutions.info\/pt-br\/download\/trans-bayerwald-staatsforts_teil-i-6-11-2017-copy\/\">Trans-Bayerwald Staatsforst_Teil I Juni 2018<\/a>\n                <span style=\"font-size:8pt;font-weight:300\" class=\"text-muted ml-4\">\n                    <i class=\"fas fa-hdd mr-1\"><\/i> 236.64 MB\n                    <i class=\"ml-3 far fa-arrow-alt-circle-down mr-1\"><\/i> 10 downloads\n                <\/span>\n            <\/h3>\n            ...\n        <\/div>\n        <div class=\"ml-3\" align=\"right\">\n            <a href='#unlock' class='wpdm-download-link wpdm-download-locked btn btn-primary btn-sm' data-package='30320'>Download<\/a>\n        <\/div>\n    <\/div>\n\n<\/div>\n<style>\n    .well.c2a3 .btn {\n        padding: 11px 30px;\n        font-size: 11pt;\n    }\n\n    .well.c2a3 .media-body {\n        font-size: 11pt;\n    }\n\n    .well.c2a3 .wpdm_icon {\n        height: 42px;\n        width: auto;\n    }<\/style>\n<\/div><div class='col-lg-12 col-md-6 col-6'><!-- WPDM Link Template: Call to Action 3 -->\n\n<div class=\"well c2a3\">\n    <div class=\"media\">\n        <div class=\"mr-3\" align=\"left\">\n            <img class=\"wpdm_icon\" alt=\"\u00edcone\"   src=\"https:\/\/www.green-solutions.info\/\/wp-content\/plugins\/download-manager\/assets\/file-type-icons\/download_box.png\" \/>\n        <\/div>\n        <div class=\"media-body\">\n            <h3 class=\"media-heading\" style=\"padding-top: 0px;border:0px;margin: 0 0 5px 0;font-size:12pt;\">\n                <a style=\"font-weight: 700\" href=\"https:\/\/www.green-solutions.info\/pt-br\/download\/strecken-trans-bayerwald\/\">Strecken Trans-Bayerwald<\/a>\n                <span style=\"font-size:8pt;font-weight:300\" class=\"text-muted ml-4\">\n                    <i class=\"fas fa-hdd mr-1\"><\/i> 187.67 MB\n                    <i class=\"ml-3 far fa-arrow-alt-circle-down mr-1\"><\/i> 13 downloads\n                <\/span>\n            <\/h3>\n            ...\n        <\/div>\n        <div class=\"ml-3\" align=\"right\">\n            <a class='wpdm-download-link download-on-click btn btn-primary btn-sm'  rel='nofollow' href='#' data-downloadurl=\"https:\/\/www.green-solutions.info\/pt-br\/download\/strecken-trans-bayerwald\/?wpdmdl=30132&refresh=69f62ed4681011777741524\">Download<\/a>\n        <\/div>\n    <\/div>\n\n<\/div>\n<style>\n    .well.c2a3 .btn {\n        padding: 11px 30px;\n        font-size: 11pt;\n    }\n\n    .well.c2a3 .media-body {\n        font-size: 11pt;\n    }\n\n    .well.c2a3 .wpdm_icon {\n        height: 42px;\n        width: auto;\n    }<\/style>\n<\/div><div class='col-lg-12 col-md-6 col-6'><!-- WPDM Link Template: Call to Action 3 -->\n\n<div class=\"well c2a3\">\n    <div class=\"media\">\n        <div class=\"mr-3\" align=\"left\">\n            <img class=\"wpdm_icon\" alt=\"\u00edcone\"   src=\"https:\/\/www.green-solutions.info\/\/wp-content\/plugins\/download-manager\/assets\/file-type-icons\/box_download.png\" \/>\n        <\/div>\n        <div class=\"media-body\">\n            <h3 class=\"media-heading\" style=\"padding-top: 0px;border:0px;margin: 0 0 5px 0;font-size:12pt;\">\n                <a style=\"font-weight: 700\" href=\"https:\/\/www.green-solutions.info\/pt-br\/download\/digitale-montage-infos\/\">Digitale Montage-Infos<\/a>\n                <span style=\"font-size:8pt;font-weight:300\" class=\"text-muted ml-4\">\n                    <i class=\"fas fa-hdd mr-1\"><\/i> 1.92 MB\n                    <i class=\"ml-3 far fa-arrow-alt-circle-down mr-1\"><\/i> 6 downloads\n                <\/span>\n            <\/h3>\n            ...\n        <\/div>\n        <div class=\"ml-3\" align=\"right\">\n            <a class='wpdm-download-link download-on-click btn btn-primary btn-sm'  rel='nofollow' href='#' data-downloadurl=\"https:\/\/www.green-solutions.info\/pt-br\/download\/digitale-montage-infos\/?wpdmdl=30134&refresh=69f62ed46a52d1777741524\">Download<\/a>\n        <\/div>\n    <\/div>\n\n<\/div>\n<style>\n    .well.c2a3 .btn {\n        padding: 11px 30px;\n        font-size: 11pt;\n    }\n\n    .well.c2a3 .media-body {\n        font-size: 11pt;\n    }\n\n    .well.c2a3 .wpdm_icon {\n        height: 42px;\n        width: auto;\n    }<\/style>\n<\/div><div class='col-lg-12 col-md-6 col-6'><!-- WPDM Link Template: Call to Action 3 -->\n\n<div class=\"well c2a3\">\n    <div class=\"media\">\n        <div class=\"mr-3\" align=\"left\">\n            <img class=\"wpdm_icon\" alt=\"\u00edcone\"   src=\"https:\/\/www.green-solutions.info\/\/wp-content\/plugins\/download-manager\/assets\/file-type-icons\/pdf.png\" \/>\n        <\/div>\n        <div class=\"media-body\">\n            <h3 class=\"media-heading\" style=\"padding-top: 0px;border:0px;margin: 0 0 5px 0;font-size:12pt;\">\n                <a style=\"font-weight: 700\" href=\"https:\/\/www.green-solutions.info\/pt-br\/download\/trans-bayerwald-cham-ost-mit-zubringern_8-12-17-2-copy\/\">Trans-Bayerwald LK Freyung-Grafenau mit Zubringern_23.03.2018<\/a>\n                <span style=\"font-size:8pt;font-weight:300\" class=\"text-muted ml-4\">\n                    <i class=\"fas fa-hdd mr-1\"><\/i> 249.89 MB\n                    <i class=\"ml-3 far fa-arrow-alt-circle-down mr-1\"><\/i> 20 downloads\n                <\/span>\n            <\/h3>\n            ...\n        <\/div>\n        <div class=\"ml-3\" align=\"right\">\n            <a href='#unlock' class='wpdm-download-link wpdm-download-locked btn btn-primary btn-sm' data-package='30017'>Download<\/a>\n        <\/div>\n    <\/div>\n\n<\/div>\n<style>\n    .well.c2a3 .btn {\n        padding: 11px 30px;\n        font-size: 11pt;\n    }\n\n    .well.c2a3 .media-body {\n        font-size: 11pt;\n    }\n\n    .well.c2a3 .wpdm_icon {\n        height: 42px;\n        width: auto;\n    }<\/style>\n<\/div><div class='col-lg-12 col-md-6 col-6'><!-- WPDM Link Template: Call to Action 3 -->\n\n<div class=\"well c2a3\">\n    <div class=\"media\">\n        <div class=\"mr-3\" align=\"left\">\n            <img class=\"wpdm_icon\" alt=\"\u00edcone\"   src=\"https:\/\/www.green-solutions.info\/\/wp-content\/plugins\/download-manager\/assets\/file-type-icons\/pdf.png\" \/>\n        <\/div>\n        <div class=\"media-body\">\n            <h3 class=\"media-heading\" style=\"padding-top: 0px;border:0px;margin: 0 0 5px 0;font-size:12pt;\">\n                <a style=\"font-weight: 700\" href=\"https:\/\/www.green-solutions.info\/pt-br\/download\/trans-bayerwald-cham-ost-mit-zubringern_8-12-17-2\/\">Trans-Bayerwald Cham-Ost-mit-Zubringern_8.12.17<\/a>\n                <span style=\"font-size:8pt;font-weight:300\" class=\"text-muted ml-4\">\n                    <i class=\"fas fa-hdd mr-1\"><\/i> 249.89 MB\n                    <i class=\"ml-3 far fa-arrow-alt-circle-down mr-1\"><\/i> 8 downloads\n                <\/span>\n            <\/h3>\n            ...\n        <\/div>\n        <div class=\"ml-3\" align=\"right\">\n            <a href='#unlock' class='wpdm-download-link wpdm-download-locked btn btn-primary btn-sm' data-package='29416'>Download<\/a>\n        <\/div>\n    <\/div>\n\n<\/div>\n<style>\n    .well.c2a3 .btn {\n        padding: 11px 30px;\n        font-size: 11pt;\n    }\n\n    .well.c2a3 .media-body {\n        font-size: 11pt;\n    }\n\n    .well.c2a3 .wpdm_icon {\n        height: 42px;\n        width: auto;\n    }<\/style>\n<\/div><div class='col-lg-12 col-md-6 col-6'><!-- WPDM Link Template: Call to Action 3 -->\n\n<div class=\"well c2a3\">\n    <div class=\"media\">\n        <div class=\"mr-3\" align=\"left\">\n            <img class=\"wpdm_icon\" alt=\"\u00edcone\"   src=\"https:\/\/www.green-solutions.info\/\/wp-content\/plugins\/download-manager\/assets\/file-type-icons\/pdf.png\" \/>\n        <\/div>\n        <div class=\"media-body\">\n            <h3 class=\"media-heading\" style=\"padding-top: 0px;border:0px;margin: 0 0 5px 0;font-size:12pt;\">\n                <a style=\"font-weight: 700\" href=\"https:\/\/www.green-solutions.info\/pt-br\/download\/trans-bayerwald-cham-ost-mit-zubringern_8-12-17\/\">Trans-Bayerwald Deggendorf-mit-Zubringern_8.12.17<\/a>\n                <span style=\"font-size:8pt;font-weight:300\" class=\"text-muted ml-4\">\n                    <i class=\"fas fa-hdd mr-1\"><\/i> 249.89 MB\n                    <i class=\"ml-3 far fa-arrow-alt-circle-down mr-1\"><\/i> 9 downloads\n                <\/span>\n            <\/h3>\n            ...\n        <\/div>\n        <div class=\"ml-3\" align=\"right\">\n            <a href='#unlock' class='wpdm-download-link wpdm-download-locked btn btn-primary btn-sm' data-package='29415'>Download<\/a>\n        <\/div>\n    <\/div>\n\n<\/div>\n<style>\n    .well.c2a3 .btn {\n        padding: 11px 30px;\n        font-size: 11pt;\n    }\n\n    .well.c2a3 .media-body {\n        font-size: 11pt;\n    }\n\n    .well.c2a3 .wpdm_icon {\n        height: 42px;\n        width: auto;\n    }<\/style>\n<\/div><div class='col-lg-12 col-md-6 col-6'><!-- WPDM Link Template: Call to Action 3 -->\n\n<div class=\"well c2a3\">\n    <div class=\"media\">\n        <div class=\"mr-3\" align=\"left\">\n            <img class=\"wpdm_icon\" alt=\"\u00edcone\"   src=\"https:\/\/www.green-solutions.info\/\/wp-content\/plugins\/download-manager\/assets\/file-type-icons\/pdf.png\" \/>\n        <\/div>\n        <div class=\"media-body\">\n            <h3 class=\"media-heading\" style=\"padding-top: 0px;border:0px;margin: 0 0 5px 0;font-size:12pt;\">\n                <a style=\"font-weight: 700\" href=\"https:\/\/www.green-solutions.info\/pt-br\/download\/trans-bayerwald-cham-west-mit-zubringern_8-12-17\/\">Trans-Bayerwald Cham-West-mit-Zubringern_8.12.17<\/a>\n                <span style=\"font-size:8pt;font-weight:300\" class=\"text-muted ml-4\">\n                    <i class=\"fas fa-hdd mr-1\"><\/i> 249.89 MB\n                    <i class=\"ml-3 far fa-arrow-alt-circle-down mr-1\"><\/i> 10 downloads\n                <\/span>\n            <\/h3>\n            ...\n        <\/div>\n        <div class=\"ml-3\" align=\"right\">\n            <a href='#unlock' class='wpdm-download-link wpdm-download-locked btn btn-primary btn-sm' data-package='29413'>Download<\/a>\n        <\/div>\n    <\/div>\n\n<\/div>\n<style>\n    .well.c2a3 .btn {\n        padding: 11px 30px;\n        font-size: 11pt;\n    }\n\n    .well.c2a3 .media-body {\n        font-size: 11pt;\n    }\n\n    .well.c2a3 .wpdm_icon {\n        height: 42px;\n        width: auto;\n    }<\/style>\n<\/div><div class='col-lg-12 col-md-6 col-6'><!-- WPDM Link Template: Call to Action 3 -->\n\n<div class=\"well c2a3\">\n    <div class=\"media\">\n        <div class=\"mr-3\" align=\"left\">\n            <img class=\"wpdm_icon\" alt=\"\u00edcone\"   src=\"https:\/\/www.green-solutions.info\/\/wp-content\/plugins\/download-manager\/assets\/file-type-icons\/pdf.png\" \/>\n        <\/div>\n        <div class=\"media-body\">\n            <h3 class=\"media-heading\" style=\"padding-top: 0px;border:0px;margin: 0 0 5px 0;font-size:12pt;\">\n                <a style=\"font-weight: 700\" href=\"https:\/\/www.green-solutions.info\/pt-br\/download\/trans-bayerwald-lk-passau-mit-zubringern_8-12-17\/\">Trans-Bayerwald Lk Passau-mit-Zubringern_8.12.17<\/a>\n                <span style=\"font-size:8pt;font-weight:300\" class=\"text-muted ml-4\">\n                    <i class=\"fas fa-hdd mr-1\"><\/i> 249.89 MB\n                    <i class=\"ml-3 far fa-arrow-alt-circle-down mr-1\"><\/i> 11 downloads\n                <\/span>\n            <\/h3>\n            ...\n        <\/div>\n        <div class=\"ml-3\" align=\"right\">\n            <a href='#unlock' class='wpdm-download-link wpdm-download-locked btn btn-primary btn-sm' data-package='29411'>Download<\/a>\n        <\/div>\n    <\/div>\n\n<\/div>\n<style>\n    .well.c2a3 .btn {\n        padding: 11px 30px;\n        font-size: 11pt;\n    }\n\n    .well.c2a3 .media-body {\n        font-size: 11pt;\n    }\n\n    .well.c2a3 .wpdm_icon {\n        height: 42px;\n        width: auto;\n    }<\/style>\n<\/div><\/div>            <div style='clear:both'><\/div><div class='text-center'><ul class='pagination wpdm-pagination pagination-centered text-center'><li><span aria-current=\"page\" class=\"page-numbers current\">1<\/span><\/li><li><a  data-container='#content_wpdm_package_1' class=\"page-numbers\" href=\"https:\/\/www.green-solutions.info\/pt-br\/wp-json\/wp\/v2\/pages\/98145\/?cp=2\">2<\/a><\/li><li><a  data-container='#content_wpdm_package_1' class=\"page-numbers\" href=\"https:\/\/www.green-solutions.info\/pt-br\/wp-json\/wp\/v2\/pages\/98145\/?cp=3\">3<\/a><\/li><li><a  data-container='#content_wpdm_package_1' class=\"next page-numbers\" href=\"https:\/\/www.green-solutions.info\/pt-br\/wp-json\/wp\/v2\/pages\/98145\/?cp=2\"> <i style=\"display: inline-block;width: 8px;height: 8px;border-right: 2px solid;border-top: 2px solid;transform: rotate(45deg);margin-left: -2px;margin-top: -2px;\"><\/i> <\/a><\/li><\/ul><\/div><div style='clear:both'><\/div>        <\/div>\n\n        <div style='clear:both'><\/div>\n    <\/div>\n<\/div>\n[\/vc_column_text][vc_separator][\/vc_column][\/vc_row]<\/p>\n<\/div>","protected":false},"excerpt":{"rendered":"<p>[vc_row][vc_column width=&#8221;1\/4&#8243;][vc_single_image image=&#8221;29312&#8243;][\/vc_column][vc_column width=&#8221;3\/4&#8243;][vc_custom_heading text=&#8221;Dados do projeto&#8221; google_fonts=&#8221;font_family:Droid%20Sans%3Aregular%2C700|font_style:700%20bold%20regular%3A700%3Anormal&#8221;][vc_column_text]Aqui voc\u00ea encontrar\u00e1 os documentos atuais sobre o status do projeto. O download&#8230;<\/p>\n","protected":false},"author":1,"featured_media":0,"parent":98050,"menu_order":64,"comment_status":"closed","ping_status":"closed","template":"","meta":{"om_disable_all_campaigns":false,"_monsterinsights_skip_tracking":false,"_monsterinsights_sitenote_active":false,"_monsterinsights_sitenote_note":"","_monsterinsights_sitenote_category":0,"footnotes":""},"categories":[1279,1273,1274],"tags":[],"class_list":{"0":"post-98145","1":"page","2":"type-page","3":"status-publish","5":"category-projeto-2025","6":"category-projeto-2025-incompleto","7":"category-solucoes-ecologicas"},"aioseo_notices":[],"_links":{"self":[{"href":"https:\/\/www.green-solutions.info\/pt-br\/wp-json\/wp\/v2\/pages\/98145","targetHints":{"allow":["GET"]}}],"collection":[{"href":"https:\/\/www.green-solutions.info\/pt-br\/wp-json\/wp\/v2\/pages"}],"about":[{"href":"https:\/\/www.green-solutions.info\/pt-br\/wp-json\/wp\/v2\/types\/page"}],"author":[{"embeddable":true,"href":"https:\/\/www.green-solutions.info\/pt-br\/wp-json\/wp\/v2\/users\/1"}],"replies":[{"embeddable":true,"href":"https:\/\/www.green-solutions.info\/pt-br\/wp-json\/wp\/v2\/comments?post=98145"}],"version-history":[{"count":0,"href":"https:\/\/www.green-solutions.info\/pt-br\/wp-json\/wp\/v2\/pages\/98145\/revisions"}],"up":[{"embeddable":true,"href":"https:\/\/www.green-solutions.info\/pt-br\/wp-json\/wp\/v2\/pages\/98050"}],"wp:attachment":[{"href":"https:\/\/www.green-solutions.info\/pt-br\/wp-json\/wp\/v2\/media?parent=98145"}],"wp:term":[{"taxonomy":"category","embeddable":true,"href":"https:\/\/www.green-solutions.info\/pt-br\/wp-json\/wp\/v2\/categories?post=98145"},{"taxonomy":"post_tag","embeddable":true,"href":"https:\/\/www.green-solutions.info\/pt-br\/wp-json\/wp\/v2\/tags?post=98145"}],"curies":[{"name":"wp","href":"https:\/\/api.w.org\/{rel}","templated":true}]}}