{"id":97843,"date":"2014-02-24T00:41:23","date_gmt":"2014-02-23T23:41:23","guid":{"rendered":"https:\/\/www.green-solutions.info\/entre-em-contato-conosco\/datas\/"},"modified":"2025-02-15T14:44:35","modified_gmt":"2025-02-15T13:44:35","slug":"datas","status":"publish","type":"page","link":"https:\/\/www.green-solutions.info\/pt-br\/sobre-nos\/entre-em-contato-conosco\/datas\/","title":{"rendered":"Datas"},"content":{"rendered":"<div class=\"wpb-content-wrapper\"><p>[vc_row full_width=&#8221;stretch_row_content_no_spaces&#8221; equal_height=&#8221;yes&#8221; css=&#8221;.vc_custom_1548442690034{margin-bottom: 0px !important;padding-bottom: 0px !important;}&#8221;][vc_column disable_custom_paddings_mobile=&#8221;true&#8221; css=&#8221;.vc_custom_1738075120330{padding-right: 190px !important;padding-left: 70px !important;background: #323236 url(https:\/\/www.green-solutions.info\/wp-content\/uploads\/2025\/01\/ourgreen-solutions-1.png?id=85038) !important;background-position: center !important;background-repeat: no-repeat !important;background-size: contain !important;}&#8221; offset=&#8221;vc_col-md-6 vc_col-sm-offset-0&#8243; el_class=&#8221;verticalPageTitle&#8221;]<div class=\"clearboth\"><\/div><style>#thegem-divider-69ef5d4942b4e {margin-top: 85px !important;}<\/style><div id=\"thegem-divider-69ef5d4942b4e\" class=\"gem-divider  \" style=\"\" ><\/div><div class=\"clearboth\"><\/div><style>#thegem-divider-69ef5d4942bca {margin-top: 270px !important;}<\/style><div id=\"thegem-divider-69ef5d4942bca\" class=\"gem-divider  divider-hidden\" style=\"\" ><\/div>[vc_column_text css=&#8221;&#8221; css_animation=&#8221;bottom-to-top&#8221;]<\/p>\n<div class=\"title-xlarge\"><span style=\"color: #83bc1a;\">outdoor digital<\/span><br \/>\n<span style=\"color: #ffffff;\"><br \/>\nAg\u00eancia de outdoor com servi\u00e7o completo<\/span><\/div>\n<p>[\/vc_column_text]<div class=\"clearboth\"><\/div><style>#thegem-divider-69ef5d4942c02 {margin-top: 40px !important;}<\/style><div id=\"thegem-divider-69ef5d4942c02\" class=\"gem-divider  \" style=\"\" ><\/div>[vc_column_text css=&#8221;.vc_custom_1738023576596{padding-right: 50px !important;}&#8221; css_animation=&#8221;bottom-to-top&#8221;]<\/p>\n<div class=\"styled-subtitle\"><span style=\"color: #ffffff;\">Desenvolvemos solu\u00e7\u00f5es contempor\u00e2neas e sustent\u00e1veis para a intera\u00e7\u00e3o entre tecnologia, turismo e conserva\u00e7\u00e3o da natureza.<\/span><\/div>\n<p>[\/vc_column_text]<div class=\"clearboth\"><\/div><style>#thegem-divider-69ef5d4942c34 {margin-top: 90px !important;}<\/style><div id=\"thegem-divider-69ef5d4942c34\" class=\"gem-divider  \" style=\"\" ><\/div>[\/vc_column][vc_column css=&#8221;.vc_custom_1738098861348{background-image: url(https:\/\/www.green-solutions.info\/wp-content\/uploads\/2025\/01\/header_termine-1.jpg?id=85103) !important;background-position: center !important;background-repeat: no-repeat !important;background-size: cover !important;}&#8221; offset=&#8221;vc_col-md-6&#8243;]<div class=\"clearboth\"><\/div><style>#thegem-divider-69ef5d4942c67 {margin-top: 500px !important;}<\/style><div id=\"thegem-divider-69ef5d4942c67\" class=\"gem-divider  \" style=\"\" ><\/div>[\/vc_column][\/vc_row][vc_row][vc_column width=&#8221;1\/6&#8243;][\/vc_column][vc_column width=&#8221;2\/3&#8243;]<div class=\"clearboth\"><\/div><style>#thegem-divider-69ef5d4942c93 {margin-top: 30px !important;}<\/style><div id=\"thegem-divider-69ef5d4942c93\" class=\"gem-divider  \" style=\"\" ><\/div>[vc_column_text css=&#8221;&#8221;][vc_raw_html css=&#8221;&#8221;]CjxpZnJhbWUgZnJhbWVib3JkZXI9IjAiIHN0eWxlPSJoZWlnaHQ6IDE1MDBweDsgb3ZlcmZsb3c6c2Nyb2xsOyB3aWR0aDogMTAwJSIgc3JjPSJodHRwczovL2dyZWVuLXNvbHV0aW9ucy5zZXRtb3JlLmNvbS8iIG1hcmdpbmhlaWdodD0iMCIgbWFyZ2lud2lkdGg9IjAiIHNjcm9sbGluZz0ibm8iIGFsbG93dHJhbnNwYXJlbmN5PSJ0cnVlIj48L2lmcmFtZT4=[\/vc_raw_html][\/vc_column_text]<div class=\"clearboth\"><\/div><style>#thegem-divider-69ef5d4942cbf {margin-bottom: 30px !important;}<\/style><div id=\"thegem-divider-69ef5d4942cbf\" class=\"gem-divider  \" style=\"\" ><\/div>[\/vc_column][vc_column width=&#8221;1\/6&#8243;][\/vc_column][\/vc_row]<\/p>\n<\/div>","protected":false},"excerpt":{"rendered":"<p>[vc_row full_width=&#8221;stretch_row_content_no_spaces&#8221; equal_height=&#8221;yes&#8221; css=&#8221;.vc_custom_1548442690034{margin-bottom: 0px !important;padding-bottom: 0px !important;}&#8221;][vc_column disable_custom_paddings_mobile=&#8221;true&#8221; css=&#8221;.vc_custom_1738075120330{padding-right: 190px !important;padding-left: 70px !important;background: #323236 url(https:\/\/www.green-solutions.info\/wp-content\/uploads\/2025\/01\/ourgreen-solutions-1.png?id=85038) !important;background-position: center !important;background-repeat: no-repeat&#8230;<\/p>\n","protected":false},"author":1,"featured_media":0,"parent":87579,"menu_order":29,"comment_status":"closed","ping_status":"closed","template":"","meta":{"om_disable_all_campaigns":false,"_monsterinsights_skip_tracking":false,"_monsterinsights_sitenote_active":false,"_monsterinsights_sitenote_note":"","_monsterinsights_sitenote_category":0,"footnotes":""},"categories":[1279,1273,1274],"tags":[],"class_list":{"0":"post-97843","1":"page","2":"type-page","3":"status-publish","5":"category-projeto-2025","6":"category-projeto-2025-incompleto","7":"category-solucoes-ecologicas"},"aioseo_notices":[],"_links":{"self":[{"href":"https:\/\/www.green-solutions.info\/pt-br\/wp-json\/wp\/v2\/pages\/97843","targetHints":{"allow":["GET"]}}],"collection":[{"href":"https:\/\/www.green-solutions.info\/pt-br\/wp-json\/wp\/v2\/pages"}],"about":[{"href":"https:\/\/www.green-solutions.info\/pt-br\/wp-json\/wp\/v2\/types\/page"}],"author":[{"embeddable":true,"href":"https:\/\/www.green-solutions.info\/pt-br\/wp-json\/wp\/v2\/users\/1"}],"replies":[{"embeddable":true,"href":"https:\/\/www.green-solutions.info\/pt-br\/wp-json\/wp\/v2\/comments?post=97843"}],"version-history":[{"count":0,"href":"https:\/\/www.green-solutions.info\/pt-br\/wp-json\/wp\/v2\/pages\/97843\/revisions"}],"up":[{"embeddable":true,"href":"https:\/\/www.green-solutions.info\/pt-br\/wp-json\/wp\/v2\/pages\/87579"}],"wp:attachment":[{"href":"https:\/\/www.green-solutions.info\/pt-br\/wp-json\/wp\/v2\/media?parent=97843"}],"wp:term":[{"taxonomy":"category","embeddable":true,"href":"https:\/\/www.green-solutions.info\/pt-br\/wp-json\/wp\/v2\/categories?post=97843"},{"taxonomy":"post_tag","embeddable":true,"href":"https:\/\/www.green-solutions.info\/pt-br\/wp-json\/wp\/v2\/tags?post=97843"}],"curies":[{"name":"wp","href":"https:\/\/api.w.org\/{rel}","templated":true}]}}