{"id":87808,"date":"2025-02-07T00:37:36","date_gmt":"2025-02-06T23:37:36","guid":{"rendered":"https:\/\/www.green-solutions.info\/servicos-e-solucoes\/modulos-de-saida\/modulo-de-demonstracao-do-tour\/"},"modified":"2025-02-15T13:55:42","modified_gmt":"2025-02-15T12:55:42","slug":"modulo-de-demonstracao-do-tour","status":"publish","type":"page","link":"https:\/\/www.green-solutions.info\/pt-br\/servicos-e-solucoes\/modulos-de-saida\/modulo-de-demonstracao-do-tour\/","title":{"rendered":"M\u00f3dulo de demonstra\u00e7\u00e3o do tour"},"content":{"rendered":"<div class=\"wpb-content-wrapper\"><p>[vc_row full_width=&#8221;stretch_row_content_no_spaces&#8221; equal_height=&#8221;yes&#8221; css=&#8221;.vc_custom_1550842308747{margin-bottom: 0px !important;padding-bottom: 0px !important;}&#8221;][vc_column disable_custom_paddings_mobile=&#8221;true&#8221; css=&#8221;.vc_custom_1737998170290{padding-right: 190px !important;padding-left: 70px !important;background: #323236 url(https:\/\/www.green-solutions.info\/wp-content\/uploads\/2025\/01\/ourarbeitsfelder-1.png?id=83828) !important;background-position: center !important;background-repeat: no-repeat !important;background-size: contain !important;}&#8221; offset=&#8221;vc_col-md-6 vc_col-sm-offset-0&#8243; el_class=&#8221;verticalPageTitle&#8221;]<div class=\"clearboth\"><\/div><style>#thegem-divider-69f38a95c4c62 {margin-top: 85px !important;}<\/style><div id=\"thegem-divider-69f38a95c4c62\" class=\"gem-divider  \" style=\"\" ><\/div><div class=\"clearboth\"><\/div><style>#thegem-divider-69f38a95c4d32 {margin-top: 270px !important;}<\/style><div id=\"thegem-divider-69f38a95c4d32\" class=\"gem-divider  divider-hidden\" style=\"\" ><\/div>[vc_column_text css=&#8221;&#8221; css_animation=&#8221;bottom-to-top&#8221;]<\/p>\n<div class=\"title-xlarge\"><span style=\"color: #a8c307\"><br \/>M\u00d3DULOS DE SA\u00cdDA<span style=\"color: #ffffff\">digitais externos<\/span><\/span><\/div>\n<p>[\/vc_column_text]<div class=\"clearboth\"><\/div><style>#thegem-divider-69f38a95c4d90 {margin-top: 40px !important;}<\/style><div id=\"thegem-divider-69f38a95c4d90\" class=\"gem-divider  \" style=\"\" ><\/div>[vc_column_text css=&#8221;&#8221; css_animation=&#8221;bottom-to-top&#8221;]<\/p>\n<div class=\"styled-subtitle\"><span style=\"color: #ffffff\">&#8220;Para uma presen\u00e7a bem-sucedida na Web.&#8221;<\/span><\/div>\n<p>[\/vc_column_text]<div class=\"clearboth\"><\/div><style>#thegem-divider-69f38a95c4ddd {margin-top: 90px !important;}<\/style><div id=\"thegem-divider-69f38a95c4ddd\" class=\"gem-divider  \" style=\"\" ><\/div>[\/vc_column][vc_column css=&#8221;.vc_custom_1737997467521{background-image: url(https:\/\/www.green-solutions.info\/wp-content\/uploads\/2025\/01\/header-ausgabemodul.jpg?id=84810) !important;background-position: center !important;background-repeat: no-repeat !important;background-size: cover !important;}&#8221; offset=&#8221;vc_col-md-6&#8243;]<div class=\"clearboth\"><\/div><style>#thegem-divider-69f38a95c4e23 {margin-top: 500px !important;}<\/style><div id=\"thegem-divider-69f38a95c4e23\" class=\"gem-divider  \" style=\"\" ><\/div>[\/vc_column][\/vc_row][vc_row][vc_column]<div class=\"clearboth\"><\/div><style>#thegem-divider-69f38a95c4e67 {margin-top: 60px !important;}<\/style><div id=\"thegem-divider-69f38a95c4e67\" class=\"gem-divider  divider-hidden\" style=\"\" ><\/div>[\/vc_column][\/vc_row][vc_row][vc_column][vc_custom_heading text=&#8221;M\u00f3dulo de demonstra\u00e7\u00e3o do tour&#8221; font_container=&#8221;tag:h2|text_align:center|color:%23111111&#8243; use_theme_fonts=&#8221;yes&#8221; css=&#8221;&#8221;][\/vc_column][\/vc_row][vc_row][vc_column][vc_raw_html css=&#8221;&#8221;]PGlmcmFtZSBpZD0idG91cmVuLWlmcmFtZSIgc3R5bGU9IndpZHRoOiAxMDAlOyBoZWlnaHQ6IDI1MDBweDsgYm9yZGVyOiAwcHg7IiBzcmM9Imh0dHBzOi8vbW9kdWxlLnRvdXJpbmZyYS5jb20vZGVtby10b3VyZW5wb3J0YWwvIiBhbGxvd2Z1bGxzY3JlZW49ImFsbG93ZnVsbHNjcmVlbiIgc2Nyb2xsaW5nPSJubyI+PC9pZnJhbWU+[\/vc_raw_html][\/vc_column][\/vc_row]<\/p>\n<\/div>","protected":false},"excerpt":{"rendered":"<p>M\u00f3dulo de demonstra\u00e7\u00e3o do tour<\/p>\n","protected":false},"author":1,"featured_media":0,"parent":87725,"menu_order":17,"comment_status":"closed","ping_status":"closed","template":"","meta":{"om_disable_all_campaigns":false,"_monsterinsights_skip_tracking":false,"_monsterinsights_sitenote_active":false,"_monsterinsights_sitenote_note":"","_monsterinsights_sitenote_category":0,"footnotes":""},"categories":[1279,1273,1274],"tags":[],"class_list":{"0":"post-87808","1":"page","2":"type-page","3":"status-publish","5":"category-projeto-2025","6":"category-projeto-2025-incompleto","7":"category-solucoes-ecologicas"},"aioseo_notices":[],"_links":{"self":[{"href":"https:\/\/www.green-solutions.info\/pt-br\/wp-json\/wp\/v2\/pages\/87808","targetHints":{"allow":["GET"]}}],"collection":[{"href":"https:\/\/www.green-solutions.info\/pt-br\/wp-json\/wp\/v2\/pages"}],"about":[{"href":"https:\/\/www.green-solutions.info\/pt-br\/wp-json\/wp\/v2\/types\/page"}],"author":[{"embeddable":true,"href":"https:\/\/www.green-solutions.info\/pt-br\/wp-json\/wp\/v2\/users\/1"}],"replies":[{"embeddable":true,"href":"https:\/\/www.green-solutions.info\/pt-br\/wp-json\/wp\/v2\/comments?post=87808"}],"version-history":[{"count":0,"href":"https:\/\/www.green-solutions.info\/pt-br\/wp-json\/wp\/v2\/pages\/87808\/revisions"}],"up":[{"embeddable":true,"href":"https:\/\/www.green-solutions.info\/pt-br\/wp-json\/wp\/v2\/pages\/87725"}],"wp:attachment":[{"href":"https:\/\/www.green-solutions.info\/pt-br\/wp-json\/wp\/v2\/media?parent=87808"}],"wp:term":[{"taxonomy":"category","embeddable":true,"href":"https:\/\/www.green-solutions.info\/pt-br\/wp-json\/wp\/v2\/categories?post=87808"},{"taxonomy":"post_tag","embeddable":true,"href":"https:\/\/www.green-solutions.info\/pt-br\/wp-json\/wp\/v2\/tags?post=87808"}],"curies":[{"name":"wp","href":"https:\/\/api.w.org\/{rel}","templated":true}]}}