{"id":99782,"date":"2012-02-16T15:09:02","date_gmt":"2012-02-16T14:09:02","guid":{"rendered":"https:\/\/www.green-solutions.info\/impronta\/"},"modified":"2025-02-15T14:51:40","modified_gmt":"2025-02-15T13:51:40","slug":"impronta","status":"publish","type":"page","link":"https:\/\/www.green-solutions.info\/it\/impronta\/","title":{"rendered":"Impronta"},"content":{"rendered":"<div class=\"wpb-content-wrapper\"><p>[vc_row full_width=&#8221;stretch_row_content_no_spaces&#8221; equal_height=&#8221;yes&#8221; css=&#8221;.vc_custom_1550842308747{margin-bottom: 0px !important;padding-bottom: 0px !important;}&#8221;][vc_column disable_custom_paddings_mobile=&#8221;true&#8221; css=&#8221;.vc_custom_1738074705275{padding-right: 190px !important;padding-left: 70px !important;background: #323236 url(https:\/\/www.green-solutions.info\/wp-content\/uploads\/2025\/01\/ourgreen-solutions-1.png?id=85038) !important;background-position: center !important;background-repeat: no-repeat !important;background-size: contain !important;}&#8221; offset=&#8221;vc_col-md-6 vc_col-sm-offset-0&#8243; el_class=&#8221;verticalPageTitle&#8221;]<div class=\"clearboth\"><\/div><style>#thegem-divider-69ee8c0caaa8a {margin-top: 85px !important;}<\/style><div id=\"thegem-divider-69ee8c0caaa8a\" class=\"gem-divider  \" style=\"\" ><\/div><div class=\"clearboth\"><\/div><style>#thegem-divider-69ee8c0caab0a {margin-top: 270px !important;}<\/style><div id=\"thegem-divider-69ee8c0caab0a\" class=\"gem-divider  divider-hidden\" style=\"\" ><\/div>[vc_column_text css=&#8221;&#8221; css_animation=&#8221;bottom-to-top&#8221;]<\/p>\n<div class=\"title-xlarge\"><span style=\"color: #ffffff;\"><br \/>\nd<span style=\"color: #a8c307;\">raussen digital<\/span> Imprint<\/span><\/div>\n<p>[\/vc_column_text]<div class=\"clearboth\"><\/div><style>#thegem-divider-69ee8c0caab51 {margin-top: 40px !important;}<\/style><div id=\"thegem-divider-69ee8c0caab51\" class=\"gem-divider  \" style=\"\" ><\/div>[vc_column_text css=&#8221;&#8221; css_animation=&#8221;bottom-to-top&#8221;]<\/p>\n<div class=\"styled-subtitle\"><span style=\"color: #ffffff;\">&#8220;Chi siamo&#8221;.<\/span><\/div>\n<p>[\/vc_column_text]<div class=\"clearboth\"><\/div><style>#thegem-divider-69ee8c0caab86 {margin-top: 90px !important;}<\/style><div id=\"thegem-divider-69ee8c0caab86\" class=\"gem-divider  \" style=\"\" ><\/div>[\/vc_column][vc_column css=&#8221;.vc_custom_1738074398062{background-image: url(https:\/\/www.green-solutions.info\/wp-content\/uploads\/2025\/01\/header_impressum.jpg?id=85022) !important;background-position: center !important;background-repeat: no-repeat !important;background-size: cover !important;}&#8221; offset=&#8221;vc_col-md-6&#8243;]<div class=\"clearboth\"><\/div><style>#thegem-divider-69ee8c0caabb8 {margin-top: 500px !important;}<\/style><div id=\"thegem-divider-69ee8c0caabb8\" class=\"gem-divider  \" style=\"\" ><\/div>[\/vc_column][\/vc_row][vc_row][vc_column]<div class=\"clearboth\"><\/div><style>#thegem-divider-69ee8c0caabe7 {margin-top: 40px !important;}<\/style><div id=\"thegem-divider-69ee8c0caabe7\" class=\"gem-divider  \" style=\"\" ><\/div>[\/vc_column][\/vc_row][vc_row][vc_column][vc_column_text]<strong>green-solutions GmbH &amp; Co KG<\/strong><a title=\"ECG WKO  \" href=\"http:\/\/firmena-z.wko.at\/ecg.asp?MGID=2681086DBFA6C1EECA2D859988DA5BF7\" target=\"_blank\" rel=\"noopener noreferrer\"><br \/>\n<\/a><\/p>\n<p>Viehmarktplatz 6 82418 Murnau Germania<\/p>\n<p>Telefono: +49 8841 4874011 Fax +49 (0)8841 4874012<\/p>\n<p>email: <a title=\"e-mail\" href=\"mailto:office@green-solutions.info\" target=\"_blank\" rel=\"noopener noreferrer\">office@green-solutions.info<\/a><\/p>\n<p>&nbsp;<\/p>\n<p><strong><br \/>\n<\/strong><\/p>\n<p>Coordinate bancarie <strong><strong>generali<\/strong>: Vereinigte Sparkassen im Landkreis Weilheim i. OB Numero di conto: 32259020 IBAN: DE77703510300032259020 BIC: BYLADEM1WHM<\/strong><\/p>\n<p>Altro: AG Munich HRA 101671 Partita IVA DE293059173<\/p>\n<p>Partner responsabile in prima persona: Green-Solutions Verwaltungs-GmbH Amministratore delegato: Dipl.-Ing. Rainer Lampl<\/p>\n<p>&nbsp;<\/p>\n<p><strong>Termini e condizioni generali<\/strong><\/p>\n<p><a href=\"https:\/\/www.green-solutions.info\/\/wp-content\/uploads\/2014\/03\/AGB.pdf\">AGB<\/a> (\u00e8 necessario <a title=\"Adobe Reader\" href=\"http:\/\/get.adobe.com\/de\/reader\/\" target=\"_blank\" rel=\"noopener noreferrer\">Adobe Reader<\/a> per visualizzarlo)<\/p>\n<p>&nbsp;<\/p>\n<p>&nbsp;<\/p>\n<p><strong><br \/>\nWeb design:<\/strong> green-solutions<strong> <\/strong><\/p>\n<p><strong>Crediti per le immagini:<\/strong><\/p>\n<p><i>\u00a9 auremar &#8211; Fotolia.com<\/i><br \/>\n<i>\u00a9 fotogestoeber &#8211; Fotolia.com<br \/>\n<i>\u00a9 Gina Sanders &#8211; Fotolia.com<\/i><br \/>\n<i>\u00a9 T. Michel &#8211; Fotolia.com<\/i><br \/>\n<i>\u00a9 style-photography.de &#8211; Fotolia.com<\/i><br \/>\n<i>\u00a9 SP-PIC &#8211; Fotolia.com<br \/>\n<\/i><i><i>\u00a9<\/i><\/i> Dynafit<br \/>\n<i><i>\u00a9<\/i><\/i> Amici della Natura Austria<br \/>\n<i><i>\u00a9<\/i><\/i><br \/>\nKarl Posch, Sportconsult \u00a9 Marco Felgenhauer, Woidlife Photography<br \/>\n<i><i>\u00a9<\/i><\/i> David Sch\u00e4ffler<br \/>\n<i><i>\u00a9<\/i><\/i> Hannes Tietz<br \/>\n<i><i><i>\u00a9<\/i><\/i> Mario Billich<\/i><br \/>\n<i><i>\u00a9<\/i><\/i><\/p>\n<p>green-solutions \u00a9 Andreas Kern \u00a9 ARGE Mountainbike<br \/>\n<\/i><\/p>\n<p>&nbsp;<\/p>\n<p><strong>Spiegazione<\/strong><\/p>\n<h2>Informazioni ai sensi del \u00a7 5 TMG:<\/h2>\n<p>green-solutions GmbH &amp; Co KG<br \/>\nViehmarktplatz 6<br \/>\n82418 Murnau<\/p>\n<h2>Rappresentato da:<\/h2>\n<p>Rainer Lampl, Amministratore delegato<\/p>\n<h2>Contatto:<\/h2>\n<p>Telefono: 00490884104874011<br \/>\nFax: 00490884104874012<br \/>\nE-mail: office@green-solutions.info<\/p>\n<h2>Registra l&#8217;iscrizione:<\/h2>\n<p>Iscrizione nel registro delle imprese.<br \/>\nTribunale del registro: Registro delle imprese A Monaco di Baviera<br \/>\nNumero di registro: HRA 101671<\/p>\n<h2>Imposta sul valore aggiunto:<\/h2>\n<p>Numero di identificazione dell&#8217;imposta sul valore aggiunto ai sensi del \u00a727 a della legge sull&#8217;imposta sul valore aggiunto:<br \/>\nDE293059173<\/p>\n<h2>Risoluzione delle controversie<\/h2>\n<p>Non siamo disposti o obbligati a partecipare a procedure di risoluzione delle controversie davanti a un collegio arbitrale dei consumatori.<\/p>\n<h3>Responsabilit\u00e0 per i contenuti<\/h3>\n<p>In qualit\u00e0 di fornitore di servizi, siamo responsabili dei nostri contenuti su queste pagine in conformit\u00e0 all&#8217;articolo 7 (1) TMG (legge tedesca sui media telematici) e alla legislazione generale. Ai sensi dei \u00a7\u00a7 8-10 TMG, tuttavia, in qualit\u00e0 di fornitore di servizi non siamo obbligati a monitorare le informazioni trasmesse o memorizzate da terzi o a indagare su circostanze che indicano un&#8217;attivit\u00e0 illegale.  <\/p>\n<p>L&#8217;obbligo di rimuovere o bloccare l&#8217;uso delle informazioni in conformit\u00e0 alla legislazione generale rimane inalterato. Tuttavia, la responsabilit\u00e0 in questo senso \u00e8 possibile solo dal momento in cui veniamo a conoscenza di una specifica violazione. Non appena verremo a conoscenza di tali violazioni, rimuoveremo immediatamente i contenuti.  <\/p>\n<h3>Responsabilit\u00e0 per i link<\/h3>\n<p>Il nostro sito web contiene link a siti web esterni di terzi sui cui contenuti non abbiamo alcuna influenza. Pertanto, non possiamo assumerci alcuna responsabilit\u00e0 per questi contenuti di terzi. Il rispettivo fornitore o gestore delle pagine \u00e8 sempre responsabile del contenuto delle pagine collegate. Le pagine collegate sono state controllate per verificare la presenza di eventuali violazioni legali al momento del collegamento. I contenuti illegali non sono stati individuati al momento del collegamento.    <\/p>\n<p>Tuttavia, il monitoraggio permanente del contenuto delle pagine collegate non \u00e8 ragionevole in assenza di prove concrete di una violazione. Se veniamo a conoscenza di violazioni legali, rimuoveremo immediatamente tali link. <\/p>\n<h3>Copyright<\/h3>\n<p>I contenuti e le opere create dagli operatori del sito in queste pagine sono soggetti alla legge tedesca sul copyright. La duplicazione, l&#8217;elaborazione, la distribuzione e qualsiasi tipo di utilizzo al di fuori dei limiti della legge sul copyright richiedono il consenso scritto del rispettivo autore o creatore. I download e le copie di questo sito sono consentiti solo per uso privato e non commerciale.  <\/p>\n<p>Nella misura in cui i contenuti di questo sito non sono stati creati dall&#8217;operatore, vengono rispettati i diritti d&#8217;autore di terzi. In particolare, i contenuti di terzi sono contrassegnati come tali. Se tuttavia dovessi venire a conoscenza di una violazione del copyright, ti preghiamo di informarci di conseguenza. Qualora venissimo a conoscenza di violazioni, provvederemo a rimuovere immediatamente tali contenuti.[\/vc_column_text][\/vc_column][\/vc_row]<\/p>\n<\/div>","protected":false},"excerpt":{"rendered":"<p>[vc_row full_width=&#8221;stretch_row_content_no_spaces&#8221; equal_height=&#8221;yes&#8221; css=&#8221;.vc_custom_1550842308747{margin-bottom: 0px !important;padding-bottom: 0px !important;}&#8221;][vc_column disable_custom_paddings_mobile=&#8221;true&#8221; css=&#8221;.vc_custom_1738074705275{padding-right: 190px !important;padding-left: 70px !important;background: #323236 url(https:\/\/www.green-solutions.info\/wp-content\/uploads\/2025\/01\/ourgreen-solutions-1.png?id=85038) !important;background-position: center !important;background-repeat: no-repeat&#8230;<\/p>\n","protected":false},"author":1,"featured_media":0,"parent":0,"menu_order":5,"comment_status":"closed","ping_status":"closed","template":"","meta":{"om_disable_all_campaigns":false,"_monsterinsights_skip_tracking":false,"_monsterinsights_sitenote_active":false,"_monsterinsights_sitenote_note":"","_monsterinsights_sitenote_category":0,"footnotes":""},"categories":[1280,1275,1276],"tags":[],"class_list":{"0":"post-99782","1":"page","2":"type-page","3":"status-publish","5":"category-design-2025-it","6":"category-design-2025-incompleto","7":"category-soluzioni-verdi"},"aioseo_notices":[],"_links":{"self":[{"href":"https:\/\/www.green-solutions.info\/it\/wp-json\/wp\/v2\/pages\/99782","targetHints":{"allow":["GET"]}}],"collection":[{"href":"https:\/\/www.green-solutions.info\/it\/wp-json\/wp\/v2\/pages"}],"about":[{"href":"https:\/\/www.green-solutions.info\/it\/wp-json\/wp\/v2\/types\/page"}],"author":[{"embeddable":true,"href":"https:\/\/www.green-solutions.info\/it\/wp-json\/wp\/v2\/users\/1"}],"replies":[{"embeddable":true,"href":"https:\/\/www.green-solutions.info\/it\/wp-json\/wp\/v2\/comments?post=99782"}],"version-history":[{"count":0,"href":"https:\/\/www.green-solutions.info\/it\/wp-json\/wp\/v2\/pages\/99782\/revisions"}],"wp:attachment":[{"href":"https:\/\/www.green-solutions.info\/it\/wp-json\/wp\/v2\/media?parent=99782"}],"wp:term":[{"taxonomy":"category","embeddable":true,"href":"https:\/\/www.green-solutions.info\/it\/wp-json\/wp\/v2\/categories?post=99782"},{"taxonomy":"post_tag","embeddable":true,"href":"https:\/\/www.green-solutions.info\/it\/wp-json\/wp\/v2\/tags?post=99782"}],"curies":[{"name":"wp","href":"https:\/\/api.w.org\/{rel}","templated":true}]}}