{"id":87178,"date":"2023-12-14T23:14:16","date_gmt":"2023-12-14T22:14:16","guid":{"rendered":"https:\/\/www.green-solutions.info\/supprimer-le-compte-tourinfra\/"},"modified":"2025-02-15T13:54:08","modified_gmt":"2025-02-15T12:54:08","slug":"supprimer-le-compte-tourinfra","status":"publish","type":"page","link":"https:\/\/www.green-solutions.info\/fr\/services-et-solutions\/tourinfra\/supprimer-le-compte-tourinfra\/","title":{"rendered":"supprimer le compte tourinfra"},"content":{"rendered":"<div class=\"wpb-content-wrapper\"><p>[vc_row full_width=\u00a0\u00bbstretch_row_content_no_spaces\u00a0\u00bb equal_height=\u00a0\u00bbyes\u00a0\u00bb css=\u00a0\u00bb.vc_custom_1736513464651{margin-bottom: 0px !important;padding-bottom: 0px !important;}\u00a0\u00bb row_title=\u00a0\u00bbHeader 2025 GS-TEAM\u00a0\u00bb][vc_column disable_custom_paddings_mobile=\u00a0\u00bbtrue\u00a0\u00bb css=\u00a0\u00bb.vc_custom_1736501496344{padding-right: 190px !important;padding-left: 70px !important;background: #323236 url(https:\/\/www.green-solutions.info\/wp-content\/uploads\/2025\/01\/OurTeamTitle.png?id=81090) !important;background-position: center !important;background-repeat: no-repeat !important;background-size: contain !important;}\u00a0\u00bb offset=\u00a0\u00bbvc_col-md-6 vc_col-sm-offset-0&Prime; el_class=\u00a0\u00bbverticalPageTitle\u00a0\u00bb]<div class=\"clearboth\"><\/div><style>#thegem-divider-69f5afaeeb7ef {margin-top: 85px !important;}<\/style><div id=\"thegem-divider-69f5afaeeb7ef\" class=\"gem-divider  \" style=\"\" ><\/div><div class=\"clearboth\"><\/div><style>#thegem-divider-69f5afaeeb8a4 {margin-top: 270px !important;}<\/style><div id=\"thegem-divider-69f5afaeeb8a4\" class=\"gem-divider  divider-hidden\" style=\"\" ><\/div>[vc_column_text css=\u00a0\u00bb\u00a0\u00bb css_animation=\u00a0\u00bbbottom-to-top\u00a0\u00bb]<\/p>\n<div class=\"title-xlarge\"><span style=\"color: #83bc1a;\">draussen digital<\/span><br \/>\n<span style=\"color: #ffffff;\">Supprimer un compte<\/span><\/div>\n<p>[\/vc_column_text]<div class=\"clearboth\"><\/div><style>#thegem-divider-69f5afaeeb8f6 {margin-top: 40px !important;}<\/style><div id=\"thegem-divider-69f5afaeeb8f6\" class=\"gem-divider  \" style=\"\" ><\/div>[vc_column_text css=\u00a0\u00bb\u00a0\u00bb css_animation=\u00a0\u00bbbottom-to-top\u00a0\u00bb]<\/p>\n<div class=\"styled-subtitle\">\n<p><span style=\"color: #ffffff;\">Nous planifions des itin\u00e9raires, d\u00e9veloppons des produits num\u00e9riques et concevons des cartes pour des exp\u00e9riences de plein air inoubliables.<\/span><\/p>\n<\/div>\n<p>[\/vc_column_text]<div class=\"clearboth\"><\/div><style>#thegem-divider-69f5afaeeb93e {margin-top: 90px !important;}<\/style><div id=\"thegem-divider-69f5afaeeb93e\" class=\"gem-divider  \" style=\"\" ><\/div>[\/vc_column][vc_column css=\u00a0\u00bb.vc_custom_1736516745728{background-image: url(https:\/\/www.green-solutions.info\/wp-content\/uploads\/2025\/01\/header_team.jpg?id=81179) !important;background-position: center !important;background-repeat: no-repeat !important;background-size: cover !important;}\u00a0\u00bb offset=\u00a0\u00bbvc_col-md-6&Prime;]<div class=\"clearboth\"><\/div><style>#thegem-divider-69f5afaeeb98a {margin-top: 500px !important;}<\/style><div id=\"thegem-divider-69f5afaeeb98a\" class=\"gem-divider  \" style=\"\" ><\/div>[\/vc_column][\/vc_row][vc_row css=\u00a0\u00bb.vc_custom_1452215418532{padding-top: 10px !important;padding-bottom: 10px !important;background-position: center !important;background-repeat: no-repeat !important;background-size: cover !important;}\u00a0\u00bb][vc_column width=\u00a0\u00bb1\/2&Prime;][vc_single_image image=\u00a0\u00bb78786&Prime; img_size=\u00a0\u00bb560*420&Prime; onclick=\u00a0\u00bblink_image\u00a0\u00bb][\/vc_column][vc_column width=\u00a0\u00bb1\/2&Prime;][vc_custom_heading text=\u00a0\u00bbVous pouvez supprimer votre compte tourinfra\u00a0\u00bb font_container=\u00a0\u00bbtag:h2|text_align:left|color:%23595959&Prime; use_theme_fonts=\u00a0\u00bbyes\u00a0\u00bb][vc_column_text]<strong>Rendez-vous sur :<br \/>\n<\/strong><strong>www.tourinfra.com. <\/strong>Connectez-vous avec vos donn\u00e9es de compte.[\/vc_column_text][\/vc_column][\/vc_row][vc_row full_width=\u00a0\u00bbstretch_row\u00a0\u00bb css=\u00a0\u00bb.vc_custom_1738062605110{padding-top: 10px !important;padding-bottom: 10px !important;background-color: #F0F3F2 !important;background-position: center !important;background-repeat: no-repeat !important;background-size: cover !important;}\u00a0\u00bb][vc_column width=\u00a0\u00bb1\/2&Prime;][vc_custom_heading text=\u00a0\u00bbTableau de bord\u00a0\u00bb font_container=\u00a0\u00bbtag:h2|text_align:left|color:%23595959&Prime; use_theme_fonts=\u00a0\u00bbyes\u00a0\u00bb][vc_column_text css=\u00a0\u00bb.vc_custom_1702594980213{margin-right: 20px !important;}\u00a0\u00bb]Apr\u00e8s vous \u00eatre connect\u00e9, vous serez dirig\u00e9 vers le tableau de bord. Cliquez ensuite sur votre Profilld.[\/vc_column_text][\/vc_column][vc_column width=\u00a0\u00bb1\/2&Prime;][vc_single_image image=\u00a0\u00bb78793&Prime; img_size=\u00a0\u00bb560*420&Prime; onclick=\u00a0\u00bblink_image\u00a0\u00bb][\/vc_column][\/vc_row][vc_row css=\u00a0\u00bb.vc_custom_1452215418532{padding-top: 10px !important;padding-bottom: 10px !important;background-position: center !important;background-repeat: no-repeat !important;background-size: cover !important;}\u00a0\u00bb][vc_column width=\u00a0\u00bb1\/2&Prime;][vc_single_image image=\u00a0\u00bb78802&Prime; img_size=\u00a0\u00bb560*420&Prime; onclick=\u00a0\u00bblink_image\u00a0\u00bb][\/vc_column][vc_column width=\u00a0\u00bb1\/2&Prime;][vc_custom_heading text=\u00a0\u00bbSuppression du compte\u00a0\u00bb font_container=\u00a0\u00bbtag:h2|text_align:left|color:%23595959&Prime; use_theme_fonts=\u00a0\u00bbyes\u00a0\u00bb][vc_column_text]Allez dans votre zone de profil et cliquez sur <strong>\u00ab\u00a0Supprimer\u00a0\u00bb. <\/strong>Confirmez ensuite la bo\u00eete de dialogue qui s&rsquo;affiche en cliquant <strong> sur \u00ab\u00a0Oui\u00a0\u00bb <\/strong>. Votre compte est alors supprim\u00e9 et vous \u00eates d\u00e9connect\u00e9 du syst\u00e8me.[\/vc_column_text][\/vc_column][\/vc_row]<\/p>\n<\/div>","protected":false},"excerpt":{"rendered":"<p>[vc_row full_width=\u00a0\u00bbstretch_row_content_no_spaces\u00a0\u00bb equal_height=\u00a0\u00bbyes\u00a0\u00bb css=\u00a0\u00bb.vc_custom_1736513464651{margin-bottom: 0px !important;padding-bottom: 0px !important;}\u00a0\u00bb row_title=\u00a0\u00bbHeader 2025 GS-TEAM\u00a0\u00bb][vc_column disable_custom_paddings_mobile=\u00a0\u00bbtrue\u00a0\u00bb css=\u00a0\u00bb.vc_custom_1736501496344{padding-right: 190px !important;padding-left: 70px !important;background: #323236 url(https:\/\/www.green-solutions.info\/wp-content\/uploads\/2025\/01\/OurTeamTitle.png?id=81090) !important;background-position:&#8230;<\/p>\n","protected":false},"author":1,"featured_media":0,"parent":87531,"menu_order":15,"comment_status":"closed","ping_status":"closed","template":"","meta":{"om_disable_all_campaigns":false,"_monsterinsights_skip_tracking":false,"_monsterinsights_sitenote_active":false,"_monsterinsights_sitenote_note":"","_monsterinsights_sitenote_category":0,"footnotes":""},"categories":[1281,1270],"tags":[],"class_list":{"0":"post-87178","1":"page","2":"type-page","3":"status-publish","5":"category-design-2025-fr","6":"category-green-solutions-fr"},"aioseo_notices":[],"_links":{"self":[{"href":"https:\/\/www.green-solutions.info\/fr\/wp-json\/wp\/v2\/pages\/87178","targetHints":{"allow":["GET"]}}],"collection":[{"href":"https:\/\/www.green-solutions.info\/fr\/wp-json\/wp\/v2\/pages"}],"about":[{"href":"https:\/\/www.green-solutions.info\/fr\/wp-json\/wp\/v2\/types\/page"}],"author":[{"embeddable":true,"href":"https:\/\/www.green-solutions.info\/fr\/wp-json\/wp\/v2\/users\/1"}],"replies":[{"embeddable":true,"href":"https:\/\/www.green-solutions.info\/fr\/wp-json\/wp\/v2\/comments?post=87178"}],"version-history":[{"count":0,"href":"https:\/\/www.green-solutions.info\/fr\/wp-json\/wp\/v2\/pages\/87178\/revisions"}],"up":[{"embeddable":true,"href":"https:\/\/www.green-solutions.info\/fr\/wp-json\/wp\/v2\/pages\/87531"}],"wp:attachment":[{"href":"https:\/\/www.green-solutions.info\/fr\/wp-json\/wp\/v2\/media?parent=87178"}],"wp:term":[{"taxonomy":"category","embeddable":true,"href":"https:\/\/www.green-solutions.info\/fr\/wp-json\/wp\/v2\/categories?post=87178"},{"taxonomy":"post_tag","embeddable":true,"href":"https:\/\/www.green-solutions.info\/fr\/wp-json\/wp\/v2\/tags?post=87178"}],"curies":[{"name":"wp","href":"https:\/\/api.w.org\/{rel}","templated":true}]}}