{"id":99841,"date":"2012-02-17T10:15:17","date_gmt":"2012-02-17T09:15:17","guid":{"rendered":"https:\/\/www.green-solutions.info\/sobre-nosotros\/equipo-green-solutions\/empleo\/"},"modified":"2025-02-15T14:51:55","modified_gmt":"2025-02-15T13:51:55","slug":"empleo","status":"publish","type":"page","link":"https:\/\/www.green-solutions.info\/es\/sobre-nosotros\/equipo-green-solutions\/empleo\/","title":{"rendered":"Empleo"},"content":{"rendered":"<div class=\"wpb-content-wrapper\"><p>[vc_row full_width=\u00bbstretch_row_content_no_spaces\u00bb equal_height=\u00bbyes\u00bb css=\u00bb.vc_custom_1548442690034{margin-bottom: 0px !important;padding-bottom: 0px !important;}\u00bb][vc_column disable_custom_paddings_mobile=\u00bbtrue\u00bb css=\u00bb.vc_custom_1554374255349{padding-right: 190px !important;padding-left: 70px !important;background: #323236 url(https:\/\/www.green-solutions.info\/wp-content\/uploads\/2019\/04\/ServicesTitle.png?id=1922) !important;background-position: center !important;background-repeat: no-repeat !important;background-size: contain !important;}\u00bb offset=\u00bbvc_col-md-6 vc_col-sm-offset-0&#8243; el_class=\u00bbverticalPageTitle\u00bb]<div class=\"clearboth\"><\/div><style>#thegem-divider-69f86e4eaab02 {margin-top: 85px !important;}<\/style><div id=\"thegem-divider-69f86e4eaab02\" class=\"gem-divider  \" style=\"\" ><\/div><div class=\"clearboth\"><\/div><style>#thegem-divider-69f86e4eaab94 {margin-top: 270px !important;}<\/style><div id=\"thegem-divider-69f86e4eaab94\" class=\"gem-divider  divider-hidden\" style=\"\" ><\/div>[vc_column_text css=\u00bb\u00bb css_animation=\u00bbbottom-to-top\u00bb]<\/p>\n<div class=\"title-xlarge\"><span style=\"color: #83bc1a;\">exterior digital<\/span><br \/><span style=\"color: #ffffff;\">Agencia de servicios integrales de exterior<\/span><\/div>\n<p>[\/vc_column_text]<div class=\"clearboth\"><\/div><style>#thegem-divider-69f86e4eaabd2 {margin-top: 40px !important;}<\/style><div id=\"thegem-divider-69f86e4eaabd2\" class=\"gem-divider  \" style=\"\" ><\/div>[vc_column_text css=\u00bb.vc_custom_1738023576596{padding-right: 50px !important;}\u00bb css_animation=\u00bbbottom-to-top\u00bb]<\/p>\n<div class=\"styled-subtitle\"><span style=\"color: #ffffff;\">Desarrollamos soluciones contempor\u00e1neas y sostenibles para la interacci\u00f3n entre tecnolog\u00eda, turismo y conservaci\u00f3n de la naturaleza.<\/span><\/div>\n<p>[\/vc_column_text]<div class=\"clearboth\"><\/div><style>#thegem-divider-69f86e4eaac07 {margin-top: 90px !important;}<\/style><div id=\"thegem-divider-69f86e4eaac07\" class=\"gem-divider  \" style=\"\" ><\/div>[\/vc_column][vc_column css=\u00bb.vc_custom_1738021847572{background-image: url(https:\/\/www.green-solutions.info\/wp-content\/uploads\/2025\/01\/header_leistungen-1.jpg?id=84932) !important;background-position: center !important;background-repeat: no-repeat !important;background-size: cover !important;}\u00bb offset=\u00bbvc_col-md-6&#8243;]<div class=\"clearboth\"><\/div><style>#thegem-divider-69f86e4eaac3b {margin-top: 500px !important;}<\/style><div id=\"thegem-divider-69f86e4eaac3b\" class=\"gem-divider  \" style=\"\" ><\/div>[\/vc_column][\/vc_row][vc_row][vc_column][vc_empty_space][\/vc_column][\/vc_row][vc_row disable_element=\u00bbyes\u00bb][vc_column width=\u00bb2\/3&#8243;][vc_custom_heading text=\u00bb\u00a1Se busca cart\u00f3grafo!\u00bb use_theme_fonts=\u00bbyes\u00bb][vc_column_text]<br \/>En los \u00faltimos a\u00f1os, Green-solutions ha pasado de ser una mera empresa de registro de visitas tur\u00edsticas a un proveedor de servicios completos en el campo de la gesti\u00f3n de exteriores .<br \/>Nuestra gama de servicios abarca desde los conceptos de actividades al aire libre, su realizaci\u00f3n y la planificaci\u00f3n de sistemas de orientaci\u00f3n, hasta el cl\u00e1sico suministro de informaci\u00f3n mediante paneles informativos, se\u00f1alizaci\u00f3n y productos cartogr\u00e1ficos impresos.<br \/>Adem\u00e1s, la presentaci\u00f3n de temas espec\u00edficos de actividades al aire libre en mapas interactivos y aplicaciones, as\u00ed como la gesti\u00f3n de geodatos basada en la web, es una de las principales \u00e1reas de especializaci\u00f3n de green-solutions. Estas \u00e1reas de trabajo las lleva a cabo un equipo central de 10 empleados fijos.   <\/p>\n<p>B<strong>uscamos <\/strong><strong>un cart\u00f3grafo<\/strong><strong>para nuestra nueva sede de Dresde lo antes posible <\/strong>. El puesto est\u00e1 disponible a tiempo completo o parcial, inicialmente limitado a un a\u00f1o, con opci\u00f3n de continuidad laboral.<br \/>El horario de trabajo puede organizarse de forma flexible en el marco de los procesos de trabajo. <\/p>\n<p><strong>Tus tareas:<\/strong><\/p>\n<ul>\n<li>Creaci\u00f3n y edici\u00f3n de mapas y productos cartogr\u00e1ficos, basados principalmente en datos de OpenStreetMap para proyectos impresos y web<\/li>\n<li>Aplicaci\u00f3n de m\u00e9todos de visualizaci\u00f3n cartogr\u00e1fica<\/li>\n<li>Dise\u00f1o digital y generalizaci\u00f3n<\/li>\n<li>Salida de datos y gesti\u00f3n de (geo)datos<\/li>\n<li>Trabajos de composici\u00f3n y maquetaci\u00f3n durante la creaci\u00f3n de productos impresos (folletos, mapas, gu\u00edas de exteriores y paneles informativos).<\/li>\n<li>Colaboraci\u00f3n en la creaci\u00f3n de un mapa web utilizando mosaicos vectoriales basados en OpenStreetMap<\/li>\n<\/ul>\n<p>[\/vc_column_text][ult_createlink title=\u00bbZur Stellenausschreibung\u00bb btn_link=\u00bburl:https%3A%2F%2Fwww.green-solutions.info%2Fdownload%2Fstellenausschreibung-kartographie%2F\u00bb link_hover_style=\u00bbStyle_3&#8243; text_color=\u00bb#a2e820&#8243; border_size=\u00bb1&#8243; text_style=\u00bbleft\u00bb heading_style=\u00bbfont-weight:bold;\u00bb][\/vc_column][vc_column width=\u00bb1\/3&#8243;][vc_gallery interval=\u00bb3&#8243; images=\u00bb38387,38380,38154,38162,38146,37981&#8243; img_size=\u00bb300*300&#8243; onclick=\u00bb\u00bb][\/vc_column][\/vc_row][vc_row][vc_column][vc_empty_space][\/vc_column][\/vc_row][vc_row][vc_column width=\u00bb1\/3&#8243;]<style>.gem-gallery-grid#style-69f86e4eab06b .gallery-item { padding: calc(42px\/2) !important; }.gem-gallery-grid#style-69f86e4eab06b .gallery-set { margin-top: calc(-42px\/2); margin-bottom: calc(-42px\/2); }.gem-gallery-grid#style-69f86e4eab06b .not-fullwidth-block .gallery-set, .gem-gallery-grid#style-69f86e4eab06b .not-fullwidth-block .portfolio-item-size-container { margin-left: calc(-42px\/2); margin-right: calc(-42px\/2); }.gem-gallery-grid#style-69f86e4eab06b .fullwidth-block { padding-left: calc(42px\/2); padding-right: calc(42px\/2); }.gem-gallery-grid#style-69f86e4eab06b .portfolio-filters { text-align: center }<\/style> <div class=\"gallery-preloader-wrapper\"> <div class=\"row\"> <div id=\"style-69f86e4eab06b\" class=\"gem-gallery-grid col-lg-12 col-md-12 col-sm-12 gallery-style-justified hover-default loading-animation item-animation-move-up columns-2 columns-tablet-2 columns-mobile-1 gaps-margin disable-isotope \" data-hover=\"default\" data-uid=\"69f86e4eab06b\" data-filter=\"[]\"> <div class=\"portfolio not-fullwidth-block \"> <ul class=\"gallery-set clearfix\" data-max-row-height=\"380\"> <li class=\"gallery-item gallery-0 col-xs-12 col-sm-6 col-md-6 item-animations-not-inited single-icon post-99841 page type-page status-publish category-diseno-2025 category-diseno-2025-incompleto category-green-solutions-es\" style=\"\"> <div class=\"wrap gem-wrapbox-style-default\"> <div class=\"overlay-wrap\"> <div class=\"image-wrap \"> <picture> <source srcset=\"https:\/\/www.green-solutions.info\/wp-content\/uploads\/2020\/03\/20200327_153219web-thegem-product-justified-square-xl.jpg 1x\" sizes=\"100vw\"> <img src=\"https:\/\/www.green-solutions.info\/wp-content\/uploads\/2020\/03\/20200327_153219web-thegem-product-justified-square-xl.jpg\" width=\"700\" height=\"700\" class=\"attachment-thegem-product-justified-square-xl\" alt=\"20200327_153219web\" \/> <\/picture> <\/div> <div class=\"overlay \"> <div class=\"overlay-circle\"><\/div> <a href=\"https:\/\/www.green-solutions.info\/wp-content\/uploads\/2020\/03\/20200327_153219web.jpg\" class=\"gallery-item-link fancy-gallery\" data-fancybox=\"gallery-69f86e4eab06b\" aria-label=\"Fullsize Image: 20200327_153219web\"> <span class=\"slide-info\"> <\/span> <\/a> <div class=\"overlay-content\"> <div class=\"overlay-content-center\"> <div class=\"overlay-content-inner\"> <a href=\"https:\/\/www.green-solutions.info\/wp-content\/uploads\/2020\/03\/20200327_153219web.jpg\" class=\"icon photo \" aria-label=\"Fullsize Image: 20200327_153219web\"> <\/a> <div class=\"overlay-line\"><\/div> <\/div> <\/div> <\/div> <\/div> <\/div> <\/div> <\/li> <li class=\"gallery-item gallery-0 col-xs-12 col-sm-6 col-md-6 item-animations-not-inited single-icon post-99841 page type-page status-publish category-diseno-2025 category-diseno-2025-incompleto category-green-solutions-es\" style=\"\"> <div class=\"wrap gem-wrapbox-style-default\"> <div class=\"overlay-wrap\"> <div class=\"image-wrap \"> <picture> <source srcset=\"https:\/\/www.green-solutions.info\/wp-content\/uploads\/2020\/01\/qualit\u00e4tsmanagement-thegem-product-justified-square-xl.jpg 1x\" sizes=\"100vw\"> <img src=\"https:\/\/www.green-solutions.info\/wp-content\/uploads\/2020\/01\/qualit\u00e4tsmanagement-thegem-product-justified-square-xl.jpg\" width=\"700\" height=\"700\" class=\"attachment-thegem-product-justified-square-xl\" alt=\"qualit\u00e4tsmanagement\" \/> <\/picture> <\/div> <div class=\"overlay \"> <div class=\"overlay-circle\"><\/div> <a href=\"https:\/\/www.green-solutions.info\/wp-content\/uploads\/2020\/01\/qualit\u00e4tsmanagement.jpg\" class=\"gallery-item-link fancy-gallery\" data-fancybox=\"gallery-69f86e4eab06b\" aria-label=\"Fullsize Image: qualit\u00e4tsmanagement\"> <span class=\"slide-info\"> <\/span> <\/a> <div class=\"overlay-content\"> <div class=\"overlay-content-center\"> <div class=\"overlay-content-inner\"> <a href=\"https:\/\/www.green-solutions.info\/wp-content\/uploads\/2020\/01\/qualit\u00e4tsmanagement.jpg\" class=\"icon photo \" aria-label=\"Fullsize Image: qualit\u00e4tsmanagement\"> <\/a> <div class=\"overlay-line\"><\/div> <\/div> <\/div> <\/div> <\/div> <\/div> <\/div> <\/li> <li class=\"gallery-item gallery-0 col-xs-12 col-sm-6 col-md-6 item-animations-not-inited single-icon post-99841 page type-page status-publish category-diseno-2025 category-diseno-2025-incompleto category-green-solutions-es\" style=\"\"> <div class=\"wrap gem-wrapbox-style-default\"> <div class=\"overlay-wrap\"> <div class=\"image-wrap \"> <picture> <source srcset=\"https:\/\/www.green-solutions.info\/wp-content\/uploads\/2020\/02\/trans-bayerwald-01-1-thegem-product-justified-square-xl.jpg 1x\" sizes=\"100vw\"> <img src=\"https:\/\/www.green-solutions.info\/wp-content\/uploads\/2020\/02\/trans-bayerwald-01-1-thegem-product-justified-square-xl.jpg\" width=\"700\" height=\"675\" class=\"attachment-thegem-product-justified-square-xl\" alt=\"trans-bayerwald-01\" \/> <\/picture> <\/div> <div class=\"overlay \"> <div class=\"overlay-circle\"><\/div> <a href=\"https:\/\/www.green-solutions.info\/wp-content\/uploads\/2020\/02\/trans-bayerwald-01-1.jpg\" class=\"gallery-item-link fancy-gallery\" data-fancybox=\"gallery-69f86e4eab06b\" aria-label=\"Fullsize Image: trans-bayerwald-01\"> <span class=\"slide-info\"> <\/span> <\/a> <div class=\"overlay-content\"> <div class=\"overlay-content-center\"> <div class=\"overlay-content-inner\"> <a href=\"https:\/\/www.green-solutions.info\/wp-content\/uploads\/2020\/02\/trans-bayerwald-01-1.jpg\" class=\"icon photo \" aria-label=\"Fullsize Image: trans-bayerwald-01\"> <\/a> <div class=\"overlay-line\"><\/div> <\/div> <\/div> <\/div> <\/div> <\/div> <\/div> <\/li> <li class=\"gallery-item gallery-0 col-xs-12 col-sm-6 col-md-6 item-animations-not-inited single-icon post-99841 page type-page status-publish category-diseno-2025 category-diseno-2025-incompleto category-green-solutions-es\" style=\"\"> <div class=\"wrap gem-wrapbox-style-default\"> <div class=\"overlay-wrap\"> <div class=\"image-wrap \"> <picture> <source srcset=\"https:\/\/www.green-solutions.info\/wp-content\/uploads\/2020\/03\/web_kern_02-thegem-product-justified-square-xl.jpg 1x\" sizes=\"100vw\"> <img src=\"https:\/\/www.green-solutions.info\/wp-content\/uploads\/2020\/03\/web_kern_02-thegem-product-justified-square-xl.jpg\" width=\"700\" height=\"700\" class=\"attachment-thegem-product-justified-square-xl\" alt=\"web_kern_02\" \/> <\/picture> <\/div> <div class=\"overlay \"> <div class=\"overlay-circle\"><\/div> <a href=\"https:\/\/www.green-solutions.info\/wp-content\/uploads\/2020\/03\/web_kern_02.jpg\" class=\"gallery-item-link fancy-gallery\" data-fancybox=\"gallery-69f86e4eab06b\" aria-label=\"Fullsize Image: web_kern_02\"> <span class=\"slide-info\"> <span class=\"slide-info-title\"> Outdoor-Booklet <\/span> <\/span> <\/a> <div class=\"overlay-content\"> <div class=\"overlay-content-center\"> <div class=\"overlay-content-inner\"> <a href=\"https:\/\/www.green-solutions.info\/wp-content\/uploads\/2020\/03\/web_kern_02.jpg\" class=\"icon photo \" aria-label=\"Fullsize Image: web_kern_02\"> <\/a> <div class=\"overlay-line\"><\/div> <div class=\"title\"> Outdoor-Booklet <\/div> <\/div> <\/div> <\/div> <\/div> <\/div> <\/div> <\/li> <li class=\"gallery-item gallery-0 col-xs-12 col-sm-6 col-md-6 item-animations-not-inited single-icon post-99841 page type-page status-publish category-diseno-2025 category-diseno-2025-incompleto category-green-solutions-es\" style=\"\"> <div class=\"wrap gem-wrapbox-style-default\"> <div class=\"overlay-wrap\"> <div class=\"image-wrap \"> <picture> <source srcset=\"https:\/\/www.green-solutions.info\/wp-content\/uploads\/2025\/01\/beitrag_montage_chiemgau.jpg 1x\" sizes=\"100vw\"> <img src=\"https:\/\/www.green-solutions.info\/wp-content\/uploads\/2025\/01\/beitrag_montage_chiemgau.jpg\" width=\"500\" height=\"500\" class=\"attachment-thegem-product-justified-square-xl\" alt=\"beitrag_montage_chiemgau\" \/> <\/picture> <\/div> <div class=\"overlay \"> <div class=\"overlay-circle\"><\/div> <a href=\"https:\/\/www.green-solutions.info\/wp-content\/uploads\/2025\/01\/beitrag_montage_chiemgau.jpg\" class=\"gallery-item-link fancy-gallery\" data-fancybox=\"gallery-69f86e4eab06b\" aria-label=\"Fullsize Image: beitrag_montage_chiemgau\"> <span class=\"slide-info\"> <\/span> <\/a> <div class=\"overlay-content\"> <div class=\"overlay-content-center\"> <div class=\"overlay-content-inner\"> <a href=\"https:\/\/www.green-solutions.info\/wp-content\/uploads\/2025\/01\/beitrag_montage_chiemgau.jpg\" class=\"icon photo \" aria-label=\"Fullsize Image: beitrag_montage_chiemgau\"> <\/a> <div class=\"overlay-line\"><\/div> <\/div> <\/div> <\/div> <\/div> <\/div> <\/div> <\/li> <li class=\"gallery-item gallery-0 col-xs-12 col-sm-6 col-md-6 item-animations-not-inited single-icon post-99841 page type-page status-publish category-diseno-2025 category-diseno-2025-incompleto category-green-solutions-es\" style=\"\"> <div class=\"wrap gem-wrapbox-style-default\"> <div class=\"overlay-wrap\"> <div class=\"image-wrap \"> <picture> <source srcset=\"https:\/\/www.green-solutions.info\/wp-content\/uploads\/2025\/01\/wanderkarte_inzell_05-thegem-product-justified-square-xl.jpg 1x\" sizes=\"100vw\"> <img src=\"https:\/\/www.green-solutions.info\/wp-content\/uploads\/2025\/01\/wanderkarte_inzell_05-thegem-product-justified-square-xl.jpg\" width=\"700\" height=\"700\" class=\"attachment-thegem-product-justified-square-xl\" alt=\"wanderkarte_inzell_05\" \/> <\/picture> <\/div> <div class=\"overlay \"> <div class=\"overlay-circle\"><\/div> <a href=\"https:\/\/www.green-solutions.info\/wp-content\/uploads\/2025\/01\/wanderkarte_inzell_05.jpg\" class=\"gallery-item-link fancy-gallery\" data-fancybox=\"gallery-69f86e4eab06b\" aria-label=\"Fullsize Image: wanderkarte_inzell_05\"> <span class=\"slide-info\"> <\/span> <\/a> <div class=\"overlay-content\"> <div class=\"overlay-content-center\"> <div class=\"overlay-content-inner\"> <a href=\"https:\/\/www.green-solutions.info\/wp-content\/uploads\/2025\/01\/wanderkarte_inzell_05.jpg\" class=\"icon photo \" aria-label=\"Fullsize Image: wanderkarte_inzell_05\"> <\/a> <div class=\"overlay-line\"><\/div> <\/div> <\/div> <\/div> <\/div> <\/div> <\/div> <\/li> <li class=\"gallery-item gallery-0 col-xs-12 col-sm-6 col-md-6 item-animations-not-inited single-icon post-99841 page type-page status-publish category-diseno-2025 category-diseno-2025-incompleto category-green-solutions-es\" style=\"\"> <div class=\"wrap gem-wrapbox-style-default\"> <div class=\"overlay-wrap\"> <div class=\"image-wrap \"> <picture> <source srcset=\"https:\/\/www.green-solutions.info\/wp-content\/uploads\/2025\/01\/header_montage-thegem-product-justified-square-xl.jpg 1x\" sizes=\"100vw\"> <img src=\"https:\/\/www.green-solutions.info\/wp-content\/uploads\/2025\/01\/header_montage-thegem-product-justified-square-xl.jpg\" width=\"700\" height=\"700\" class=\"attachment-thegem-product-justified-square-xl\" alt=\"header_montage\" \/> <\/picture> <\/div> <div class=\"overlay \"> <div class=\"overlay-circle\"><\/div> <a href=\"https:\/\/www.green-solutions.info\/wp-content\/uploads\/2025\/01\/header_montage.jpg\" class=\"gallery-item-link fancy-gallery\" data-fancybox=\"gallery-69f86e4eab06b\" aria-label=\"Fullsize Image: header_montage\"> <span class=\"slide-info\"> <\/span> <\/a> <div class=\"overlay-content\"> <div class=\"overlay-content-center\"> <div class=\"overlay-content-inner\"> <a href=\"https:\/\/www.green-solutions.info\/wp-content\/uploads\/2025\/01\/header_montage.jpg\" class=\"icon photo \" aria-label=\"Fullsize Image: header_montage\"> <\/a> <div class=\"overlay-line\"><\/div> <\/div> <\/div> <\/div> <\/div> <\/div> <\/div> <\/li> <li class=\"gallery-item gallery-0 col-xs-12 col-sm-6 col-md-6 item-animations-not-inited single-icon post-99841 page type-page status-publish category-diseno-2025 category-diseno-2025-incompleto category-green-solutions-es\" style=\"\"> <div class=\"wrap gem-wrapbox-style-default\"> <div class=\"overlay-wrap\"> <div class=\"image-wrap \"> <picture> <source srcset=\"https:\/\/www.green-solutions.info\/wp-content\/uploads\/2025\/01\/wandern_lenggries_beitrag_09-thegem-product-justified-square-xl.jpg 1x\" sizes=\"100vw\"> <img src=\"https:\/\/www.green-solutions.info\/wp-content\/uploads\/2025\/01\/wandern_lenggries_beitrag_09-thegem-product-justified-square-xl.jpg\" width=\"700\" height=\"700\" class=\"attachment-thegem-product-justified-square-xl\" alt=\"wandern_lenggries_beitrag_09\" \/> <\/picture> <\/div> <div class=\"overlay \"> <div class=\"overlay-circle\"><\/div> <a href=\"https:\/\/www.green-solutions.info\/wp-content\/uploads\/2025\/01\/wandern_lenggries_beitrag_09.jpg\" class=\"gallery-item-link fancy-gallery\" data-fancybox=\"gallery-69f86e4eab06b\" aria-label=\"Fullsize Image: wandern_lenggries_beitrag_09\"> <span class=\"slide-info\"> <span class=\"slide-info-title\"> Aufbau neuer Schilderstandorte. <\/span> <span class=\"slide-info-summary\"> Aufbau neuer Schilderstandorte. <\/span> <\/span> <\/a> <div class=\"overlay-content\"> <div class=\"overlay-content-center\"> <div class=\"overlay-content-inner\"> <a href=\"https:\/\/www.green-solutions.info\/wp-content\/uploads\/2025\/01\/wandern_lenggries_beitrag_09.jpg\" class=\"icon photo \" aria-label=\"Fullsize Image: wandern_lenggries_beitrag_09\"> <\/a> <div class=\"overlay-line\"><\/div> <div class=\"title\"> Aufbau neuer Schilderstandorte. <\/div> <div class=\"subtitle\"> Aufbau neuer Schilderstandorte. <\/div> <\/div> <\/div> <\/div> <\/div> <\/div> <\/div> <\/li> <\/ul> <\/div> <\/div> <\/div> <\/div>[\/vc_column][vc_column width=\u00bb2\/3&#8243;][vc_custom_heading text=\u00bbPr\u00e1cticas de 3 meses\u00bb use_theme_fonts=\u00bbyes\u00bb][vc_column_text]<strong>Periodos de pr\u00e1cticas disponibles 2023: Junio &#8211; Agosto \/ Septiembre &#8211; Noviembre  <\/strong><\/p>\n<p>Green-solutions busca becarios para tareas vers\u00e1tiles en exteriores y de oficina. Green-solutions es uno de los principales proveedores de soluciones de navegaci\u00f3n al aire libre para destinos tur\u00edsticos. Mediante una estrecha colaboraci\u00f3n con otras empresas del sector tur\u00edstico, ofrecemos una amplia gama de servicios.  <\/p>\n<p>Nuestro trabajo se centra en el \u00e1rea de<\/p>\n<ul>\n<li>Sistemas de geoinformaci\u00f3n<\/li>\n<li>Cartograf\u00eda<\/li>\n<li>Tecnolog\u00eda de navegaci\u00f3n<\/li>\n<li>Turismo y conceptos al aire libre<\/li>\n<li>Planificaci\u00f3n recreativa y paisaj\u00edstica<\/li>\n<\/ul>\n<p>Investigar\u00e1s y editar\u00e1s recorridos, trabajar\u00e1s en encargos cartogr\u00e1ficos, grabar\u00e1s recorridos sobre el terreno, trabajar\u00e1s en la realizaci\u00f3n de proyectos SIG y aprender\u00e1s lo \u00faltimo en cartograf\u00eda, programaci\u00f3n, edici\u00f3n y tecnolog\u00eda GPS.<\/p>\n<p>&nbsp;<\/p>\n<p><strong>Tu perfil:<\/strong><\/p>\n<p>Eres estudiante universitario de geograf\u00eda\/turismo o asignaturas similares y te entusiasma la informaci\u00f3n geogr\u00e1fica y sobre actividades al aire libre. Est\u00e1s familiarizado con las funciones b\u00e1sicas de los siguientes programas: MSOffice, google earth, ARC GIS, Q-GIS o programas SIG similares, as\u00ed como Adobe Photoshop, Adobe Indesing e Illustrator.[\/vc_column_text][\/vc_column][\/vc_row][vc_row][vc_column][vc_empty_space][\/vc_column][\/vc_row]<\/p>\n<\/div>","protected":false},"excerpt":{"rendered":"<p>[vc_row full_width=\u00bbstretch_row_content_no_spaces\u00bb equal_height=\u00bbyes\u00bb css=\u00bb.vc_custom_1548442690034{margin-bottom: 0px !important;padding-bottom: 0px !important;}\u00bb][vc_column disable_custom_paddings_mobile=\u00bbtrue\u00bb css=\u00bb.vc_custom_1554374255349{padding-right: 190px !important;padding-left: 70px !important;background: #323236 url(https:\/\/www.green-solutions.info\/wp-content\/uploads\/2019\/04\/ServicesTitle.png?id=1922) !important;background-position: center !important;background-repeat: no-repeat&#8230;<\/p>\n","protected":false},"author":1,"featured_media":0,"parent":87375,"menu_order":32,"comment_status":"closed","ping_status":"closed","template":"","meta":{"om_disable_all_campaigns":false,"_monsterinsights_skip_tracking":false,"_monsterinsights_sitenote_active":false,"_monsterinsights_sitenote_note":"","_monsterinsights_sitenote_category":0,"footnotes":""},"categories":[1286,1271,1272],"tags":[],"class_list":{"0":"post-99841","1":"page","2":"type-page","3":"status-publish","5":"category-diseno-2025","6":"category-diseno-2025-incompleto","7":"category-green-solutions-es"},"aioseo_notices":[],"_links":{"self":[{"href":"https:\/\/www.green-solutions.info\/es\/wp-json\/wp\/v2\/pages\/99841","targetHints":{"allow":["GET"]}}],"collection":[{"href":"https:\/\/www.green-solutions.info\/es\/wp-json\/wp\/v2\/pages"}],"about":[{"href":"https:\/\/www.green-solutions.info\/es\/wp-json\/wp\/v2\/types\/page"}],"author":[{"embeddable":true,"href":"https:\/\/www.green-solutions.info\/es\/wp-json\/wp\/v2\/users\/1"}],"replies":[{"embeddable":true,"href":"https:\/\/www.green-solutions.info\/es\/wp-json\/wp\/v2\/comments?post=99841"}],"version-history":[{"count":0,"href":"https:\/\/www.green-solutions.info\/es\/wp-json\/wp\/v2\/pages\/99841\/revisions"}],"up":[{"embeddable":true,"href":"https:\/\/www.green-solutions.info\/es\/wp-json\/wp\/v2\/pages\/87375"}],"wp:attachment":[{"href":"https:\/\/www.green-solutions.info\/es\/wp-json\/wp\/v2\/media?parent=99841"}],"wp:term":[{"taxonomy":"category","embeddable":true,"href":"https:\/\/www.green-solutions.info\/es\/wp-json\/wp\/v2\/categories?post=99841"},{"taxonomy":"post_tag","embeddable":true,"href":"https:\/\/www.green-solutions.info\/es\/wp-json\/wp\/v2\/tags?post=99841"}],"curies":[{"name":"wp","href":"https:\/\/api.w.org\/{rel}","templated":true}]}}