{"id":99766,"date":"2012-02-16T15:09:02","date_gmt":"2012-02-16T14:09:02","guid":{"rendered":"https:\/\/www.green-solutions.info\/pie-de-imprenta\/"},"modified":"2025-02-15T14:51:40","modified_gmt":"2025-02-15T13:51:40","slug":"pie-de-imprenta","status":"publish","type":"page","link":"https:\/\/www.green-solutions.info\/es\/pie-de-imprenta\/","title":{"rendered":"Pie de imprenta"},"content":{"rendered":"<div class=\"wpb-content-wrapper\"><p>[vc_row full_width=\u00bbstretch_row_content_no_spaces\u00bb equal_height=\u00bbyes\u00bb css=\u00bb.vc_custom_1550842308747{margin-bottom: 0px !important;padding-bottom: 0px !important;}\u00bb][vc_column disable_custom_paddings_mobile=\u00bbtrue\u00bb css=\u00bb.vc_custom_1738074705275{padding-right: 190px !important;padding-left: 70px !important;background: #323236 url(https:\/\/www.green-solutions.info\/wp-content\/uploads\/2025\/01\/ourgreen-solutions-1.png?id=85038) !important;background-position: center !important;background-repeat: no-repeat !important;background-size: contain !important;}\u00bb offset=\u00bbvc_col-md-6 vc_col-sm-offset-0&#8243; el_class=\u00bbverticalPageTitle\u00bb]<div class=\"clearboth\"><\/div><style>#thegem-divider-69ee1c4b089c9 {margin-top: 85px !important;}<\/style><div id=\"thegem-divider-69ee1c4b089c9\" class=\"gem-divider  \" style=\"\" ><\/div><div class=\"clearboth\"><\/div><style>#thegem-divider-69ee1c4b08a4b {margin-top: 270px !important;}<\/style><div id=\"thegem-divider-69ee1c4b08a4b\" class=\"gem-divider  divider-hidden\" style=\"\" ><\/div>[vc_column_text css=\u00bb\u00bb css_animation=\u00bbbottom-to-top\u00bb]<\/p>\n<div class=\"title-xlarge\"><span style=\"color: #ffffff;\"><br \/>\nd<span style=\"color: #a8c307;\">raussen digital<\/span> Pie de imprenta<\/span><\/div>\n<p>[\/vc_column_text]<div class=\"clearboth\"><\/div><style>#thegem-divider-69ee1c4b08a98 {margin-top: 40px !important;}<\/style><div id=\"thegem-divider-69ee1c4b08a98\" class=\"gem-divider  \" style=\"\" ><\/div>[vc_column_text css=\u00bb\u00bb css_animation=\u00bbbottom-to-top\u00bb]<\/p>\n<div class=\"styled-subtitle\"><span style=\"color: #ffffff;\">\u00abQui\u00e9nes somos\u00bb.<\/span><\/div>\n<p>[\/vc_column_text]<div class=\"clearboth\"><\/div><style>#thegem-divider-69ee1c4b08aec {margin-top: 90px !important;}<\/style><div id=\"thegem-divider-69ee1c4b08aec\" class=\"gem-divider  \" style=\"\" ><\/div>[\/vc_column][vc_column css=\u00bb.vc_custom_1738074398062{background-image: url(https:\/\/www.green-solutions.info\/wp-content\/uploads\/2025\/01\/header_impressum.jpg?id=85022) !important;background-position: center !important;background-repeat: no-repeat !important;background-size: cover !important;}\u00bb offset=\u00bbvc_col-md-6&#8243;]<div class=\"clearboth\"><\/div><style>#thegem-divider-69ee1c4b08b4e {margin-top: 500px !important;}<\/style><div id=\"thegem-divider-69ee1c4b08b4e\" class=\"gem-divider  \" style=\"\" ><\/div>[\/vc_column][\/vc_row][vc_row][vc_column]<div class=\"clearboth\"><\/div><style>#thegem-divider-69ee1c4b08b98 {margin-top: 40px !important;}<\/style><div id=\"thegem-divider-69ee1c4b08b98\" class=\"gem-divider  \" style=\"\" ><\/div>[\/vc_column][\/vc_row][vc_row][vc_column][vc_column_text]<strong>green-solutions GmbH &amp; Co KG<\/strong><a title=\"ECG WKO  \" href=\"http:\/\/firmena-z.wko.at\/ecg.asp?MGID=2681086DBFA6C1EECA2D859988DA5BF7\" target=\"_blank\" rel=\"noopener noreferrer\"><br \/>\n<\/a><\/p>\n<p>Viehmarktplatz 6 82418 Murnau Alemania<\/p>\n<p>Tel\u00e9fono: +49 8841 4874011 Fax +49 (0)8841 4874012<\/p>\n<p>correo electr\u00f3nico: <a title=\"correo electr\u00f3nico\" href=\"mailto:office@green-solutions.info\" target=\"_blank\" rel=\"noopener noreferrer\">office@green-solutions.info<\/a><\/p>\n<p>&nbsp;<\/p>\n<p><strong><br \/>\n<\/strong><\/p>\n<p>Datos bancarios <strong><strong>generales<\/strong>: Vereinigte Sparkassen im Landkreis Weilheim i. OB N\u00famero de cuenta: 32259020 IBAN: DE77703510300032259020 BIC: BYLADEM1WHM<\/strong><\/p>\n<p>Otros: AG Munich HRA 101671 CIF DE293059173<\/p>\n<p>Socio personalmente responsable: Green-Solutions Verwaltungs-GmbH Director Gerente: Dipl.-Ing. Rainer Lampl<\/p>\n<p>&nbsp;<\/p>\n<p><strong>Condiciones generales<\/strong><\/p>\n<p><a href=\"https:\/\/www.green-solutions.info\/\/wp-content\/uploads\/2014\/03\/AGB.pdf\">AGB<\/a> (Necesitas <a title=\"Adobe Reader\" href=\"http:\/\/get.adobe.com\/de\/reader\/\" target=\"_blank\" rel=\"noopener noreferrer\">Adobe Reader<\/a> para verlo)<\/p>\n<p>&nbsp;<\/p>\n<p>&nbsp;<\/p>\n<p><strong><br \/>\nDise\u00f1o web:<\/strong> green-solutions<strong> <\/strong><\/p>\n<p><strong>Cr\u00e9ditos de las fotos:<\/strong><\/p>\n<p><i>\u00a9 auremar &#8211; Fotolia.com<\/i><br \/>\n<i>\u00a9 fotogestoeber &#8211; Fotolia.com<br \/>\n<i>\u00a9 Gina Sanders &#8211; Fotolia.com<\/i><br \/>\n<i>\u00a9 T. Michel &#8211; Fotolia.com<\/i><br \/>\n<i>\u00a9 style-photography.de &#8211; Fotolia.com<\/i><br \/>\n<i>\u00a9 SP-PIC &#8211; Fotolia.com<br \/>\n<\/i><i><i>\u00a9<\/i><\/i> Dynafit<br \/>\n<i><i>\u00a9<\/i><\/i> Amigos de la Naturaleza Austria<br \/>\n<i><i>\u00a9<\/i><\/i><br \/>\nKarl Posch, Sportconsult \u00a9 Marco Felgenhauer, Woidlife Photography<br \/>\n<i><i>\u00a9<\/i><\/i> David Sch\u00e4ffler<br \/>\n<i><i>\u00a9<\/i><\/i> Hannes Tietz<br \/>\n<i><i><i>\u00a9<\/i><\/i> Mario Billich<\/i><br \/>\n<i><i>\u00a9<\/i><\/i><\/p>\n<p>green-solutions \u00a9 Andreas Kern \u00a9 ARGE Mountainbike<br \/>\n<\/i><\/p>\n<p>&nbsp;<\/p>\n<p><strong>Explicaci\u00f3n<\/strong><\/p>\n<h2>Informaci\u00f3n seg\u00fan \u00a7 5 TMG:<\/h2>\n<p>green-solutions GmbH &amp; Co KG<br \/>\nViehmarktplatz 6<br \/>\n82418 Murnau<\/p>\n<h2>Representado por:<\/h2>\n<p>Rainer Lampl, Director General<\/p>\n<h2>Contacto:<\/h2>\n<p>Tel\u00e9fono: 00490884104874011<br \/>\nFax: 00490884104874012<br \/>\nCorreo electr\u00f3nico: office@green-solutions.info<\/p>\n<h2>Registra la entrada:<\/h2>\n<p>Inscripci\u00f3n en el registro mercantil.<br \/>\nTribunal de registro:Registro mercantil A M\u00fanich<br \/>\nN\u00famero de registro: HRA 101671<\/p>\n<h2>Impuesto sobre el valor a\u00f1adido:<\/h2>\n<p>N\u00famero de identificaci\u00f3n fiscal seg\u00fan el art\u00edculo 27 a de la ley del impuesto sobre las ventas:<br \/>\nDE293059173<\/p>\n<h2>Resoluci\u00f3n de conflictos<\/h2>\n<p>No estamos dispuestos ni obligados a participar en procedimientos de resoluci\u00f3n de litigios ante una junta de arbitraje de consumo.<\/p>\n<h3>Responsabilidad por el contenido<\/h3>\n<p>Como proveedor de servicios, somos responsables de nuestro propio contenido en estas p\u00e1ginas de acuerdo con el art\u00edculo 7 (1) de la TMG (Ley alemana de Telemedios) y la legislaci\u00f3n general. Sin embargo, seg\u00fan los \u00a7\u00a7 8 a 10 de la TMG, como proveedor de servicios no estamos obligados a controlar la informaci\u00f3n de terceros transmitida o almacenada, ni a investigar circunstancias que indiquen una actividad ilegal.  <\/p>\n<p>Esto no afecta a las obligaciones de eliminar o bloquear el uso de informaci\u00f3n de acuerdo con la legislaci\u00f3n general. Sin embargo, la responsabilidad a este respecto s\u00f3lo ser\u00e1 posible a partir del momento en que tengamos conocimiento de una infracci\u00f3n concreta. Tan pronto como tengamos conocimiento de tales infracciones, eliminaremos este contenido inmediatamente.  <\/p>\n<h3>Responsabilidad de los enlaces<\/h3>\n<p>Nuestro sitio web contiene enlaces a sitios web externos de terceros sobre cuyo contenido no tenemos ninguna influencia. Por lo tanto, no podemos aceptar ninguna responsabilidad por este contenido de terceros. El respectivo proveedor u operador de las p\u00e1ginas es siempre responsable del contenido de las p\u00e1ginas enlazadas. Las p\u00e1ginas enlazadas se comprobaron en el momento de enlazarlas para detectar posibles infracciones legales. Los contenidos ilegales no eran reconocibles en el momento de establecer el enlace.    <\/p>\n<p>Sin embargo, la supervisi\u00f3n permanente del contenido de las p\u00e1ginas enlazadas no es razonable sin pruebas concretas de una infracci\u00f3n. Si tenemos conocimiento de alguna infracci\u00f3n legal, eliminaremos dichos enlaces inmediatamente. <\/p>\n<h3>Derechos de autor<\/h3>\n<p>El contenido y las obras creadas por los operadores del sitio en estas p\u00e1ginas est\u00e1n sujetos a la legislaci\u00f3n alemana sobre derechos de autor. La duplicaci\u00f3n, procesamiento, distribuci\u00f3n y cualquier tipo de utilizaci\u00f3n fuera de los l\u00edmites de la ley de derechos de autor requieren el consentimiento por escrito del autor o creador respectivo. Las descargas y copias de este sitio s\u00f3lo est\u00e1n permitidas para uso privado y no comercial.  <\/p>\n<p>En la medida en que el contenido de este sitio no haya sido creado por el operador, se respetan los derechos de autor de terceros. En particular, el contenido de terceros est\u00e1 etiquetado como tal. No obstante, si tuvieras conocimiento de una infracci\u00f3n de los derechos de autor, te rogamos que nos lo comuniques. Si tenemos conocimiento de alguna infracci\u00f3n, eliminaremos dicho contenido inmediatamente.[\/vc_column_text][\/vc_column][\/vc_row]<\/p>\n<\/div>","protected":false},"excerpt":{"rendered":"<p>[vc_row full_width=\u00bbstretch_row_content_no_spaces\u00bb equal_height=\u00bbyes\u00bb css=\u00bb.vc_custom_1550842308747{margin-bottom: 0px !important;padding-bottom: 0px !important;}\u00bb][vc_column disable_custom_paddings_mobile=\u00bbtrue\u00bb css=\u00bb.vc_custom_1738074705275{padding-right: 190px !important;padding-left: 70px !important;background: #323236 url(https:\/\/www.green-solutions.info\/wp-content\/uploads\/2025\/01\/ourgreen-solutions-1.png?id=85038) !important;background-position: center !important;background-repeat: no-repeat&#8230;<\/p>\n","protected":false},"author":1,"featured_media":0,"parent":0,"menu_order":5,"comment_status":"closed","ping_status":"closed","template":"","meta":{"om_disable_all_campaigns":false,"_monsterinsights_skip_tracking":false,"_monsterinsights_sitenote_active":false,"_monsterinsights_sitenote_note":"","_monsterinsights_sitenote_category":0,"footnotes":""},"categories":[1286,1271,1272],"tags":[],"class_list":{"0":"post-99766","1":"page","2":"type-page","3":"status-publish","5":"category-diseno-2025","6":"category-diseno-2025-incompleto","7":"category-green-solutions-es"},"aioseo_notices":[],"_links":{"self":[{"href":"https:\/\/www.green-solutions.info\/es\/wp-json\/wp\/v2\/pages\/99766","targetHints":{"allow":["GET"]}}],"collection":[{"href":"https:\/\/www.green-solutions.info\/es\/wp-json\/wp\/v2\/pages"}],"about":[{"href":"https:\/\/www.green-solutions.info\/es\/wp-json\/wp\/v2\/types\/page"}],"author":[{"embeddable":true,"href":"https:\/\/www.green-solutions.info\/es\/wp-json\/wp\/v2\/users\/1"}],"replies":[{"embeddable":true,"href":"https:\/\/www.green-solutions.info\/es\/wp-json\/wp\/v2\/comments?post=99766"}],"version-history":[{"count":0,"href":"https:\/\/www.green-solutions.info\/es\/wp-json\/wp\/v2\/pages\/99766\/revisions"}],"wp:attachment":[{"href":"https:\/\/www.green-solutions.info\/es\/wp-json\/wp\/v2\/media?parent=99766"}],"wp:term":[{"taxonomy":"category","embeddable":true,"href":"https:\/\/www.green-solutions.info\/es\/wp-json\/wp\/v2\/categories?post=99766"},{"taxonomy":"post_tag","embeddable":true,"href":"https:\/\/www.green-solutions.info\/es\/wp-json\/wp\/v2\/tags?post=99766"}],"curies":[{"name":"wp","href":"https:\/\/api.w.org\/{rel}","templated":true}]}}