{"id":99465,"date":"2022-10-03T13:42:42","date_gmt":"2022-10-03T11:42:42","guid":{"rendered":"https:\/\/www.green-solutions.info\/datos-del-proyecto\/datos-del-proyecto-ciclista-weissenburg-gunzenhausen\/"},"modified":"2025-02-15T14:50:42","modified_gmt":"2025-02-15T13:50:42","slug":"datos-del-proyecto-ciclista-weissenburg-gunzenhausen","status":"publish","type":"page","link":"https:\/\/www.green-solutions.info\/es\/sobre-nosotros\/datos-del-proyecto\/datos-del-proyecto-ciclista-weissenburg-gunzenhausen\/","title":{"rendered":"Datos del proyecto ciclista Wei\u00dfenburg Gunzenhausen"},"content":{"rendered":"<div class=\"wpb-content-wrapper\"><p>[vc_row full_width=\u00bbstretch_row_content_no_spaces\u00bb equal_height=\u00bbyes\u00bb css=\u00bb.vc_custom_1736512494754{margin-bottom: 0px !important;padding-bottom: 0px !important;}\u00bb row_title=\u00bbHeader 2025 Projekte\u00bb][vc_column disable_custom_paddings_mobile=\u00bbtrue\u00bb css=\u00bb.vc_custom_1736511934506{padding-right: 190px !important;padding-left: 70px !important;background: #323236 url(https:\/\/www.green-solutions.info\/wp-content\/uploads\/2025\/01\/Ourgs.png?id=81156) !important;background-position: center !important;background-repeat: no-repeat !important;background-size: contain !important;}\u00bb offset=\u00bbvc_col-md-6 vc_col-sm-offset-0&#8243; el_class=\u00bbverticalPageTitle\u00bb]<div class=\"clearboth\"><\/div><style>#thegem-divider-69f40117bc36b {margin-top: 85px !important;}<\/style><div id=\"thegem-divider-69f40117bc36b\" class=\"gem-divider  \" style=\"\" ><\/div><div class=\"clearboth\"><\/div><style>#thegem-divider-69f40117bc3e2 {margin-top: 270px !important;}<\/style><div id=\"thegem-divider-69f40117bc3e2\" class=\"gem-divider  divider-hidden\" style=\"\" ><\/div>[vc_column_text css=\u00bb\u00bb css_animation=\u00bbbottom-to-top\u00bb]<\/p>\n<div class=\"title-xlarge\"><span style=\"color: #83bc1a;\">exterior digital<\/span><br \/><span style=\"color: #ffdf48;\"><span style=\"color: #ffffff;\">Datos del proyecto<br \/><\/span><\/span><\/div>\n<p>[\/vc_column_text]<div class=\"clearboth\"><\/div><style>#thegem-divider-69f40117bc41c {margin-top: 40px !important;}<\/style><div id=\"thegem-divider-69f40117bc41c\" class=\"gem-divider  \" style=\"\" ><\/div>[vc_column_text css=\u00bb\u00bb css_animation=\u00bbbottom-to-top\u00bb]<\/p>\n<div class=\"styled-subtitle\"><span style=\"color: #ffffff;\">Aqu\u00ed tienes acceso a los datos de tu proyecto.<\/span><\/div>\n<p>[\/vc_column_text]<div class=\"clearboth\"><\/div><style>#thegem-divider-69f40117bc44f {margin-top: 90px !important;}<\/style><div id=\"thegem-divider-69f40117bc44f\" class=\"gem-divider  \" style=\"\" ><\/div>[\/vc_column][vc_column css=\u00bb.vc_custom_1736506672358{background-image: url(https:\/\/www.green-solutions.info\/wp-content\/uploads\/2025\/01\/projekt-header.jpg?id=81124) !important;background-position: center !important;background-repeat: no-repeat !important;background-size: cover !important;}\u00bb offset=\u00bbvc_col-md-6&#8243;]<div class=\"clearboth\"><\/div><style>#thegem-divider-69f40117bc48a {margin-top: 500px !important;}<\/style><div id=\"thegem-divider-69f40117bc48a\" class=\"gem-divider  \" style=\"\" ><\/div>[\/vc_column][\/vc_row][vc_row][vc_column]<div class=\"clearboth\"><\/div><style>#thegem-divider-69f40117bc4b8 {margin-bottom: 40px !important;}<\/style><div id=\"thegem-divider-69f40117bc4b8\" class=\"gem-divider  \" style=\"\" ><\/div>[\/vc_column][\/vc_row][vc_row][vc_column width=\u00bb1\/4&#8243;][vc_single_image image=\u00bb39300&#8243;][\/vc_column][vc_column width=\u00bb3\/4&#8243;][vc_custom_heading text=\u00bbProyecto ciclista Wei\u00dfenburg Gunzenhausen\u00bb google_fonts=\u00bbfont_family:Montserrat%20UltraLight%3Aregular|font_style:400%20regular%3A400%3Anormal\u00bb][vc_column_text]Aqu\u00ed encontrar\u00e1s los documentos actuales sobre el estado del proyecto. La descarga est\u00e1 protegida por contrase\u00f1a. Puedes solicitar la contrase\u00f1a por correo electr\u00f3nico a rad-wug@green-solutions.info[\/vc_column_text][vc_separator][\/vc_column][\/vc_row][vc_row][vc_column width=\u00bb1\/4&#8243;][vc_column_text]<\/p>\n<h2>Febrero de 2024<\/h2>\n<p>Informaci\u00f3n sobre el trabajo en la red de rutas ciclistas<\/p>\n<p>Instrucciones para la aplicaci\u00f3n web<\/p>\n<p>Visi\u00f3n general del estado actual de la planificaci\u00f3n[\/vc_column_text][\/vc_column][vc_column width=\u00bb3\/4&#8243;][vc_column_text]<\/p>\n<h6><a href=\"https:\/\/www.green-solutions.info\/kontakt\/projektdaten\/wug\/projektdaten-radprojekt-wug-gemeinden-2024-02\/\"><span style=\"color: #0000ff;\">Descargar municipios de la zona \u21d2Descargar<\/span><\/a><\/h6>\n<p>[\/vc_column_text][vc_column_text]<\/p>\n<h6><a href=\"https:\/\/www.green-solutions.info\/kontakt\/projektdaten\/wug\/wug-lkr-uebersichten-2024-02\/\"><span style=\"color: #0000ff;\">Red de itinerarios ciclistas: Descargas panor\u00e1micas de los distritos<\/span><\/a><\/h6>\n<p>&nbsp;<\/p>\n<div class='w3eden wpdm_packages_shortcode'>\n    <div class=''>\n\n        \n        <div id=\"content_wpdm_package_1\">\n            <div class='row'><div class='col-lg-12 col-md-6 col-6'><!-- WPDM Link Template: Call to Action 3 -->\n\n<div class=\"well c2a3\">\n    <div class=\"media\">\n        <div class=\"mr-3\" align=\"left\">\n            <img class=\"wpdm_icon\" alt=\"Icono\"   src=\"https:\/\/www.green-solutions.info\/wp-content\/plugins\/download-manager\/assets\/file-type-icons\/pdf.png\" \/>\n        <\/div>\n        <div class=\"media-body\">\n            <h3 class=\"media-heading\" style=\"padding-top: 0px;border:0px;margin: 0 0 5px 0;font-size:12pt;\">\n                <a style=\"font-weight: 700\" href=\"https:\/\/www.green-solutions.info\/es\/download\/ihre-mithilfe-2024-02\/\">Ihre Mithilfe - Detaillierte Erl\u00e4uterungen zur Dateneinsicht & -kontrolle<\/a>\n                <span style=\"font-size:8pt;font-weight:300\" class=\"text-muted ml-4\">\n                    <i class=\"fas fa-hdd mr-1\"><\/i> 45.82 MB\n                    <i class=\"ml-3 far fa-arrow-alt-circle-down mr-1\"><\/i> 156 descargas\n                <\/span>\n            <\/h3>\n            ...\n        <\/div>\n        <div class=\"ml-3\" align=\"right\">\n            <a href='#unlock' class='wpdm-download-link wpdm-download-locked btn btn-primary btn-sm' data-package='79336'>Descargar<\/a>\n        <\/div>\n    <\/div>\n\n<\/div>\n<style>\n    .well.c2a3 .btn {\n        padding: 11px 30px;\n        font-size: 11pt;\n    }\n\n    .well.c2a3 .media-body {\n        font-size: 11pt;\n    }\n\n    .well.c2a3 .wpdm_icon {\n        height: 42px;\n        width: auto;\n    }<\/style>\n<\/div><div class='col-lg-12 col-md-6 col-6'><!-- WPDM Link Template: Call to Action 3 -->\n\n<div class=\"well c2a3\">\n    <div class=\"media\">\n        <div class=\"mr-3\" align=\"left\">\n            <img class=\"wpdm_icon\" alt=\"Icono\"   src=\"https:\/\/www.green-solutions.info\/wp-content\/plugins\/download-manager\/assets\/file-type-icons\/pdf.png\" \/>\n        <\/div>\n        <div class=\"media-body\">\n            <h3 class=\"media-heading\" style=\"padding-top: 0px;border:0px;margin: 0 0 5px 0;font-size:12pt;\">\n                <a style=\"font-weight: 700\" href=\"https:\/\/www.green-solutions.info\/es\/download\/anleitung-q-gis-cloud-2024-02\/\">Anleitung der Webanwendung zur Dateneinsicht via QGis-Cloud<\/a>\n                <span style=\"font-size:8pt;font-weight:300\" class=\"text-muted ml-4\">\n                    <i class=\"fas fa-hdd mr-1\"><\/i> 45.82 MB\n                    <i class=\"ml-3 far fa-arrow-alt-circle-down mr-1\"><\/i> 146 descargas\n                <\/span>\n            <\/h3>\n            ...\n        <\/div>\n        <div class=\"ml-3\" align=\"right\">\n            <a href='#unlock' class='wpdm-download-link wpdm-download-locked btn btn-primary btn-sm' data-package='79334'>Descargar<\/a>\n        <\/div>\n    <\/div>\n\n<\/div>\n<style>\n    .well.c2a3 .btn {\n        padding: 11px 30px;\n        font-size: 11pt;\n    }\n\n    .well.c2a3 .media-body {\n        font-size: 11pt;\n    }\n\n    .well.c2a3 .wpdm_icon {\n        height: 42px;\n        width: auto;\n    }<\/style>\n<\/div><div class='col-lg-12 col-md-6 col-6'><!-- WPDM Link Template: Call to Action 3 -->\n\n<div class=\"well c2a3\">\n    <div class=\"media\">\n        <div class=\"mr-3\" align=\"left\">\n            <img class=\"wpdm_icon\" alt=\"Icono\"   src=\"https:\/\/www.green-solutions.info\/wp-content\/plugins\/download-manager\/assets\/file-type-icons\/pdf.png\" \/>\n        <\/div>\n        <div class=\"media-body\">\n            <h3 class=\"media-heading\" style=\"padding-top: 0px;border:0px;margin: 0 0 5px 0;font-size:12pt;\">\n                <a style=\"font-weight: 700\" href=\"https:\/\/www.green-solutions.info\/es\/download\/freigabeformular-wug-2024-02\/\">Freigabeformular f\u00fcr Strecken der weiteren Beschilderungsplanung<\/a>\n                <span style=\"font-size:8pt;font-weight:300\" class=\"text-muted ml-4\">\n                    <i class=\"fas fa-hdd mr-1\"><\/i> 45.82 MB\n                    <i class=\"ml-3 far fa-arrow-alt-circle-down mr-1\"><\/i> 150 descargas\n                <\/span>\n            <\/h3>\n            ...\n        <\/div>\n        <div class=\"ml-3\" align=\"right\">\n            <a href='#unlock' class='wpdm-download-link wpdm-download-locked btn btn-primary btn-sm' data-package='79332'>Descargar<\/a>\n        <\/div>\n    <\/div>\n\n<\/div>\n<style>\n    .well.c2a3 .btn {\n        padding: 11px 30px;\n        font-size: 11pt;\n    }\n\n    .well.c2a3 .media-body {\n        font-size: 11pt;\n    }\n\n    .well.c2a3 .wpdm_icon {\n        height: 42px;\n        width: auto;\n    }<\/style>\n<\/div><\/div>            <div style='clear:both'><\/div><div class='text-center'><ul class='pagination wpdm-pagination pagination-centered text-center'><\/ul><\/div><div style='clear:both'><\/div>        <\/div>\n\n        <div style='clear:both'><\/div>\n    <\/div>\n<\/div>\n[\/vc_column_text][vc_separator][\/vc_column][\/vc_row][vc_row][vc_column width=\u00bb1\/4&#8243;][vc_column_text]<\/p>\n<h2>Septiembre de 2023<\/h2>\n<p>Informaci\u00f3n sobre el trabajo en la red de rutas ciclistas<\/p>\n<p>Resumen de la trama[\/vc_column_text][\/vc_column][vc_column width=\u00bb3\/4&#8243;][vc_column_text]<\/p>\n<h6><a href=\"https:\/\/www.green-solutions.info\/kontakt\/projektdaten\/wug\/projektdaten-radprojekt-wug-gemeinden-2023-09\/\"><span style=\"color: #0000ff;\">Descargar municipios de la zona \u21d2Descargar<\/span><\/a><\/h6>\n<p>[\/vc_column_text][vc_column_text]<\/p>\n<h6><a href=\"https:\/\/www.green-solutions.info\/kontakt\/projektdaten\/wug\/wug-lkr-uebersichten-2023-09\/\"><span style=\"color: #0000ff;\">Red de itinerarios ciclistas: Descargas panor\u00e1micas de los distritos<\/span><\/a><\/h6>\n<p>&nbsp;<\/p>\n<div class='w3eden wpdm_packages_shortcode'>\n    <div class=''>\n\n        \n        <div id=\"content_wpdm_package_2\">\n            <div class='row'><div class='col-lg-12 col-md-6 col-6'><!-- WPDM Link Template: Call to Action 3 -->\n\n<div class=\"well c2a3\">\n    <div class=\"media\">\n        <div class=\"mr-3\" align=\"left\">\n            <img class=\"wpdm_icon\" alt=\"Icono\"   src=\"https:\/\/www.green-solutions.info\/wp-content\/plugins\/download-manager\/assets\/file-type-icons\/pdf.png\" \/>\n        <\/div>\n        <div class=\"media-body\">\n            <h3 class=\"media-heading\" style=\"padding-top: 0px;border:0px;margin: 0 0 5px 0;font-size:12pt;\">\n                <a style=\"font-weight: 700\" href=\"https:\/\/www.green-solutions.info\/es\/download\/lk-wug-info-2023-09\/\">Information zur Dateneinsicht & Anleitung f\u00fcr Durchsicht<\/a>\n                <span style=\"font-size:8pt;font-weight:300\" class=\"text-muted ml-4\">\n                    <i class=\"fas fa-hdd mr-1\"><\/i> 45.82 MB\n                    <i class=\"ml-3 far fa-arrow-alt-circle-down mr-1\"><\/i> 140 descargas\n                <\/span>\n            <\/h3>\n            ...\n        <\/div>\n        <div class=\"ml-3\" align=\"right\">\n            <a href='#unlock' class='wpdm-download-link wpdm-download-locked btn btn-primary btn-sm' data-package='78455'>Descargar<\/a>\n        <\/div>\n    <\/div>\n\n<\/div>\n<style>\n    .well.c2a3 .btn {\n        padding: 11px 30px;\n        font-size: 11pt;\n    }\n\n    .well.c2a3 .media-body {\n        font-size: 11pt;\n    }\n\n    .well.c2a3 .wpdm_icon {\n        height: 42px;\n        width: auto;\n    }<\/style>\n<\/div><\/div>            <div style='clear:both'><\/div><div class='text-center'><ul class='pagination wpdm-pagination pagination-centered text-center'><\/ul><\/div><div style='clear:both'><\/div>        <\/div>\n\n        <div style='clear:both'><\/div>\n    <\/div>\n<\/div>\n[\/vc_column_text][vc_separator][\/vc_column][\/vc_row][vc_row][vc_column width=\u00bb1\/4&#8243;][vc_column_text]<\/p>\n<h2>Febrero de 2023<\/h2>\n<p>Presentaci\u00f3n de las reuniones comunitarias<\/p>\n<p>Red de rutas ciclistas[\/vc_column_text][\/vc_column][vc_column width=\u00bb3\/4&#8243;][vc_column_text]<\/p>\n<h6><a href=\"https:\/\/www.green-solutions.info\/kontakt\/projektdaten\/wug\/projektdaten-radprojekt-wug-fachbehoerden\/\"><span style=\"color: #0000ff;\">Red de itinerarios ciclistas: Descargar autoridades especializadas en la zona \u21d2Descargar<\/span><\/a><\/h6>\n<p>[\/vc_column_text][vc_column_text]<\/p>\n<h6><a href=\"https:\/\/www.green-solutions.info\/kontakt\/projektdaten\/wug\/projektdaten-radprojekt-wug-gemeindeplots_ergebnisse_gemeindebesprechungen\/\"><span style=\"color: #0000ff;\">Red de itinerarios ciclistas a nivel municipal (parcelas A0) \u21d2Descargar<\/span><\/a><\/h6>\n<div class='w3eden wpdm_packages_shortcode'>\n    <div class=''>\n\n        \n        <div id=\"content_wpdm_package_3\">\n            <div class='row'><div class='col-lg-12 col-md-6 col-6'><!-- WPDM Link Template: Call to Action 3 -->\n\n<div class=\"well c2a3\">\n    <div class=\"media\">\n        <div class=\"mr-3\" align=\"left\">\n            <img class=\"wpdm_icon\" alt=\"Icono\"   src=\"https:\/\/www.green-solutions.info\/wp-content\/plugins\/download-manager\/assets\/file-type-icons\/pdf.png\" \/>\n        <\/div>\n        <div class=\"media-body\">\n            <h3 class=\"media-heading\" style=\"padding-top: 0px;border:0px;margin: 0 0 5px 0;font-size:12pt;\">\n                <a style=\"font-weight: 700\" href=\"https:\/\/www.green-solutions.info\/es\/download\/anleitung-qgis-cloud\/\">Anleitung QGIS-Cloud Kartenansicht<\/a>\n                <span style=\"font-size:8pt;font-weight:300\" class=\"text-muted ml-4\">\n                    <i class=\"fas fa-hdd mr-1\"><\/i> 45.82 MB\n                    <i class=\"ml-3 far fa-arrow-alt-circle-down mr-1\"><\/i> 48 descargas\n                <\/span>\n            <\/h3>\n            ...\n        <\/div>\n        <div class=\"ml-3\" align=\"right\">\n            <a href='#unlock' class='wpdm-download-link wpdm-download-locked btn btn-primary btn-sm' data-package='40147'>Descargar<\/a>\n        <\/div>\n    <\/div>\n\n<\/div>\n<style>\n    .well.c2a3 .btn {\n        padding: 11px 30px;\n        font-size: 11pt;\n    }\n\n    .well.c2a3 .media-body {\n        font-size: 11pt;\n    }\n\n    .well.c2a3 .wpdm_icon {\n        height: 42px;\n        width: auto;\n    }<\/style>\n<\/div><div class='col-lg-12 col-md-6 col-6'><!-- WPDM Link Template: Call to Action 3 -->\n\n<div class=\"well c2a3\">\n    <div class=\"media\">\n        <div class=\"mr-3\" align=\"left\">\n            <img class=\"wpdm_icon\" alt=\"Icono\"   src=\"https:\/\/www.green-solutions.info\/wp-content\/plugins\/download-manager\/assets\/file-type-icons\/pdf.png\" \/>\n        <\/div>\n        <div class=\"media-body\">\n            <h3 class=\"media-heading\" style=\"padding-top: 0px;border:0px;margin: 0 0 5px 0;font-size:12pt;\">\n                <a style=\"font-weight: 700\" href=\"https:\/\/www.green-solutions.info\/es\/download\/kartenlegende-radwege-wug\/\">Kartenlegende<\/a>\n                <span style=\"font-size:8pt;font-weight:300\" class=\"text-muted ml-4\">\n                    <i class=\"fas fa-hdd mr-1\"><\/i> 45.82 MB\n                    <i class=\"ml-3 far fa-arrow-alt-circle-down mr-1\"><\/i> 95 descargas\n                <\/span>\n            <\/h3>\n            ...\n        <\/div>\n        <div class=\"ml-3\" align=\"right\">\n            <a href='#unlock' class='wpdm-download-link wpdm-download-locked btn btn-primary btn-sm' data-package='40137'>Descargar<\/a>\n        <\/div>\n    <\/div>\n\n<\/div>\n<style>\n    .well.c2a3 .btn {\n        padding: 11px 30px;\n        font-size: 11pt;\n    }\n\n    .well.c2a3 .media-body {\n        font-size: 11pt;\n    }\n\n    .well.c2a3 .wpdm_icon {\n        height: 42px;\n        width: auto;\n    }<\/style>\n<\/div><div class='col-lg-12 col-md-6 col-6'><!-- WPDM Link Template: Call to Action 3 -->\n\n<div class=\"well c2a3\">\n    <div class=\"media\">\n        <div class=\"mr-3\" align=\"left\">\n            <img class=\"wpdm_icon\" alt=\"Icono\"   src=\"https:\/\/www.green-solutions.info\/wp-content\/plugins\/download-manager\/assets\/file-type-icons\/pdf.png\" \/>\n        <\/div>\n        <div class=\"media-body\">\n            <h3 class=\"media-heading\" style=\"padding-top: 0px;border:0px;margin: 0 0 5px 0;font-size:12pt;\">\n                <a style=\"font-weight: 700\" href=\"https:\/\/www.green-solutions.info\/es\/download\/landkreis-wug-plots-01\/\">LK WUG Landkreis-Plots<\/a>\n                <span style=\"font-size:8pt;font-weight:300\" class=\"text-muted ml-4\">\n                    <i class=\"fas fa-hdd mr-1\"><\/i> 45.82 MB\n                    <i class=\"ml-3 far fa-arrow-alt-circle-down mr-1\"><\/i> 117 descargas\n                <\/span>\n            <\/h3>\n            ...\n        <\/div>\n        <div class=\"ml-3\" align=\"right\">\n            <a href='#unlock' class='wpdm-download-link wpdm-download-locked btn btn-primary btn-sm' data-package='40135'>Descargar<\/a>\n        <\/div>\n    <\/div>\n\n<\/div>\n<style>\n    .well.c2a3 .btn {\n        padding: 11px 30px;\n        font-size: 11pt;\n    }\n\n    .well.c2a3 .media-body {\n        font-size: 11pt;\n    }\n\n    .well.c2a3 .wpdm_icon {\n        height: 42px;\n        width: auto;\n    }<\/style>\n<\/div><div class='col-lg-12 col-md-6 col-6'><!-- WPDM Link Template: Call to Action 3 -->\n\n<div class=\"well c2a3\">\n    <div class=\"media\">\n        <div class=\"mr-3\" align=\"left\">\n            <img class=\"wpdm_icon\" alt=\"Icono\"   src=\"https:\/\/www.green-solutions.info\/wp-content\/plugins\/download-manager\/assets\/file-type-icons\/pdf.png\" \/>\n        <\/div>\n        <div class=\"media-body\">\n            <h3 class=\"media-heading\" style=\"padding-top: 0px;border:0px;margin: 0 0 5px 0;font-size:12pt;\">\n                <a style=\"font-weight: 700\" href=\"https:\/\/www.green-solutions.info\/es\/download\/ppt_gemeindebesprechungen\/\">Pr\u00e4sentation Gemeindebesprechungen<\/a>\n                <span style=\"font-size:8pt;font-weight:300\" class=\"text-muted ml-4\">\n                    <i class=\"fas fa-hdd mr-1\"><\/i> 45.82 MB\n                    <i class=\"ml-3 far fa-arrow-alt-circle-down mr-1\"><\/i> 107 descargas\n                <\/span>\n            <\/h3>\n            ...\n        <\/div>\n        <div class=\"ml-3\" align=\"right\">\n            <a href='#unlock' class='wpdm-download-link wpdm-download-locked btn btn-primary btn-sm' data-package='40029'>Descargar<\/a>\n        <\/div>\n    <\/div>\n\n<\/div>\n<style>\n    .well.c2a3 .btn {\n        padding: 11px 30px;\n        font-size: 11pt;\n    }\n\n    .well.c2a3 .media-body {\n        font-size: 11pt;\n    }\n\n    .well.c2a3 .wpdm_icon {\n        height: 42px;\n        width: auto;\n    }<\/style>\n<\/div><\/div>            <div style='clear:both'><\/div><div class='text-center'><ul class='pagination wpdm-pagination pagination-centered text-center'><\/ul><\/div><div style='clear:both'><\/div>        <\/div>\n\n        <div style='clear:both'><\/div>\n    <\/div>\n<\/div>\n[\/vc_column_text][vc_separator][\/vc_column][\/vc_row][vc_row][vc_column width=\u00bb1\/4&#8243;][vc_column_text]<\/p>\n<h2>Diciembre de 2022<\/h2>\n<p>Red de itinerarios ciclistas de base[\/vc_column_text][\/vc_column][vc_column width=\u00bb3\/4&#8243;][vc_column_text]<\/p>\n<h6><a href=\"https:\/\/www.green-solutions.info\/kontakt\/projektdaten\/wug\/projektdaten-radprojekt-wug-gemeindeplots\/\"><span style=\"color: #0000ff;\">Red de itinerarios ciclistas a nivel municipal (parcelas A0) \u21d2Descargar<\/span><\/a><\/h6>\n<div class='w3eden wpdm_packages_shortcode'>\n    <div class=''>\n\n        \n        <div id=\"content_wpdm_package_4\">\n            <div class='row'><div class='col-lg-12 col-md-6 col-6'><!-- WPDM Link Template: Call to Action 3 -->\n\n<div class=\"well c2a3\">\n    <div class=\"media\">\n        <div class=\"mr-3\" align=\"left\">\n            <img class=\"wpdm_icon\" alt=\"Icono\"   src=\"https:\/\/www.green-solutions.info\/wp-content\/plugins\/download-manager\/assets\/file-type-icons\/pdf.png\" \/>\n        <\/div>\n        <div class=\"media-body\">\n            <h3 class=\"media-heading\" style=\"padding-top: 0px;border:0px;margin: 0 0 5px 0;font-size:12pt;\">\n                <a style=\"font-weight: 700\" href=\"https:\/\/www.green-solutions.info\/es\/download\/landkreis-plots\/\">LK WUG Landkreis-Plots<\/a>\n                <span style=\"font-size:8pt;font-weight:300\" class=\"text-muted ml-4\">\n                    <i class=\"fas fa-hdd mr-1\"><\/i> 45.82 MB\n                    <i class=\"ml-3 far fa-arrow-alt-circle-down mr-1\"><\/i> 81 descargas\n                <\/span>\n            <\/h3>\n            ...\n        <\/div>\n        <div class=\"ml-3\" align=\"right\">\n            <a href='#unlock' class='wpdm-download-link wpdm-download-locked btn btn-primary btn-sm' data-package='39679'>Descargar<\/a>\n        <\/div>\n    <\/div>\n\n<\/div>\n<style>\n    .well.c2a3 .btn {\n        padding: 11px 30px;\n        font-size: 11pt;\n    }\n\n    .well.c2a3 .media-body {\n        font-size: 11pt;\n    }\n\n    .well.c2a3 .wpdm_icon {\n        height: 42px;\n        width: auto;\n    }<\/style>\n<\/div><div class='col-lg-12 col-md-6 col-6'><!-- WPDM Link Template: Call to Action 3 -->\n\n<div class=\"well c2a3\">\n    <div class=\"media\">\n        <div class=\"mr-3\" align=\"left\">\n            <img class=\"wpdm_icon\" alt=\"Icono\"   src=\"https:\/\/www.green-solutions.info\/wp-content\/plugins\/download-manager\/assets\/file-type-icons\/pdf.png\" \/>\n        <\/div>\n        <div class=\"media-body\">\n            <h3 class=\"media-heading\" style=\"padding-top: 0px;border:0px;margin: 0 0 5px 0;font-size:12pt;\">\n                <a style=\"font-weight: 700\" href=\"https:\/\/www.green-solutions.info\/es\/download\/kurzanleitung-radstrecken-wug\/\">Kurzanleitung zur Kontrolle & Erg\u00e4nzung des Radstreckennetzes<\/a>\n                <span style=\"font-size:8pt;font-weight:300\" class=\"text-muted ml-4\">\n                    <i class=\"fas fa-hdd mr-1\"><\/i> 45.82 MB\n                    <i class=\"ml-3 far fa-arrow-alt-circle-down mr-1\"><\/i> 56 descargas\n                <\/span>\n            <\/h3>\n            ...\n        <\/div>\n        <div class=\"ml-3\" align=\"right\">\n            <a href='#unlock' class='wpdm-download-link wpdm-download-locked btn btn-primary btn-sm' data-package='39618'>Descargar<\/a>\n        <\/div>\n    <\/div>\n\n<\/div>\n<style>\n    .well.c2a3 .btn {\n        padding: 11px 30px;\n        font-size: 11pt;\n    }\n\n    .well.c2a3 .media-body {\n        font-size: 11pt;\n    }\n\n    .well.c2a3 .wpdm_icon {\n        height: 42px;\n        width: auto;\n    }<\/style>\n<\/div><\/div>            <div style='clear:both'><\/div><div class='text-center'><ul class='pagination wpdm-pagination pagination-centered text-center'><\/ul><\/div><div style='clear:both'><\/div>        <\/div>\n\n        <div style='clear:both'><\/div>\n    <\/div>\n<\/div>\n[\/vc_column_text][vc_separator][\/vc_column][\/vc_row]<\/p>\n<\/div>","protected":false},"excerpt":{"rendered":"<p>[vc_row full_width=\u00bbstretch_row_content_no_spaces\u00bb equal_height=\u00bbyes\u00bb css=\u00bb.vc_custom_1736512494754{margin-bottom: 0px !important;padding-bottom: 0px !important;}\u00bb row_title=\u00bbHeader 2025 Projekte\u00bb][vc_column disable_custom_paddings_mobile=\u00bbtrue\u00bb css=\u00bb.vc_custom_1736511934506{padding-right: 190px !important;padding-left: 70px !important;background: #323236 url(https:\/\/www.green-solutions.info\/wp-content\/uploads\/2025\/01\/Ourgs.png?id=81156) !important;background-position:&#8230;<\/p>\n","protected":false},"author":1,"featured_media":0,"parent":98022,"menu_order":53,"comment_status":"closed","ping_status":"closed","template":"","meta":{"om_disable_all_campaigns":false,"_monsterinsights_skip_tracking":false,"_monsterinsights_sitenote_active":false,"_monsterinsights_sitenote_note":"","_monsterinsights_sitenote_category":0,"footnotes":""},"categories":[1286,1271,1272],"tags":[],"class_list":{"0":"post-99465","1":"page","2":"type-page","3":"status-publish","5":"category-diseno-2025","6":"category-diseno-2025-incompleto","7":"category-green-solutions-es"},"aioseo_notices":[],"_links":{"self":[{"href":"https:\/\/www.green-solutions.info\/es\/wp-json\/wp\/v2\/pages\/99465","targetHints":{"allow":["GET"]}}],"collection":[{"href":"https:\/\/www.green-solutions.info\/es\/wp-json\/wp\/v2\/pages"}],"about":[{"href":"https:\/\/www.green-solutions.info\/es\/wp-json\/wp\/v2\/types\/page"}],"author":[{"embeddable":true,"href":"https:\/\/www.green-solutions.info\/es\/wp-json\/wp\/v2\/users\/1"}],"replies":[{"embeddable":true,"href":"https:\/\/www.green-solutions.info\/es\/wp-json\/wp\/v2\/comments?post=99465"}],"version-history":[{"count":0,"href":"https:\/\/www.green-solutions.info\/es\/wp-json\/wp\/v2\/pages\/99465\/revisions"}],"up":[{"embeddable":true,"href":"https:\/\/www.green-solutions.info\/es\/wp-json\/wp\/v2\/pages\/98022"}],"wp:attachment":[{"href":"https:\/\/www.green-solutions.info\/es\/wp-json\/wp\/v2\/media?parent=99465"}],"wp:term":[{"taxonomy":"category","embeddable":true,"href":"https:\/\/www.green-solutions.info\/es\/wp-json\/wp\/v2\/categories?post=99465"},{"taxonomy":"post_tag","embeddable":true,"href":"https:\/\/www.green-solutions.info\/es\/wp-json\/wp\/v2\/tags?post=99465"}],"curies":[{"name":"wp","href":"https:\/\/api.w.org\/{rel}","templated":true}]}}