{"id":97831,"date":"2014-02-24T00:41:23","date_gmt":"2014-02-23T23:41:23","guid":{"rendered":"https:\/\/www.green-solutions.info\/contacta-con-nosotros\/fechas\/"},"modified":"2025-02-15T14:44:35","modified_gmt":"2025-02-15T13:44:35","slug":"fechas","status":"publish","type":"page","link":"https:\/\/www.green-solutions.info\/es\/sobre-nosotros\/contacta-con-nosotros\/fechas\/","title":{"rendered":"Fechas"},"content":{"rendered":"<div class=\"wpb-content-wrapper\"><p>[vc_row full_width=\u00bbstretch_row_content_no_spaces\u00bb equal_height=\u00bbyes\u00bb css=\u00bb.vc_custom_1548442690034{margin-bottom: 0px !important;padding-bottom: 0px !important;}\u00bb][vc_column disable_custom_paddings_mobile=\u00bbtrue\u00bb css=\u00bb.vc_custom_1738075120330{padding-right: 190px !important;padding-left: 70px !important;background: #323236 url(https:\/\/www.green-solutions.info\/wp-content\/uploads\/2025\/01\/ourgreen-solutions-1.png?id=85038) !important;background-position: center !important;background-repeat: no-repeat !important;background-size: contain !important;}\u00bb offset=\u00bbvc_col-md-6 vc_col-sm-offset-0&#8243; el_class=\u00bbverticalPageTitle\u00bb]<div class=\"clearboth\"><\/div><style>#thegem-divider-69ee1dc2147dc {margin-top: 85px !important;}<\/style><div id=\"thegem-divider-69ee1dc2147dc\" class=\"gem-divider  \" style=\"\" ><\/div><div class=\"clearboth\"><\/div><style>#thegem-divider-69ee1dc21484a {margin-top: 270px !important;}<\/style><div id=\"thegem-divider-69ee1dc21484a\" class=\"gem-divider  divider-hidden\" style=\"\" ><\/div>[vc_column_text css=\u00bb\u00bb css_animation=\u00bbbottom-to-top\u00bb]<\/p>\n<div class=\"title-xlarge\"><span style=\"color: #83bc1a;\">exterior digital<\/span><br \/>\n<span style=\"color: #ffffff;\"><br \/>\nAgencia de servicios integrales de exterior<\/span><\/div>\n<p>[\/vc_column_text]<div class=\"clearboth\"><\/div><style>#thegem-divider-69ee1dc214881 {margin-top: 40px !important;}<\/style><div id=\"thegem-divider-69ee1dc214881\" class=\"gem-divider  \" style=\"\" ><\/div>[vc_column_text css=\u00bb.vc_custom_1738023576596{padding-right: 50px !important;}\u00bb css_animation=\u00bbbottom-to-top\u00bb]<\/p>\n<div class=\"styled-subtitle\"><span style=\"color: #ffffff;\">Desarrollamos soluciones contempor\u00e1neas y sostenibles para la interacci\u00f3n entre tecnolog\u00eda, turismo y conservaci\u00f3n de la naturaleza.<\/span><\/div>\n<p>[\/vc_column_text]<div class=\"clearboth\"><\/div><style>#thegem-divider-69ee1dc2148af {margin-top: 90px !important;}<\/style><div id=\"thegem-divider-69ee1dc2148af\" class=\"gem-divider  \" style=\"\" ><\/div>[\/vc_column][vc_column css=\u00bb.vc_custom_1738098861348{background-image: url(https:\/\/www.green-solutions.info\/wp-content\/uploads\/2025\/01\/header_termine-1.jpg?id=85103) !important;background-position: center !important;background-repeat: no-repeat !important;background-size: cover !important;}\u00bb offset=\u00bbvc_col-md-6&#8243;]<div class=\"clearboth\"><\/div><style>#thegem-divider-69ee1dc2148e8 {margin-top: 500px !important;}<\/style><div id=\"thegem-divider-69ee1dc2148e8\" class=\"gem-divider  \" style=\"\" ><\/div>[\/vc_column][\/vc_row][vc_row][vc_column width=\u00bb1\/6&#8243;][\/vc_column][vc_column width=\u00bb2\/3&#8243;]<div class=\"clearboth\"><\/div><style>#thegem-divider-69ee1dc214914 {margin-top: 30px !important;}<\/style><div id=\"thegem-divider-69ee1dc214914\" class=\"gem-divider  \" style=\"\" ><\/div>[vc_column_text css=\u00bb\u00bb][vc_raw_html css=\u00bb\u00bb]CjxpZnJhbWUgZnJhbWVib3JkZXI9IjAiIHN0eWxlPSJoZWlnaHQ6IDE1MDBweDsgb3ZlcmZsb3c6c2Nyb2xsOyB3aWR0aDogMTAwJSIgc3JjPSJodHRwczovL2dyZWVuLXNvbHV0aW9ucy5zZXRtb3JlLmNvbS8iIG1hcmdpbmhlaWdodD0iMCIgbWFyZ2lud2lkdGg9IjAiIHNjcm9sbGluZz0ibm8iIGFsbG93dHJhbnNwYXJlbmN5PSJ0cnVlIj48L2lmcmFtZT4=[\/vc_raw_html][\/vc_column_text]<div class=\"clearboth\"><\/div><style>#thegem-divider-69ee1dc21493d {margin-bottom: 30px !important;}<\/style><div id=\"thegem-divider-69ee1dc21493d\" class=\"gem-divider  \" style=\"\" ><\/div>[\/vc_column][vc_column width=\u00bb1\/6&#8243;][\/vc_column][\/vc_row]<\/p>\n<\/div>","protected":false},"excerpt":{"rendered":"<p>[vc_row full_width=\u00bbstretch_row_content_no_spaces\u00bb equal_height=\u00bbyes\u00bb css=\u00bb.vc_custom_1548442690034{margin-bottom: 0px !important;padding-bottom: 0px !important;}\u00bb][vc_column disable_custom_paddings_mobile=\u00bbtrue\u00bb css=\u00bb.vc_custom_1738075120330{padding-right: 190px !important;padding-left: 70px !important;background: #323236 url(https:\/\/www.green-solutions.info\/wp-content\/uploads\/2025\/01\/ourgreen-solutions-1.png?id=85038) !important;background-position: center !important;background-repeat: no-repeat&#8230;<\/p>\n","protected":false},"author":1,"featured_media":0,"parent":87567,"menu_order":29,"comment_status":"closed","ping_status":"closed","template":"","meta":{"om_disable_all_campaigns":false,"_monsterinsights_skip_tracking":false,"_monsterinsights_sitenote_active":false,"_monsterinsights_sitenote_note":"","_monsterinsights_sitenote_category":0,"footnotes":""},"categories":[1286,1271,1272],"tags":[],"class_list":{"0":"post-97831","1":"page","2":"type-page","3":"status-publish","5":"category-diseno-2025","6":"category-diseno-2025-incompleto","7":"category-green-solutions-es"},"aioseo_notices":[],"_links":{"self":[{"href":"https:\/\/www.green-solutions.info\/es\/wp-json\/wp\/v2\/pages\/97831","targetHints":{"allow":["GET"]}}],"collection":[{"href":"https:\/\/www.green-solutions.info\/es\/wp-json\/wp\/v2\/pages"}],"about":[{"href":"https:\/\/www.green-solutions.info\/es\/wp-json\/wp\/v2\/types\/page"}],"author":[{"embeddable":true,"href":"https:\/\/www.green-solutions.info\/es\/wp-json\/wp\/v2\/users\/1"}],"replies":[{"embeddable":true,"href":"https:\/\/www.green-solutions.info\/es\/wp-json\/wp\/v2\/comments?post=97831"}],"version-history":[{"count":0,"href":"https:\/\/www.green-solutions.info\/es\/wp-json\/wp\/v2\/pages\/97831\/revisions"}],"up":[{"embeddable":true,"href":"https:\/\/www.green-solutions.info\/es\/wp-json\/wp\/v2\/pages\/87567"}],"wp:attachment":[{"href":"https:\/\/www.green-solutions.info\/es\/wp-json\/wp\/v2\/media?parent=97831"}],"wp:term":[{"taxonomy":"category","embeddable":true,"href":"https:\/\/www.green-solutions.info\/es\/wp-json\/wp\/v2\/categories?post=97831"},{"taxonomy":"post_tag","embeddable":true,"href":"https:\/\/www.green-solutions.info\/es\/wp-json\/wp\/v2\/tags?post=97831"}],"curies":[{"name":"wp","href":"https:\/\/api.w.org\/{rel}","templated":true}]}}