{"id":87292,"date":"2024-08-08T15:06:53","date_gmt":"2024-08-08T13:06:53","guid":{"rendered":"https:\/\/www.green-solutions.info\/datos-del-proyecto-ciclista-arberland-aprobacion-de-la-senalizacion\/"},"modified":"2025-02-15T14:45:08","modified_gmt":"2025-02-15T13:45:08","slug":"datos-del-proyecto-ciclista-arberland-aprobacion-de-la-senalizacion","status":"publish","type":"page","link":"https:\/\/www.green-solutions.info\/es\/sobre-nosotros\/datos-del-proyecto\/datos-del-proyecto-ciclista-arberland-aprobacion-de-la-senalizacion\/","title":{"rendered":"Datos del proyecto ciclista Arberland Aprobaci\u00f3n de la se\u00f1alizaci\u00f3n"},"content":{"rendered":"<div class=\"wpb-content-wrapper\"><p>[vc_row][vc_column width=\u00bb1\/4&#8243;][vc_single_image image=\u00bb39295&#8243;][\/vc_column][vc_column width=\u00bb3\/4&#8243;][vc_custom_heading font_container=\u00bbtag:h1|text_align:left\u00bb google_fonts=\u00bbfont_family:Montserrat%20UltraLight%3Aregular|font_style:400%20regular%3A400%3Anormal\u00bb text=\u00bbProyecto ciclista Arberland\u00bb][vc_separator][\/vc_column][\/vc_row][vc_row][vc_column width=\u00bb1\/4&#8243;][vc_column_text css=\u00bb\u00bb]<\/p>\n<h2 class=\"title-h2\"><strong>Agosto de 2024<\/strong><\/h2>\n<p>PDF de ubicaci\u00f3n para la aprobaci\u00f3n de la se\u00f1alizaci\u00f3n[\/vc_column_text][\/vc_column][vc_column width=\u00bb3\/4&#8243;][vc_custom_heading google_fonts=\u00bbfont_family:Montserrat%20UltraLight%3Aregular|font_style:400%20regular%3A400%3Anormal\u00bb text=\u00bbParcelas municipales para la aprobaci\u00f3n del acceso\u00bb][vc_column_text css=\u00bb\u00bb]Los archivos PDF contienen todas las ubicaciones de las se\u00f1ales del municipio correspondiente de la red de rutas ciclistas cotidianas y de ocio del distrito de Regen. En cada ubicaci\u00f3n hay fotos, as\u00ed como las se\u00f1ales y los correspondientes transportistas indicados. Por favor, comprueba las se\u00f1ales en los lugares respectivos. Con tus comentarios confirmas el plan de se\u00f1alizaci\u00f3n. Si tienes alguna petici\u00f3n de cambio, estaremos encantados de llevarla a cabo.[\/vc_column_text][vc_column_text css=\u00bb\u00bb]<div class='w3eden wpdm_packages_shortcode'>\n    <div class=''>\n\n        \n        <div id=\"content_wpdm_package_1\">\n            <div class='row'><div class='col-lg-12 col-md-6 col-6'><!-- WPDM Link Template: Call to Action 3 -->\n\n<div class=\"well c2a3\">\n    <div class=\"media\">\n        <div class=\"mr-3\" align=\"left\">\n            <img class=\"wpdm_icon\" alt=\"Icono\"   src=\"https:\/\/www.green-solutions.info\/wp-content\/plugins\/download-manager\/assets\/file-type-icons\/pdf.png\" \/>\n        <\/div>\n        <div class=\"media-body\">\n            <h3 class=\"media-heading\" style=\"padding-top: 0px;border:0px;margin: 0 0 5px 0;font-size:12pt;\">\n                <a style=\"font-weight: 700\" href=\"https:\/\/www.green-solutions.info\/es\/download\/achslach-so-pdf\/\">Achslach<\/a>\n                <span style=\"font-size:8pt;font-weight:300\" class=\"text-muted ml-4\">\n                    <i class=\"fas fa-hdd mr-1\"><\/i> 15.44 MB\n                    <i class=\"ml-3 far fa-arrow-alt-circle-down mr-1\"><\/i> 2 descargas\n                <\/span>\n            <\/h3>\n            ...\n        <\/div>\n        <div class=\"ml-3\" align=\"right\">\n            <a href='#unlock' class='wpdm-download-link wpdm-download-locked btn btn-primary btn-sm' data-package='79561'>Descargar<\/a>\n        <\/div>\n    <\/div>\n\n<\/div>\n<style>\n    .well.c2a3 .btn {\n        padding: 11px 30px;\n        font-size: 11pt;\n    }\n\n    .well.c2a3 .media-body {\n        font-size: 11pt;\n    }\n\n    .well.c2a3 .wpdm_icon {\n        height: 42px;\n        width: auto;\n    }<\/style>\n<\/div><div class='col-lg-12 col-md-6 col-6'><!-- WPDM Link Template: Call to Action 3 -->\n\n<div class=\"well c2a3\">\n    <div class=\"media\">\n        <div class=\"mr-3\" align=\"left\">\n            <img class=\"wpdm_icon\" alt=\"Icono\"   src=\"https:\/\/www.green-solutions.info\/wp-content\/plugins\/download-manager\/assets\/file-type-icons\/pdf.png\" \/>\n        <\/div>\n        <div class=\"media-body\">\n            <h3 class=\"media-heading\" style=\"padding-top: 0px;border:0px;margin: 0 0 5px 0;font-size:12pt;\">\n                <a style=\"font-weight: 700\" href=\"https:\/\/www.green-solutions.info\/es\/download\/arnbruck-so-pdf\/\">Arnbruck<\/a>\n                <span style=\"font-size:8pt;font-weight:300\" class=\"text-muted ml-4\">\n                    <i class=\"fas fa-hdd mr-1\"><\/i> 33.44 MB\n                    <i class=\"ml-3 far fa-arrow-alt-circle-down mr-1\"><\/i> 2 descargas\n                <\/span>\n            <\/h3>\n            ...\n        <\/div>\n        <div class=\"ml-3\" align=\"right\">\n            <a href='#unlock' class='wpdm-download-link wpdm-download-locked btn btn-primary btn-sm' data-package='79560'>Descargar<\/a>\n        <\/div>\n    <\/div>\n\n<\/div>\n<style>\n    .well.c2a3 .btn {\n        padding: 11px 30px;\n        font-size: 11pt;\n    }\n\n    .well.c2a3 .media-body {\n        font-size: 11pt;\n    }\n\n    .well.c2a3 .wpdm_icon {\n        height: 42px;\n        width: auto;\n    }<\/style>\n<\/div><div class='col-lg-12 col-md-6 col-6'><!-- WPDM Link Template: Call to Action 3 -->\n\n<div class=\"well c2a3\">\n    <div class=\"media\">\n        <div class=\"mr-3\" align=\"left\">\n            <img class=\"wpdm_icon\" alt=\"Icono\"   src=\"https:\/\/www.green-solutions.info\/wp-content\/plugins\/download-manager\/assets\/file-type-icons\/pdf.png\" \/>\n        <\/div>\n        <div class=\"media-body\">\n            <h3 class=\"media-heading\" style=\"padding-top: 0px;border:0px;margin: 0 0 5px 0;font-size:12pt;\">\n                <a style=\"font-weight: 700\" href=\"https:\/\/www.green-solutions.info\/es\/download\/bay-eisenstein-so-pdf\/\">Bay. Eisenstein<\/a>\n                <span style=\"font-size:8pt;font-weight:300\" class=\"text-muted ml-4\">\n                    <i class=\"fas fa-hdd mr-1\"><\/i> 33.09 MB\n                    <i class=\"ml-3 far fa-arrow-alt-circle-down mr-1\"><\/i> 2 descargas\n                <\/span>\n            <\/h3>\n            ...\n        <\/div>\n        <div class=\"ml-3\" align=\"right\">\n            <a href='#unlock' class='wpdm-download-link wpdm-download-locked btn btn-primary btn-sm' data-package='79558'>Descargar<\/a>\n        <\/div>\n    <\/div>\n\n<\/div>\n<style>\n    .well.c2a3 .btn {\n        padding: 11px 30px;\n        font-size: 11pt;\n    }\n\n    .well.c2a3 .media-body {\n        font-size: 11pt;\n    }\n\n    .well.c2a3 .wpdm_icon {\n        height: 42px;\n        width: auto;\n    }<\/style>\n<\/div><div class='col-lg-12 col-md-6 col-6'><!-- WPDM Link Template: Call to Action 3 -->\n\n<div class=\"well c2a3\">\n    <div class=\"media\">\n        <div class=\"mr-3\" align=\"left\">\n            <img class=\"wpdm_icon\" alt=\"Icono\"   src=\"https:\/\/www.green-solutions.info\/wp-content\/plugins\/download-manager\/assets\/file-type-icons\/pdf.png\" \/>\n        <\/div>\n        <div class=\"media-body\">\n            <h3 class=\"media-heading\" style=\"padding-top: 0px;border:0px;margin: 0 0 5px 0;font-size:12pt;\">\n                <a style=\"font-weight: 700\" href=\"https:\/\/www.green-solutions.info\/es\/download\/bischofsmais-so-pdf\/\">Bischofsmais<\/a>\n                <span style=\"font-size:8pt;font-weight:300\" class=\"text-muted ml-4\">\n                    <i class=\"fas fa-hdd mr-1\"><\/i> 20.71 MB\n                    <i class=\"ml-3 far fa-arrow-alt-circle-down mr-1\"><\/i>  descargas\n                <\/span>\n            <\/h3>\n            ...\n        <\/div>\n        <div class=\"ml-3\" align=\"right\">\n            <a href='#unlock' class='wpdm-download-link wpdm-download-locked btn btn-primary btn-sm' data-package='79557'>Descargar<\/a>\n        <\/div>\n    <\/div>\n\n<\/div>\n<style>\n    .well.c2a3 .btn {\n        padding: 11px 30px;\n        font-size: 11pt;\n    }\n\n    .well.c2a3 .media-body {\n        font-size: 11pt;\n    }\n\n    .well.c2a3 .wpdm_icon {\n        height: 42px;\n        width: auto;\n    }<\/style>\n<\/div><div class='col-lg-12 col-md-6 col-6'><!-- WPDM Link Template: Call to Action 3 -->\n\n<div class=\"well c2a3\">\n    <div class=\"media\">\n        <div class=\"mr-3\" align=\"left\">\n            <img class=\"wpdm_icon\" alt=\"Icono\"   src=\"https:\/\/www.green-solutions.info\/wp-content\/plugins\/download-manager\/assets\/file-type-icons\/pdf.png\" \/>\n        <\/div>\n        <div class=\"media-body\">\n            <h3 class=\"media-heading\" style=\"padding-top: 0px;border:0px;margin: 0 0 5px 0;font-size:12pt;\">\n                <a style=\"font-weight: 700\" href=\"https:\/\/www.green-solutions.info\/es\/download\/bodenmais-so-pdf\/\">Bodenmais<\/a>\n                <span style=\"font-size:8pt;font-weight:300\" class=\"text-muted ml-4\">\n                    <i class=\"fas fa-hdd mr-1\"><\/i> 29.25 MB\n                    <i class=\"ml-3 far fa-arrow-alt-circle-down mr-1\"><\/i> 2 descargas\n                <\/span>\n            <\/h3>\n            ...\n        <\/div>\n        <div class=\"ml-3\" align=\"right\">\n            <a href='#unlock' class='wpdm-download-link wpdm-download-locked btn btn-primary btn-sm' data-package='79556'>Descargar<\/a>\n        <\/div>\n    <\/div>\n\n<\/div>\n<style>\n    .well.c2a3 .btn {\n        padding: 11px 30px;\n        font-size: 11pt;\n    }\n\n    .well.c2a3 .media-body {\n        font-size: 11pt;\n    }\n\n    .well.c2a3 .wpdm_icon {\n        height: 42px;\n        width: auto;\n    }<\/style>\n<\/div><div class='col-lg-12 col-md-6 col-6'><!-- WPDM Link Template: Call to Action 3 -->\n\n<div class=\"well c2a3\">\n    <div class=\"media\">\n        <div class=\"mr-3\" align=\"left\">\n            <img class=\"wpdm_icon\" alt=\"Icono\"   src=\"https:\/\/www.green-solutions.info\/wp-content\/plugins\/download-manager\/assets\/file-type-icons\/pdf.png\" \/>\n        <\/div>\n        <div class=\"media-body\">\n            <h3 class=\"media-heading\" style=\"padding-top: 0px;border:0px;margin: 0 0 5px 0;font-size:12pt;\">\n                <a style=\"font-weight: 700\" href=\"https:\/\/www.green-solutions.info\/es\/download\/boebrach-so-pdf\/\">B\u00f6brach<\/a>\n                <span style=\"font-size:8pt;font-weight:300\" class=\"text-muted ml-4\">\n                    <i class=\"fas fa-hdd mr-1\"><\/i> 15.85 MB\n                    <i class=\"ml-3 far fa-arrow-alt-circle-down mr-1\"><\/i> 1 descargas\n                <\/span>\n            <\/h3>\n            ...\n        <\/div>\n        <div class=\"ml-3\" align=\"right\">\n            <a href='#unlock' class='wpdm-download-link wpdm-download-locked btn btn-primary btn-sm' data-package='79555'>Descargar<\/a>\n        <\/div>\n    <\/div>\n\n<\/div>\n<style>\n    .well.c2a3 .btn {\n        padding: 11px 30px;\n        font-size: 11pt;\n    }\n\n    .well.c2a3 .media-body {\n        font-size: 11pt;\n    }\n\n    .well.c2a3 .wpdm_icon {\n        height: 42px;\n        width: auto;\n    }<\/style>\n<\/div><div class='col-lg-12 col-md-6 col-6'><!-- WPDM Link Template: Call to Action 3 -->\n\n<div class=\"well c2a3\">\n    <div class=\"media\">\n        <div class=\"mr-3\" align=\"left\">\n            <img class=\"wpdm_icon\" alt=\"Icono\"   src=\"https:\/\/www.green-solutions.info\/wp-content\/plugins\/download-manager\/assets\/file-type-icons\/pdf.png\" \/>\n        <\/div>\n        <div class=\"media-body\">\n            <h3 class=\"media-heading\" style=\"padding-top: 0px;border:0px;margin: 0 0 5px 0;font-size:12pt;\">\n                <a style=\"font-weight: 700\" href=\"https:\/\/www.green-solutions.info\/es\/download\/drachselsried-so-pdf\/\">Drachselsried<\/a>\n                <span style=\"font-size:8pt;font-weight:300\" class=\"text-muted ml-4\">\n                    <i class=\"fas fa-hdd mr-1\"><\/i> 48.76 MB\n                    <i class=\"ml-3 far fa-arrow-alt-circle-down mr-1\"><\/i>  descargas\n                <\/span>\n            <\/h3>\n            ...\n        <\/div>\n        <div class=\"ml-3\" align=\"right\">\n            <a href='#unlock' class='wpdm-download-link wpdm-download-locked btn btn-primary btn-sm' data-package='79554'>Descargar<\/a>\n        <\/div>\n    <\/div>\n\n<\/div>\n<style>\n    .well.c2a3 .btn {\n        padding: 11px 30px;\n        font-size: 11pt;\n    }\n\n    .well.c2a3 .media-body {\n        font-size: 11pt;\n    }\n\n    .well.c2a3 .wpdm_icon {\n        height: 42px;\n        width: auto;\n    }<\/style>\n<\/div><div class='col-lg-12 col-md-6 col-6'><!-- WPDM Link Template: Call to Action 3 -->\n\n<div class=\"well c2a3\">\n    <div class=\"media\">\n        <div class=\"mr-3\" align=\"left\">\n            <img class=\"wpdm_icon\" alt=\"Icono\"   src=\"https:\/\/www.green-solutions.info\/wp-content\/plugins\/download-manager\/assets\/file-type-icons\/pdf.png\" \/>\n        <\/div>\n        <div class=\"media-body\">\n            <h3 class=\"media-heading\" style=\"padding-top: 0px;border:0px;margin: 0 0 5px 0;font-size:12pt;\">\n                <a style=\"font-weight: 700\" href=\"https:\/\/www.green-solutions.info\/es\/download\/frauenau-so-pdf\/\">Frauenau<\/a>\n                <span style=\"font-size:8pt;font-weight:300\" class=\"text-muted ml-4\">\n                    <i class=\"fas fa-hdd mr-1\"><\/i> 44.29 MB\n                    <i class=\"ml-3 far fa-arrow-alt-circle-down mr-1\"><\/i>  descargas\n                <\/span>\n            <\/h3>\n            ...\n        <\/div>\n        <div class=\"ml-3\" align=\"right\">\n            <a href='#unlock' class='wpdm-download-link wpdm-download-locked btn btn-primary btn-sm' data-package='79553'>Descargar<\/a>\n        <\/div>\n    <\/div>\n\n<\/div>\n<style>\n    .well.c2a3 .btn {\n        padding: 11px 30px;\n        font-size: 11pt;\n    }\n\n    .well.c2a3 .media-body {\n        font-size: 11pt;\n    }\n\n    .well.c2a3 .wpdm_icon {\n        height: 42px;\n        width: auto;\n    }<\/style>\n<\/div><div class='col-lg-12 col-md-6 col-6'><!-- WPDM Link Template: Call to Action 3 -->\n\n<div class=\"well c2a3\">\n    <div class=\"media\">\n        <div class=\"mr-3\" align=\"left\">\n            <img class=\"wpdm_icon\" alt=\"Icono\"   src=\"https:\/\/www.green-solutions.info\/wp-content\/plugins\/download-manager\/assets\/file-type-icons\/pdf.png\" \/>\n        <\/div>\n        <div class=\"media-body\">\n            <h3 class=\"media-heading\" style=\"padding-top: 0px;border:0px;margin: 0 0 5px 0;font-size:12pt;\">\n                <a style=\"font-weight: 700\" href=\"https:\/\/www.green-solutions.info\/es\/download\/geiersthal-so-pdf\/\">Geiersthal<\/a>\n                <span style=\"font-size:8pt;font-weight:300\" class=\"text-muted ml-4\">\n                    <i class=\"fas fa-hdd mr-1\"><\/i> 30.14 MB\n                    <i class=\"ml-3 far fa-arrow-alt-circle-down mr-1\"><\/i> 1 descargas\n                <\/span>\n            <\/h3>\n            ...\n        <\/div>\n        <div class=\"ml-3\" align=\"right\">\n            <a href='#unlock' class='wpdm-download-link wpdm-download-locked btn btn-primary btn-sm' data-package='79552'>Descargar<\/a>\n        <\/div>\n    <\/div>\n\n<\/div>\n<style>\n    .well.c2a3 .btn {\n        padding: 11px 30px;\n        font-size: 11pt;\n    }\n\n    .well.c2a3 .media-body {\n        font-size: 11pt;\n    }\n\n    .well.c2a3 .wpdm_icon {\n        height: 42px;\n        width: auto;\n    }<\/style>\n<\/div><div class='col-lg-12 col-md-6 col-6'><!-- WPDM Link Template: Call to Action 3 -->\n\n<div class=\"well c2a3\">\n    <div class=\"media\">\n        <div class=\"mr-3\" align=\"left\">\n            <img class=\"wpdm_icon\" alt=\"Icono\"   src=\"https:\/\/www.green-solutions.info\/wp-content\/plugins\/download-manager\/assets\/file-type-icons\/pdf.png\" \/>\n        <\/div>\n        <div class=\"media-body\">\n            <h3 class=\"media-heading\" style=\"padding-top: 0px;border:0px;margin: 0 0 5px 0;font-size:12pt;\">\n                <a style=\"font-weight: 700\" href=\"https:\/\/www.green-solutions.info\/es\/download\/gotteszell-so-pdf\/\">Gotteszell<\/a>\n                <span style=\"font-size:8pt;font-weight:300\" class=\"text-muted ml-4\">\n                    <i class=\"fas fa-hdd mr-1\"><\/i> 10.23 MB\n                    <i class=\"ml-3 far fa-arrow-alt-circle-down mr-1\"><\/i>  descargas\n                <\/span>\n            <\/h3>\n            ...\n        <\/div>\n        <div class=\"ml-3\" align=\"right\">\n            <a href='#unlock' class='wpdm-download-link wpdm-download-locked btn btn-primary btn-sm' data-package='79551'>Descargar<\/a>\n        <\/div>\n    <\/div>\n\n<\/div>\n<style>\n    .well.c2a3 .btn {\n        padding: 11px 30px;\n        font-size: 11pt;\n    }\n\n    .well.c2a3 .media-body {\n        font-size: 11pt;\n    }\n\n    .well.c2a3 .wpdm_icon {\n        height: 42px;\n        width: auto;\n    }<\/style>\n<\/div><\/div>            <div style='clear:both'><\/div><div class='text-center'><ul class='pagination wpdm-pagination pagination-centered text-center'><li><span aria-current=\"page\" class=\"page-numbers current\">1<\/span><\/li><li><a  data-container='#content_wpdm_package_1' class=\"page-numbers\" href=\"https:\/\/www.green-solutions.info\/es\/wp-json\/wp\/v2\/pages\/87292\/?cp=2\">2<\/a><\/li><li><a  data-container='#content_wpdm_package_1' class=\"page-numbers\" href=\"https:\/\/www.green-solutions.info\/es\/wp-json\/wp\/v2\/pages\/87292\/?cp=3\">3<\/a><\/li><li><a  data-container='#content_wpdm_package_1' class=\"next page-numbers\" href=\"https:\/\/www.green-solutions.info\/es\/wp-json\/wp\/v2\/pages\/87292\/?cp=2\"> <i style=\"display: inline-block;width: 8px;height: 8px;border-right: 2px solid;border-top: 2px solid;transform: rotate(45deg);margin-left: -2px;margin-top: -2px;\"><\/i> <\/a><\/li><\/ul><\/div><div style='clear:both'><\/div>        <\/div>\n\n        <div style='clear:both'><\/div>\n    <\/div>\n<\/div>\n[\/vc_column_text][vc_separator][\/vc_column][\/vc_row]<\/p>\n<\/div>","protected":false},"excerpt":{"rendered":"<p>[vc_row][vc_column width=\u00bb1\/4&#8243;][vc_single_image image=\u00bb39295&#8243;][\/vc_column][vc_column width=\u00bb3\/4&#8243;][vc_custom_heading font_container=\u00bbtag:h1|text_align:left\u00bb google_fonts=\u00bbfont_family:Montserrat%20UltraLight%3Aregular|font_style:400%20regular%3A400%3Anormal\u00bb text=\u00bbProyecto ciclista Arberland\u00bb][vc_separator][\/vc_column][\/vc_row][vc_row][vc_column width=\u00bb1\/4&#8243;][vc_column_text css=\u00bb\u00bb] Agosto de 2024 PDF de ubicaci\u00f3n para la aprobaci\u00f3n&#8230;<\/p>\n","protected":false},"author":21,"featured_media":0,"parent":98022,"menu_order":43,"comment_status":"closed","ping_status":"closed","template":"","meta":{"om_disable_all_campaigns":false,"_monsterinsights_skip_tracking":false,"_monsterinsights_sitenote_active":false,"_monsterinsights_sitenote_note":"","_monsterinsights_sitenote_category":0,"footnotes":""},"categories":[1286,1271,1272],"tags":[],"class_list":{"0":"post-87292","1":"page","2":"type-page","3":"status-publish","5":"category-diseno-2025","6":"category-diseno-2025-incompleto","7":"category-green-solutions-es"},"aioseo_notices":[],"_links":{"self":[{"href":"https:\/\/www.green-solutions.info\/es\/wp-json\/wp\/v2\/pages\/87292","targetHints":{"allow":["GET"]}}],"collection":[{"href":"https:\/\/www.green-solutions.info\/es\/wp-json\/wp\/v2\/pages"}],"about":[{"href":"https:\/\/www.green-solutions.info\/es\/wp-json\/wp\/v2\/types\/page"}],"author":[{"embeddable":true,"href":"https:\/\/www.green-solutions.info\/es\/wp-json\/wp\/v2\/users\/21"}],"replies":[{"embeddable":true,"href":"https:\/\/www.green-solutions.info\/es\/wp-json\/wp\/v2\/comments?post=87292"}],"version-history":[{"count":0,"href":"https:\/\/www.green-solutions.info\/es\/wp-json\/wp\/v2\/pages\/87292\/revisions"}],"up":[{"embeddable":true,"href":"https:\/\/www.green-solutions.info\/es\/wp-json\/wp\/v2\/pages\/98022"}],"wp:attachment":[{"href":"https:\/\/www.green-solutions.info\/es\/wp-json\/wp\/v2\/media?parent=87292"}],"wp:term":[{"taxonomy":"category","embeddable":true,"href":"https:\/\/www.green-solutions.info\/es\/wp-json\/wp\/v2\/categories?post=87292"},{"taxonomy":"post_tag","embeddable":true,"href":"https:\/\/www.green-solutions.info\/es\/wp-json\/wp\/v2\/tags?post=87292"}],"curies":[{"name":"wp","href":"https:\/\/api.w.org\/{rel}","templated":true}]}}