{"id":87142,"date":"2023-12-14T23:14:16","date_gmt":"2023-12-14T22:14:16","guid":{"rendered":"https:\/\/www.green-solutions.info\/eliminar-cuenta-tourinfra\/"},"modified":"2025-02-15T13:53:49","modified_gmt":"2025-02-15T12:53:49","slug":"eliminar-cuenta-tourinfra","status":"publish","type":"page","link":"https:\/\/www.green-solutions.info\/es\/servicios-y-soluciones\/tourinfra\/eliminar-cuenta-tourinfra\/","title":{"rendered":"eliminar cuenta tourinfra"},"content":{"rendered":"<div class=\"wpb-content-wrapper\"><p>[vc_row full_width=\u00bbstretch_row_content_no_spaces\u00bb equal_height=\u00bbyes\u00bb css=\u00bb.vc_custom_1736513464651{margin-bottom: 0px !important;padding-bottom: 0px !important;}\u00bb row_title=\u00bbHeader 2025 GS-TEAM\u00bb][vc_column disable_custom_paddings_mobile=\u00bbtrue\u00bb css=\u00bb.vc_custom_1736501496344{padding-right: 190px !important;padding-left: 70px !important;background: #323236 url(https:\/\/www.green-solutions.info\/wp-content\/uploads\/2025\/01\/OurTeamTitle.png?id=81090) !important;background-position: center !important;background-repeat: no-repeat !important;background-size: contain !important;}\u00bb offset=\u00bbvc_col-md-6 vc_col-sm-offset-0&#8243; el_class=\u00bbverticalPageTitle\u00bb]<div class=\"clearboth\"><\/div><style>#thegem-divider-69f5b0ffcfb2f {margin-top: 85px !important;}<\/style><div id=\"thegem-divider-69f5b0ffcfb2f\" class=\"gem-divider  \" style=\"\" ><\/div><div class=\"clearboth\"><\/div><style>#thegem-divider-69f5b0ffcfbfb {margin-top: 270px !important;}<\/style><div id=\"thegem-divider-69f5b0ffcfbfb\" class=\"gem-divider  divider-hidden\" style=\"\" ><\/div>[vc_column_text css=\u00bb\u00bb css_animation=\u00bbbottom-to-top\u00bb]<\/p>\n<div class=\"title-xlarge\"><span style=\"color: #83bc1a;\">fuera de digital<\/span><br \/>\n<span style=\"color: #ffffff;\">Eliminar cuenta<\/span><\/div>\n<p>[\/vc_column_text]<div class=\"clearboth\"><\/div><style>#thegem-divider-69f5b0ffcfc63 {margin-top: 40px !important;}<\/style><div id=\"thegem-divider-69f5b0ffcfc63\" class=\"gem-divider  \" style=\"\" ><\/div>[vc_column_text css=\u00bb\u00bb css_animation=\u00bbbottom-to-top\u00bb]<\/p>\n<div class=\"styled-subtitle\">\n<p><span style=\"color: #ffffff;\">Planificamos senderos, desarrollamos productos digitales y dise\u00f1amos mapas para vivir experiencias inolvidables al aire libre.<\/span><\/p>\n<\/div>\n<p>[\/vc_column_text]<div class=\"clearboth\"><\/div><style>#thegem-divider-69f5b0ffcfca1 {margin-top: 90px !important;}<\/style><div id=\"thegem-divider-69f5b0ffcfca1\" class=\"gem-divider  \" style=\"\" ><\/div>[\/vc_column][vc_column css=\u00bb.vc_custom_1736516745728{background-image: url(https:\/\/www.green-solutions.info\/wp-content\/uploads\/2025\/01\/header_team.jpg?id=81179) !important;background-position: center !important;background-repeat: no-repeat !important;background-size: cover !important;}\u00bb offset=\u00bbvc_col-md-6&#8243;]<div class=\"clearboth\"><\/div><style>#thegem-divider-69f5b0ffcfce6 {margin-top: 500px !important;}<\/style><div id=\"thegem-divider-69f5b0ffcfce6\" class=\"gem-divider  \" style=\"\" ><\/div>[\/vc_column][\/vc_row][vc_row css=\u00bb.vc_custom_1452215418532{padding-top: 10px !important;padding-bottom: 10px !important;background-position: center !important;background-repeat: no-repeat !important;background-size: cover !important;}\u00bb][vc_column width=\u00bb1\/2&#8243;][vc_single_image image=\u00bb78786&#8243; img_size=\u00bb560*420&#8243; onclick=\u00bblink_image\u00bb][\/vc_column][vc_column width=\u00bb1\/2&#8243;][vc_custom_heading text=\u00bbPuedes eliminar tu cuenta de tourinfra\u00bb font_container=\u00bbtag:h2|text_align:left|color:%23595959&#8243; use_theme_fonts=\u00bbyes\u00bb][vc_column_text]<strong><br \/>\nVe a:<\/strong><strong><strong>www.tourinfra.com. <\/strong>Accede all\u00ed con los datos de tu cuenta.<\/strong>[\/vc_column_text][\/vc_column][\/vc_row][vc_row full_width=\u00bbstretch_row\u00bb css=\u00bb.vc_custom_1738062605110{padding-top: 10px !important;padding-bottom: 10px !important;background-color: #F0F3F2 !important;background-position: center !important;background-repeat: no-repeat !important;background-size: cover !important;}\u00bb][vc_column width=\u00bb1\/2&#8243;][vc_custom_heading text=\u00bbCuadro de mandos\u00bb font_container=\u00bbtag:h2|text_align:left|color:%23595959&#8243; use_theme_fonts=\u00bbyes\u00bb][vc_column_text css=\u00bb.vc_custom_1702594980213{margin-right: 20px !important;}\u00bb]Despu\u00e9s de iniciar sesi\u00f3n, se te dirigir\u00e1 al panel de control. A continuaci\u00f3n, haz clic en tu perfil.[\/vc_column_text][\/vc_column][vc_column width=\u00bb1\/2&#8243;][vc_single_image image=\u00bb78793&#8243; img_size=\u00bb560*420&#8243; onclick=\u00bblink_image\u00bb][\/vc_column][\/vc_row][vc_row css=\u00bb.vc_custom_1452215418532{padding-top: 10px !important;padding-bottom: 10px !important;background-position: center !important;background-repeat: no-repeat !important;background-size: cover !important;}\u00bb][vc_column width=\u00bb1\/2&#8243;][vc_single_image image=\u00bb78802&#8243; img_size=\u00bb560*420&#8243; onclick=\u00bblink_image\u00bb][\/vc_column][vc_column width=\u00bb1\/2&#8243;][vc_custom_heading text=\u00bbEliminar la cuenta\u00bb font_container=\u00bbtag:h2|text_align:left|color:%23595959&#8243; use_theme_fonts=\u00bbyes\u00bb][vc_column_text]Ve al \u00e1rea de tu perfil y haz clic en <strong>\u00abEliminar\u00bb. <\/strong>Confirma el siguiente di\u00e1logo con <strong>\u00abS\u00ed\u00bb <\/strong>. Tu cuenta se eliminar\u00e1 y se cerrar\u00e1 tu sesi\u00f3n en el sistema.[\/vc_column_text][\/vc_column][\/vc_row]<\/p>\n<\/div>","protected":false},"excerpt":{"rendered":"<p>[vc_row full_width=\u00bbstretch_row_content_no_spaces\u00bb equal_height=\u00bbyes\u00bb css=\u00bb.vc_custom_1736513464651{margin-bottom: 0px !important;padding-bottom: 0px !important;}\u00bb row_title=\u00bbHeader 2025 GS-TEAM\u00bb][vc_column disable_custom_paddings_mobile=\u00bbtrue\u00bb css=\u00bb.vc_custom_1736501496344{padding-right: 190px !important;padding-left: 70px !important;background: #323236 url(https:\/\/www.green-solutions.info\/wp-content\/uploads\/2025\/01\/OurTeamTitle.png?id=81090) !important;background-position:&#8230;<\/p>\n","protected":false},"author":1,"featured_media":0,"parent":87490,"menu_order":15,"comment_status":"closed","ping_status":"closed","template":"","meta":{"om_disable_all_campaigns":false,"_monsterinsights_skip_tracking":false,"_monsterinsights_sitenote_active":false,"_monsterinsights_sitenote_note":"","_monsterinsights_sitenote_category":0,"footnotes":""},"categories":[1286,1272],"tags":[],"class_list":{"0":"post-87142","1":"page","2":"type-page","3":"status-publish","5":"category-diseno-2025","6":"category-green-solutions-es"},"aioseo_notices":[],"_links":{"self":[{"href":"https:\/\/www.green-solutions.info\/es\/wp-json\/wp\/v2\/pages\/87142","targetHints":{"allow":["GET"]}}],"collection":[{"href":"https:\/\/www.green-solutions.info\/es\/wp-json\/wp\/v2\/pages"}],"about":[{"href":"https:\/\/www.green-solutions.info\/es\/wp-json\/wp\/v2\/types\/page"}],"author":[{"embeddable":true,"href":"https:\/\/www.green-solutions.info\/es\/wp-json\/wp\/v2\/users\/1"}],"replies":[{"embeddable":true,"href":"https:\/\/www.green-solutions.info\/es\/wp-json\/wp\/v2\/comments?post=87142"}],"version-history":[{"count":0,"href":"https:\/\/www.green-solutions.info\/es\/wp-json\/wp\/v2\/pages\/87142\/revisions"}],"up":[{"embeddable":true,"href":"https:\/\/www.green-solutions.info\/es\/wp-json\/wp\/v2\/pages\/87490"}],"wp:attachment":[{"href":"https:\/\/www.green-solutions.info\/es\/wp-json\/wp\/v2\/media?parent=87142"}],"wp:term":[{"taxonomy":"category","embeddable":true,"href":"https:\/\/www.green-solutions.info\/es\/wp-json\/wp\/v2\/categories?post=87142"},{"taxonomy":"post_tag","embeddable":true,"href":"https:\/\/www.green-solutions.info\/es\/wp-json\/wp\/v2\/tags?post=87142"}],"curies":[{"name":"wp","href":"https:\/\/api.w.org\/{rel}","templated":true}]}}